{"id":1140,"date":"2019-04-08T11:32:10","date_gmt":"2019-04-08T14:32:10","guid":{"rendered":"https:\/\/iesparana-ers.infd.edu.ar\/sitio\/?page_id=1140"},"modified":"2020-10-28T00:22:03","modified_gmt":"2020-10-28T03:22:03","slug":"proyecto-institucional-alfabetizacion-academica","status":"publish","type":"page","link":"https:\/\/iesparana-ers.infd.edu.ar\/sitio\/proyecto-institucional-alfabetizacion-academica\/","title":{"rendered":"Proyecto Nuevos Escenarios de la Educaci\u00f3n F\u00edsica"},"content":{"rendered":"<div class=\"kvgmc6g5 cxmmr5t8 oygrvhab hcukyx3x c1et5uql ii04i59q\">\n<div dir=\"auto\">\u00a0 \u00a0 \u00a0 \u00a0 \u00a0 \u00a0 \u00a0El IESP, junto a la Coordinaci\u00f3n de las Pr\u00e1cticas Docentes, invita a ser parte de una instancia de Formaci\u00f3n Docente, en el campo de la Educaci\u00f3n F\u00edsica, entendiendo al mismo como un campo de acci\u00f3n social y pol\u00edtica, asumiendo el compromiso con la formaci\u00f3n permanente de docentes, co-formadores y estudiantes.<\/div>\n<\/div>\n<div class=\"o9v6fnle cxmmr5t8 oygrvhab hcukyx3x c1et5uql ii04i59q\">\n<div dir=\"auto\">Esta instancia de capacitaci\u00f3n estar\u00e1 a cargo de los profesores Lucas Guiller\u00f3n, Sonia Hoet y Erika Espelosin.<\/div>\n<\/div>\n<h3>INSCRICI\u00d3N: Desde el 22 al 27 de Octubre de 2020.<span style=\"color: #339966;\"><strong> (luego del cierre de la <span style=\"font-size: 18.72px;\">inscripci\u00f3n<\/span>\u00a0recibir\u00e1n v\u00eda mail el nombre de usuario y clave de acceso al aula virtual de cursado)<\/strong><\/span><\/h3>\n<h3><strong>COMIENZO:\u00a0 \u00a028 de O<\/strong><strong>ctubre de 2020.<\/strong><\/h3>\n<h3><strong>Link: <\/strong>Cerrado<\/h3>\n<p><img decoding=\"async\" loading=\"lazy\" class=\"alignnone wp-image-1736\" src=\"https:\/\/iesparana-ers.infd.edu.ar\/sitio\/wp-content\/uploads\/2020\/10\/aaaaa-706x1000.jpeg\" alt=\"\" width=\"963\" height=\"1364\" srcset=\"https:\/\/iesparana-ers.infd.edu.ar\/sitio\/wp-content\/uploads\/2020\/10\/aaaaa-706x1000.jpeg 706w, https:\/\/iesparana-ers.infd.edu.ar\/sitio\/wp-content\/uploads\/2020\/10\/aaaaa-768x1087.jpeg 768w, https:\/\/iesparana-ers.infd.edu.ar\/sitio\/wp-content\/uploads\/2020\/10\/aaaaa.jpeg 904w\" sizes=\"(max-width: 963px) 100vw, 963px\" \/><\/p>\n<p>&nbsp;<\/p>\n","protected":false},"excerpt":{"rendered":"<p>\u00a0 \u00a0 \u00a0 \u00a0 \u00a0 \u00a0 \u00a0El IESP, junto a la Coordinaci\u00f3n de las Pr\u00e1cticas Docentes, invita a ser parte de una instancia de Formaci\u00f3n Docente, en el campo de la Educaci\u00f3n F\u00edsica, entendiendo al mismo como un campo de acci\u00f3n social y pol\u00edtica, asumiendo el compromiso con la formaci\u00f3n permanente de docentes, co-formadores y &#8230; <a title=\"Proyecto Nuevos Escenarios de la Educaci\u00f3n F\u00edsica\" class=\"read-more\" href=\"https:\/\/iesparana-ers.infd.edu.ar\/sitio\/proyecto-institucional-alfabetizacion-academica\/\" aria-label=\"More on Proyecto Nuevos Escenarios de la Educaci\u00f3n F\u00edsica\">[+]<\/a><\/p>\n","protected":false},"author":23,"featured_media":0,"parent":0,"menu_order":0,"comment_status":"closed","ping_status":"closed","template":"","meta":[],"acf":[],"_links":{"self":[{"href":"https:\/\/iesparana-ers.infd.edu.ar\/sitio\/wp-json\/wp\/v2\/pages\/1140"}],"collection":[{"href":"https:\/\/iesparana-ers.infd.edu.ar\/sitio\/wp-json\/wp\/v2\/pages"}],"about":[{"href":"https:\/\/iesparana-ers.infd.edu.ar\/sitio\/wp-json\/wp\/v2\/types\/page"}],"author":[{"embeddable":true,"href":"https:\/\/iesparana-ers.infd.edu.ar\/sitio\/wp-json\/wp\/v2\/users\/23"}],"replies":[{"embeddable":true,"href":"https:\/\/iesparana-ers.infd.edu.ar\/sitio\/wp-json\/wp\/v2\/comments?post=1140"}],"version-history":[{"count":29,"href":"https:\/\/iesparana-ers.infd.edu.ar\/sitio\/wp-json\/wp\/v2\/pages\/1140\/revisions"}],"predecessor-version":[{"id":1742,"href":"https:\/\/iesparana-ers.infd.edu.ar\/sitio\/wp-json\/wp\/v2\/pages\/1140\/revisions\/1742"}],"wp:attachment":[{"href":"https:\/\/iesparana-ers.infd.edu.ar\/sitio\/wp-json\/wp\/v2\/media?parent=1140"}],"curies":[{"name":"wp","href":"https:\/\/api.w.org\/{rel}","templated":true}]}}