{"id":1350,"date":"2019-07-18T09:42:23","date_gmt":"2019-07-18T12:42:23","guid":{"rendered":"https:\/\/iesparana-ers.infd.edu.ar\/sitio\/?page_id=1350"},"modified":"2019-07-21T09:23:06","modified_gmt":"2019-07-21T12:23:06","slug":"bajas-mesas","status":"publish","type":"page","link":"https:\/\/iesparana-ers.infd.edu.ar\/sitio\/bajas-mesas\/","title":{"rendered":"BAJAS MESAS"},"content":{"rendered":"<p style=\"text-align: center;\"><strong>BAJAS MESAS<\/strong><\/p>\n<p>PARA DAR DE BAJA UNA O TODAS LAS MATERIAS DEL PRIMER LLAMADO EN QUE SE INSCRIBI\u00d3 INGRESAR AL LINK SEG\u00daN CORRESPONDA AL PLAN QUE CURSA Y SELECCIONAR LA MATERIA A LA CUAL NO ASISTIR\u00c1. <b>TIENEN TIEMPO DESDE EL JUEVES 18 AL S\u00c1BADO\u00a020 DE JULIO<\/b><\/p>\n<p>Plan Nuevo:\u00a0<strong>INSCRIPCION CERRADA <\/strong><\/p>\n<p>Plan Viejo:\u00a0<strong>INSCRIPCION CERRADA <\/strong><\/p>\n","protected":false},"excerpt":{"rendered":"<p>BAJAS MESAS PARA DAR DE BAJA UNA O TODAS LAS MATERIAS DEL PRIMER LLAMADO EN QUE SE INSCRIBI\u00d3 INGRESAR AL LINK SEG\u00daN CORRESPONDA AL PLAN QUE CURSA Y SELECCIONAR LA MATERIA A LA CUAL NO ASISTIR\u00c1. TIENEN TIEMPO DESDE EL JUEVES 18 AL S\u00c1BADO\u00a020 DE JULIO Plan Nuevo:\u00a0INSCRIPCION CERRADA Plan Viejo:\u00a0INSCRIPCION CERRADA<\/p>\n","protected":false},"author":23,"featured_media":0,"parent":0,"menu_order":0,"comment_status":"closed","ping_status":"closed","template":"","meta":[],"acf":[],"_links":{"self":[{"href":"https:\/\/iesparana-ers.infd.edu.ar\/sitio\/wp-json\/wp\/v2\/pages\/1350"}],"collection":[{"href":"https:\/\/iesparana-ers.infd.edu.ar\/sitio\/wp-json\/wp\/v2\/pages"}],"about":[{"href":"https:\/\/iesparana-ers.infd.edu.ar\/sitio\/wp-json\/wp\/v2\/types\/page"}],"author":[{"embeddable":true,"href":"https:\/\/iesparana-ers.infd.edu.ar\/sitio\/wp-json\/wp\/v2\/users\/23"}],"replies":[{"embeddable":true,"href":"https:\/\/iesparana-ers.infd.edu.ar\/sitio\/wp-json\/wp\/v2\/comments?post=1350"}],"version-history":[{"count":3,"href":"https:\/\/iesparana-ers.infd.edu.ar\/sitio\/wp-json\/wp\/v2\/pages\/1350\/revisions"}],"predecessor-version":[{"id":1355,"href":"https:\/\/iesparana-ers.infd.edu.ar\/sitio\/wp-json\/wp\/v2\/pages\/1350\/revisions\/1355"}],"wp:attachment":[{"href":"https:\/\/iesparana-ers.infd.edu.ar\/sitio\/wp-json\/wp\/v2\/media?parent=1350"}],"curies":[{"name":"wp","href":"https:\/\/api.w.org\/{rel}","templated":true}]}}