{"id":1488,"date":"2019-11-05T20:38:52","date_gmt":"2019-11-05T23:38:52","guid":{"rendered":"https:\/\/iesparana-ers.infd.edu.ar\/sitio\/?page_id=1488"},"modified":"2020-02-29T09:27:55","modified_gmt":"2020-02-29T12:27:55","slug":"mesas-noviembre-diciembre-2019","status":"publish","type":"page","link":"https:\/\/iesparana-ers.infd.edu.ar\/sitio\/mesas-noviembre-diciembre-2019\/","title":{"rendered":"MESAS \u00abFEBRERO &#8211; MARZO 2020\u00bb"},"content":{"rendered":"<p>Del mi\u00e9rcoles <strong><span style=\"color: #ff0000;\">12 al viernes 14 de febrero se habilitar\u00e1 la inscripci\u00f3n para el primer llamado<\/span><\/strong> de ex\u00e1menes que se desarrollar\u00e1 desde el martes 18 hasta el miercoles 26 de febrero, en tanto, <strong><span style=\"color: #ff0000;\">desde el mi\u00e9rcoles 26 al viernes 28 de febrero se habilitar\u00e1 la inscripci\u00f3n para el segundo llamado<\/span><\/strong> de ex\u00e1menes del turno febrero \u2013 marzo, que se desarrollar\u00e1 desde el lunes 2 hasta el viernes 6 de marzo de 2020.<\/p>\n<p><span style=\"color: #ff0000;\"><span style=\"color: #000000;\"><strong>2do llamado<\/strong>\u00a0<\/span><b style=\"color: #ff0000;\">Link Plan Nuevo: \u00abcerrado\u00bb<\/b><\/span><\/p>\n<p><span style=\"color: #ff0000;\"><strong><span style=\"color: #000000;\">2do llamado<\/span>\u00a0Link Plan Viejo:\u00a0<b style=\"color: #ff0000;\">\u00abcerrado\u00bb<\/b><\/strong><\/span><\/p>\n<p><b>Organizaci\u00f3n:\u00a0<\/b><\/p>\n<p><img decoding=\"async\" loading=\"lazy\" class=\"alignnone wp-image-1573\" src=\"https:\/\/iesparana-ers.infd.edu.ar\/sitio\/wp-content\/uploads\/2020\/02\/1-mesas.png\" alt=\"\" width=\"1198\" height=\"1021\" srcset=\"https:\/\/iesparana-ers.infd.edu.ar\/sitio\/wp-content\/uploads\/2020\/02\/1-mesas.png 855w, https:\/\/iesparana-ers.infd.edu.ar\/sitio\/wp-content\/uploads\/2020\/02\/1-mesas-768x655.png 768w\" sizes=\"(max-width: 1198px) 100vw, 1198px\" \/><\/p>\n<p><img decoding=\"async\" loading=\"lazy\" class=\"alignnone wp-image-1574\" src=\"https:\/\/iesparana-ers.infd.edu.ar\/sitio\/wp-content\/uploads\/2020\/02\/2-mesas.png\" alt=\"\" width=\"1195\" height=\"705\" srcset=\"https:\/\/iesparana-ers.infd.edu.ar\/sitio\/wp-content\/uploads\/2020\/02\/2-mesas.png 856w, https:\/\/iesparana-ers.infd.edu.ar\/sitio\/wp-content\/uploads\/2020\/02\/2-mesas-768x453.png 768w\" sizes=\"(max-width: 1195px) 100vw, 1195px\" \/><\/p>\n<p>&nbsp;<\/p>\n","protected":false},"excerpt":{"rendered":"<p>Del mi\u00e9rcoles 12 al viernes 14 de febrero se habilitar\u00e1 la inscripci\u00f3n para el primer llamado de ex\u00e1menes que se desarrollar\u00e1 desde el martes 18 hasta el miercoles 26 de febrero, en tanto, desde el mi\u00e9rcoles 26 al viernes 28 de febrero se habilitar\u00e1 la inscripci\u00f3n para el segundo llamado de ex\u00e1menes del turno febrero &#8230; <a title=\"MESAS \u00abFEBRERO &#8211; MARZO 2020\u00bb\" class=\"read-more\" href=\"https:\/\/iesparana-ers.infd.edu.ar\/sitio\/mesas-noviembre-diciembre-2019\/\" aria-label=\"More on MESAS \u00abFEBRERO &#8211; MARZO 2020\u00bb\">[+]<\/a><\/p>\n","protected":false},"author":23,"featured_media":0,"parent":0,"menu_order":0,"comment_status":"closed","ping_status":"closed","template":"","meta":[],"acf":[],"_links":{"self":[{"href":"https:\/\/iesparana-ers.infd.edu.ar\/sitio\/wp-json\/wp\/v2\/pages\/1488"}],"collection":[{"href":"https:\/\/iesparana-ers.infd.edu.ar\/sitio\/wp-json\/wp\/v2\/pages"}],"about":[{"href":"https:\/\/iesparana-ers.infd.edu.ar\/sitio\/wp-json\/wp\/v2\/types\/page"}],"author":[{"embeddable":true,"href":"https:\/\/iesparana-ers.infd.edu.ar\/sitio\/wp-json\/wp\/v2\/users\/23"}],"replies":[{"embeddable":true,"href":"https:\/\/iesparana-ers.infd.edu.ar\/sitio\/wp-json\/wp\/v2\/comments?post=1488"}],"version-history":[{"count":35,"href":"https:\/\/iesparana-ers.infd.edu.ar\/sitio\/wp-json\/wp\/v2\/pages\/1488\/revisions"}],"predecessor-version":[{"id":1593,"href":"https:\/\/iesparana-ers.infd.edu.ar\/sitio\/wp-json\/wp\/v2\/pages\/1488\/revisions\/1593"}],"wp:attachment":[{"href":"https:\/\/iesparana-ers.infd.edu.ar\/sitio\/wp-json\/wp\/v2\/media?parent=1488"}],"curies":[{"name":"wp","href":"https:\/\/api.w.org\/{rel}","templated":true}]}}