{"id":1504,"date":"2019-11-13T19:20:48","date_gmt":"2019-11-13T22:20:48","guid":{"rendered":"https:\/\/iesparana-ers.infd.edu.ar\/sitio\/?page_id=1504"},"modified":"2022-03-21T21:09:47","modified_gmt":"2022-03-22T00:09:47","slug":"pre-inscripcion-cohorte-2020","status":"publish","type":"page","link":"https:\/\/iesparana-ers.infd.edu.ar\/sitio\/pre-inscripcion-cohorte-2020\/","title":{"rendered":"Pre Inscripci\u00f3n &#8211; Profesorado de Educaci\u00f3n Secundaria de la \u00abModalidad T\u00e9cnico Profesional\u00bb"},"content":{"rendered":"<h2 style=\"text-align: center;\"><strong><span style=\"color: #ff0000;\">Pre Inscripci\u00f3n<\/span> &#8211; Profesorado de Educaci\u00f3n Secundaria de la Modalidad T\u00e9cnico Profesional en concurrencia a T\u00edtulo Base<\/strong><\/h2>\n<p><strong><span style=\"color: #ff0000;\">REQUISITIOS:<\/span><\/strong><\/p>\n<ul>\n<li><strong><span style=\"color: #ff0000;\">T\u00cdTULO DE BASE T\u00c9CNICO PROFESIONAL DE NIVEL SECUNDARIO O SUPERIOR.<\/span><\/strong><\/li>\n<li><strong><span style=\"color: #ff0000;\">CONTAR CON 1 (UN) A\u00d1O DE ANTIG\u00dcEAD EN ESCUELAS DEPENDIETES DE LA D.E.T.P Res. 1223 CGE AL MOMENTO DE LA INSCRIPCI\u00d3N.<\/span><\/strong><\/li>\n<\/ul>\n<p style=\"text-align: center;\"><strong><span style=\"color: #008000;\">CUPOS LIMITADOS Y SUJETO A REVISI\u00d3N DE ANTIGUEDAD EN INSTITUCIONES DEPENDIENTE DE LA D.ET.P<\/span><\/strong><\/p>\n<p><strong>Documentaci\u00f3n Solicitada para la Pre Inscripci\u00f3n<\/strong><\/p>\n<ol>\n<li>Carpeta marr\u00f3n de tres solapas, A4 para legajo del alumno con documentaci\u00f3n organizada de la siguiente manera:<\/li>\n<li>Folio 1: \u201cFormulario de Inscripci\u00f3n\u201d completado v\u00eda On Line. (impreso &#8211; lo reciben en el correo luego de completar).<\/li>\n<li>Folio 2: DNI fotocopia de ambos lados. (en una sola pagina).<\/li>\n<li>Folio 3: Partida de nacimiento. (actualizada).<\/li>\n<li>Folio 4: Constancia de CUIL. (<strong>ANSES<\/strong>\u00a0Web:\u00a0<a href=\"http:\/\/servicioswww.anses.gov.ar\/ConstanciadeCuil2\/Inicio.aspx\">http:\/\/servicioswww.anses.gov.ar\/ConstanciadeCuil2\/Inicio.aspx<\/a>).<\/li>\n<li>Folio 5: Titulo de estudios vinculados a la modalidad. (Copia legalizada).<\/li>\n<li>Follo 6: Certificaci\u00f3n de servicio (SAGE).<\/li>\n<li>&#8212;- 2 (dos)\u00a0 fotos 4\u00d74.<\/li>\n<\/ol>\n<p>LUEGO DE COMPLETAR EL FORMULARIO ON LINE LLEVAR LA DOCUMENTACI\u00d3N SOLICITADA AL I.E.S PARAN\u00c1 SITO EN CALLE CORRIENTES 353 DE 19:30 A 22 hs. (Esc. N\u00b0 48 SARMIETO)<\/p>\n<p><strong>Ingresar al Link para completar su\u00a0<span style=\"color: #ff0000;\"><span style=\"color: #000000;\"> pre inscripci\u00f3n<\/span><\/span><span style=\"color: #ff0000;\"><span style=\"color: #000000;\">:<\/span> \u00ab<\/span><span style=\"color: #ff0000;\">CUPO SOBREPASADO\u00bb<\/span><\/strong><\/p>\n\n\n<p>\u00ab<\/p>\n","protected":false},"excerpt":{"rendered":"<p>Pre Inscripci\u00f3n &#8211; Profesorado de Educaci\u00f3n Secundaria de la Modalidad T\u00e9cnico Profesional en concurrencia a T\u00edtulo Base REQUISITIOS: T\u00cdTULO DE BASE T\u00c9CNICO PROFESIONAL DE NIVEL SECUNDARIO O SUPERIOR. CONTAR CON 1 (UN) A\u00d1O DE ANTIG\u00dcEAD EN ESCUELAS DEPENDIETES DE LA D.E.T.P Res. 1223 CGE AL MOMENTO DE LA INSCRIPCI\u00d3N. CUPOS LIMITADOS Y SUJETO A REVISI\u00d3N &#8230; <a title=\"Pre Inscripci\u00f3n &#8211; Profesorado de Educaci\u00f3n Secundaria de la \u00abModalidad T\u00e9cnico Profesional\u00bb\" class=\"read-more\" href=\"https:\/\/iesparana-ers.infd.edu.ar\/sitio\/pre-inscripcion-cohorte-2020\/\" aria-label=\"More on Pre Inscripci\u00f3n &#8211; Profesorado de Educaci\u00f3n Secundaria de la \u00abModalidad T\u00e9cnico Profesional\u00bb\">[+]<\/a><\/p>\n","protected":false},"author":23,"featured_media":0,"parent":0,"menu_order":0,"comment_status":"closed","ping_status":"closed","template":"","meta":[],"acf":[],"_links":{"self":[{"href":"https:\/\/iesparana-ers.infd.edu.ar\/sitio\/wp-json\/wp\/v2\/pages\/1504"}],"collection":[{"href":"https:\/\/iesparana-ers.infd.edu.ar\/sitio\/wp-json\/wp\/v2\/pages"}],"about":[{"href":"https:\/\/iesparana-ers.infd.edu.ar\/sitio\/wp-json\/wp\/v2\/types\/page"}],"author":[{"embeddable":true,"href":"https:\/\/iesparana-ers.infd.edu.ar\/sitio\/wp-json\/wp\/v2\/users\/23"}],"replies":[{"embeddable":true,"href":"https:\/\/iesparana-ers.infd.edu.ar\/sitio\/wp-json\/wp\/v2\/comments?post=1504"}],"version-history":[{"count":21,"href":"https:\/\/iesparana-ers.infd.edu.ar\/sitio\/wp-json\/wp\/v2\/pages\/1504\/revisions"}],"predecessor-version":[{"id":2253,"href":"https:\/\/iesparana-ers.infd.edu.ar\/sitio\/wp-json\/wp\/v2\/pages\/1504\/revisions\/2253"}],"wp:attachment":[{"href":"https:\/\/iesparana-ers.infd.edu.ar\/sitio\/wp-json\/wp\/v2\/media?parent=1504"}],"curies":[{"name":"wp","href":"https:\/\/api.w.org\/{rel}","templated":true}]}}