{"id":1610,"date":"2020-03-19T17:08:27","date_gmt":"2020-03-19T20:08:27","guid":{"rendered":"https:\/\/iesparana-ers.infd.edu.ar\/sitio\/?page_id=1610"},"modified":"2020-03-19T17:32:59","modified_gmt":"2020-03-19T20:32:59","slug":"homologaciones-equivalencias","status":"publish","type":"page","link":"https:\/\/iesparana-ers.infd.edu.ar\/sitio\/homologaciones-equivalencias\/","title":{"rendered":"Homologaciones &#8211; Equivalencias"},"content":{"rendered":"<h3 style=\"text-align: center;\"><strong>Solicitud de homologaci\u00f3n o equivalencia<\/strong><\/h3>\n<p>Atenci\u00f3n: pueden solicitar homologaci\u00f3n o equivalencia, presentando original y copia de la documentaci\u00f3n que se detalla a continuaci\u00f3n:<\/p>\n<h2><span style=\"color: #ff0000;\">Debido a la cuarentena establecida por las autoridades, y a los efectos de avanzar en los tr\u00e1mites correspondientes, se solicita que se env\u00ede la documentaci\u00f3n digitalizada (fotos claras, o escaneada) al correo electr\u00f3nico establecido para tal fin. <\/span><br \/>\n<span style=\"color: #ff0000;\">Conservar los originales, a los efectos de su presentaci\u00f3n posterior.<\/span><\/h2>\n<p>&#8211; Nota dirigida a secretar\u00eda acad\u00e9mica indicando la solicitud de homologaci\u00f3n de los espacios curriculares aprobados. Prof. Norma Radichi &#8211;\u00a0Secretaria acad\u00e9mica<\/p>\n<div class=\"text_exposed_show\">\n<p>&#8211; Planilla de homologaci\u00f3n impresa (se adjunta imagen para imprimir en hoja A4) y con los datos solicitados completos; 1 planilla para cada espacio curricular en el que se solicita la homologaci\u00f3n o equivalencia,<\/p>\n<p>&#8211; Anal\u00edtico actualizado.<\/p>\n<p>&#8211; Programas autenticados de las c\u00e1tedras aprobadas, en el caso de estudiantes provenientes de otras instituciones, aquellos que hayan cursado con otro dise\u00f1o curricular, y quienes hayan cursado otra carrera y piden equivalencias en algunos espacios curriculares<\/p>\n<\/div>\n<p>&nbsp;<\/p>\n<p>Planilla:\u00a0<a href=\"https:\/\/iesparana-ers.infd.edu.ar\/sitio\/wp-content\/uploads\/2020\/03\/Formulario-de-solicitud-de-equivalencias-4967-19-CGE.pdf\">Formulario de solicitud de equivalencias 4967-19-CGE<\/a><\/p>\n<p>Correo de envi\u00f3 de la documentaci\u00f3n escaneada:<span style=\"color: #0000ff;\">\u00a0homologaciones.ies@gmail.com\u00a0<\/span><\/p>\n","protected":false},"excerpt":{"rendered":"<p>Solicitud de homologaci\u00f3n o equivalencia Atenci\u00f3n: pueden solicitar homologaci\u00f3n o equivalencia, presentando original y copia de la documentaci\u00f3n que se detalla a continuaci\u00f3n: Debido a la cuarentena establecida por las autoridades, y a los efectos de avanzar en los tr\u00e1mites correspondientes, se solicita que se env\u00ede la documentaci\u00f3n digitalizada (fotos claras, o escaneada) al correo &#8230; <a title=\"Homologaciones &#8211; Equivalencias\" class=\"read-more\" href=\"https:\/\/iesparana-ers.infd.edu.ar\/sitio\/homologaciones-equivalencias\/\" aria-label=\"More on Homologaciones &#8211; Equivalencias\">[+]<\/a><\/p>\n","protected":false},"author":23,"featured_media":0,"parent":0,"menu_order":0,"comment_status":"closed","ping_status":"closed","template":"","meta":[],"acf":[],"_links":{"self":[{"href":"https:\/\/iesparana-ers.infd.edu.ar\/sitio\/wp-json\/wp\/v2\/pages\/1610"}],"collection":[{"href":"https:\/\/iesparana-ers.infd.edu.ar\/sitio\/wp-json\/wp\/v2\/pages"}],"about":[{"href":"https:\/\/iesparana-ers.infd.edu.ar\/sitio\/wp-json\/wp\/v2\/types\/page"}],"author":[{"embeddable":true,"href":"https:\/\/iesparana-ers.infd.edu.ar\/sitio\/wp-json\/wp\/v2\/users\/23"}],"replies":[{"embeddable":true,"href":"https:\/\/iesparana-ers.infd.edu.ar\/sitio\/wp-json\/wp\/v2\/comments?post=1610"}],"version-history":[{"count":7,"href":"https:\/\/iesparana-ers.infd.edu.ar\/sitio\/wp-json\/wp\/v2\/pages\/1610\/revisions"}],"predecessor-version":[{"id":1618,"href":"https:\/\/iesparana-ers.infd.edu.ar\/sitio\/wp-json\/wp\/v2\/pages\/1610\/revisions\/1618"}],"wp:attachment":[{"href":"https:\/\/iesparana-ers.infd.edu.ar\/sitio\/wp-json\/wp\/v2\/media?parent=1610"}],"curies":[{"name":"wp","href":"https:\/\/api.w.org\/{rel}","templated":true}]}}