{"id":1619,"date":"2020-03-21T11:53:15","date_gmt":"2020-03-21T14:53:15","guid":{"rendered":"https:\/\/iesparana-ers.infd.edu.ar\/sitio\/?page_id=1619"},"modified":"2020-03-25T00:06:15","modified_gmt":"2020-03-25T03:06:15","slug":"inscripcion-cursado-de-2do-a-4to-ciclo-2020","status":"publish","type":"page","link":"https:\/\/iesparana-ers.infd.edu.ar\/sitio\/inscripcion-cursado-de-2do-a-4to-ciclo-2020\/","title":{"rendered":"Inscripci\u00f3n cursado de 2do a 4to CICLO 2020"},"content":{"rendered":"<p style=\"text-align: center;\"><strong>Inscripci\u00f3n cursado de 2do a 4to a\u00f1os.<\/strong><\/p>\n<p>Se informa que todos los estudiantes deben inscribirse en a\u00f1os y comisiones publicadas.<\/p>\n<p>En caso de que se otorgase una comisi\u00f3n m\u00e1s en alguno de los cursos, se redistribuir\u00e1n los cursantes, de modo de equilibrar la cantidad por comisiones.<\/p>\n<p>Para la inscripci\u00f3n debe tenerse en cuenta las correlatividades (ver im\u00e1genes adjuntas); es decir, que est\u00e9n como regular, o ya aprobada\/s la\/s correlativa\/s anterior\/es.<\/p>\n<p>El link para inscripci\u00f3n estar\u00e1 disponible <span style=\"color: #ff0000;\"><span style=\"color: #ff0000;\"><b>hasta el d\u00eda\u00a0martes 24\/3\/2020 inclusive.<\/b><\/span><\/span><\/p>\n<p>Mientras se esperan las resoluciones de desdoblamientos, el cursado ser\u00e1 <strong><span style=\"color: #ff0000;\">OBLIGATORIO<\/span><\/strong> en comisi\u00f3n A, como en los Ciclos Lectivos anteriores.<\/p>\n<p>Asimismo, se recuerda que, ante la emergencia sanitaria, se cursar\u00e1 por aula virtual en todos los espacios curriculares. Por lo que pedimos especial atenci\u00f3n al escribir el correo electr\u00f3nico.<\/p>\n<p>Equipo Directivo.<\/p>\n<p>Link:\u00a0<span style=\"color: #ff0000;\"><b>CERRADO\u00a0<\/b><\/span>\u00a0<span style=\"color: #ff0000;\"><b>(hasta el d\u00eda\u00a0martes 24\/3\/2020 inclusive)<\/b><\/span><\/p>\n<p><strong>Horarios 2do a 4to:<\/strong><\/p>\n<p style=\"text-align: center;\"><img decoding=\"async\" loading=\"lazy\" class=\"alignnone wp-image-1643\" src=\"https:\/\/iesparana-ers.infd.edu.ar\/sitio\/wp-content\/uploads\/2020\/03\/2-A-B-Y-C-con-cambio.png\" alt=\"\" width=\"953\" height=\"1132\" \/><\/p>\n<p style=\"text-align: center;\"><img decoding=\"async\" loading=\"lazy\" class=\"alignnone wp-image-1623\" src=\"https:\/\/iesparana-ers.infd.edu.ar\/sitio\/wp-content\/uploads\/2020\/03\/3-A-B-Y-C.png\" alt=\"\" width=\"963\" height=\"1053\" \/><\/p>\n<p style=\"text-align: center;\"><img decoding=\"async\" loading=\"lazy\" class=\"alignnone wp-image-1641\" src=\"https:\/\/iesparana-ers.infd.edu.ar\/sitio\/wp-content\/uploads\/2020\/03\/4-A-Y-B-con-cambio.png\" alt=\"\" width=\"966\" height=\"790\" \/><\/p>\n<p><strong>Correlatividades:<\/strong><\/p>\n<p style=\"text-align: center;\"><img decoding=\"async\" loading=\"lazy\" class=\"alignnone wp-image-1625\" src=\"https:\/\/iesparana-ers.infd.edu.ar\/sitio\/wp-content\/uploads\/2020\/03\/correlatividadess-1\u00ba-y-2\u00ba-a\u00f1os-PEF.png\" alt=\"\" width=\"860\" height=\"510\" srcset=\"https:\/\/iesparana-ers.infd.edu.ar\/sitio\/wp-content\/uploads\/2020\/03\/correlatividadess-1\u00ba-y-2\u00ba-a\u00f1os-PEF.png 924w, https:\/\/iesparana-ers.infd.edu.ar\/sitio\/wp-content\/uploads\/2020\/03\/correlatividadess-1\u00ba-y-2\u00ba-a\u00f1os-PEF-768x455.png 768w\" sizes=\"(max-width: 860px) 100vw, 860px\" \/><\/p>\n<p><img decoding=\"async\" loading=\"lazy\" class=\"alignnone wp-image-1626 aligncenter\" src=\"https:\/\/iesparana-ers.infd.edu.ar\/sitio\/wp-content\/uploads\/2020\/03\/correlatividades-2\u00ba-y-3\u00ba-PEF.png\" alt=\"\" width=\"660\" height=\"525\" \/><\/p>\n<p style=\"text-align: center;\"><img decoding=\"async\" loading=\"lazy\" class=\"alignnone wp-image-1627\" src=\"https:\/\/iesparana-ers.infd.edu.ar\/sitio\/wp-content\/uploads\/2020\/03\/correlatividades-3\u00ba-y-4\u00ba-PEF.png\" alt=\"\" width=\"839\" height=\"475\" \/><\/p>\n<p>&nbsp;<\/p>\n","protected":false},"excerpt":{"rendered":"<p>Inscripci\u00f3n cursado de 2do a 4to a\u00f1os. Se informa que todos los estudiantes deben inscribirse en a\u00f1os y comisiones publicadas. En caso de que se otorgase una comisi\u00f3n m\u00e1s en alguno de los cursos, se redistribuir\u00e1n los cursantes, de modo de equilibrar la cantidad por comisiones. Para la inscripci\u00f3n debe tenerse en cuenta las correlatividades &#8230; <a title=\"Inscripci\u00f3n cursado de 2do a 4to CICLO 2020\" class=\"read-more\" href=\"https:\/\/iesparana-ers.infd.edu.ar\/sitio\/inscripcion-cursado-de-2do-a-4to-ciclo-2020\/\" aria-label=\"More on Inscripci\u00f3n cursado de 2do a 4to CICLO 2020\">[+]<\/a><\/p>\n","protected":false},"author":23,"featured_media":0,"parent":0,"menu_order":0,"comment_status":"closed","ping_status":"closed","template":"","meta":[],"acf":[],"_links":{"self":[{"href":"https:\/\/iesparana-ers.infd.edu.ar\/sitio\/wp-json\/wp\/v2\/pages\/1619"}],"collection":[{"href":"https:\/\/iesparana-ers.infd.edu.ar\/sitio\/wp-json\/wp\/v2\/pages"}],"about":[{"href":"https:\/\/iesparana-ers.infd.edu.ar\/sitio\/wp-json\/wp\/v2\/types\/page"}],"author":[{"embeddable":true,"href":"https:\/\/iesparana-ers.infd.edu.ar\/sitio\/wp-json\/wp\/v2\/users\/23"}],"replies":[{"embeddable":true,"href":"https:\/\/iesparana-ers.infd.edu.ar\/sitio\/wp-json\/wp\/v2\/comments?post=1619"}],"version-history":[{"count":7,"href":"https:\/\/iesparana-ers.infd.edu.ar\/sitio\/wp-json\/wp\/v2\/pages\/1619\/revisions"}],"predecessor-version":[{"id":1646,"href":"https:\/\/iesparana-ers.infd.edu.ar\/sitio\/wp-json\/wp\/v2\/pages\/1619\/revisions\/1646"}],"wp:attachment":[{"href":"https:\/\/iesparana-ers.infd.edu.ar\/sitio\/wp-json\/wp\/v2\/media?parent=1619"}],"curies":[{"name":"wp","href":"https:\/\/api.w.org\/{rel}","templated":true}]}}