{"id":1648,"date":"2020-04-07T21:41:28","date_gmt":"2020-04-08T00:41:28","guid":{"rendered":"https:\/\/iesparana-ers.infd.edu.ar\/sitio\/?page_id=1648"},"modified":"2020-10-19T10:53:43","modified_gmt":"2020-10-19T13:53:43","slug":"becas-inaubepro","status":"publish","type":"page","link":"https:\/\/iesparana-ers.infd.edu.ar\/sitio\/becas-inaubepro\/","title":{"rendered":"Solicitud de Constancias"},"content":{"rendered":"<p style=\"text-align: center;\"><strong>Constancias de Alumno Regular \u00abEXCLUSIVO\u00bb<\/strong><\/p>\n<p>Atenci\u00f3n: EXCLUSIVO PARA SOLICITAR SOLICITAR CONSTANCIA DE ALUMNO REGULAR, a la brevedad recibir\u00e1n en su correo la constancia solicitada<\/p>\n<p>Link:\u00a0<a href=\"https:\/\/forms.gle\/NNePxLvRM6teWNuv6\">https:\/\/forms.gle\/NNePxLvRM6teWNuv6<\/a><\/p>\n<p style=\"text-align: center;\"><strong>BECAS INAUBEPRO\u00a0\u00abEXCLUSIVO\u00bb<\/strong><\/p>\n<p>Atenci\u00f3n: EXCLUSIVO PARA SOLICITAR DOCUMENTACI\u00d3N BECAS INAUBEPRO. Una vez completado y enviado el formulario, recibir\u00e1 en su correo a la brevedad posible la documentaci\u00f3n necesaria solicitada. Prestar atenci\u00f3n al colocar la direcci\u00f3n del correo.<\/p>\n<p>Link:\u00a0<a href=\"https:\/\/forms.gle\/jxnJv2cZcWVxUBSW7\">https:\/\/forms.gle\/jxnJv2cZcWVxUBSW7<\/a><\/p>\n<p>&nbsp;<\/p>\n","protected":false},"excerpt":{"rendered":"<p>Constancias de Alumno Regular \u00abEXCLUSIVO\u00bb Atenci\u00f3n: EXCLUSIVO PARA SOLICITAR SOLICITAR CONSTANCIA DE ALUMNO REGULAR, a la brevedad recibir\u00e1n en su correo la constancia solicitada Link:\u00a0https:\/\/forms.gle\/NNePxLvRM6teWNuv6 BECAS INAUBEPRO\u00a0\u00abEXCLUSIVO\u00bb Atenci\u00f3n: EXCLUSIVO PARA SOLICITAR DOCUMENTACI\u00d3N BECAS INAUBEPRO. Una vez completado y enviado el formulario, recibir\u00e1 en su correo a la brevedad posible la documentaci\u00f3n necesaria solicitada. Prestar atenci\u00f3n &#8230; <a title=\"Solicitud de Constancias\" class=\"read-more\" href=\"https:\/\/iesparana-ers.infd.edu.ar\/sitio\/becas-inaubepro\/\" aria-label=\"More on Solicitud de Constancias\">[+]<\/a><\/p>\n","protected":false},"author":23,"featured_media":0,"parent":0,"menu_order":0,"comment_status":"closed","ping_status":"closed","template":"","meta":[],"acf":[],"_links":{"self":[{"href":"https:\/\/iesparana-ers.infd.edu.ar\/sitio\/wp-json\/wp\/v2\/pages\/1648"}],"collection":[{"href":"https:\/\/iesparana-ers.infd.edu.ar\/sitio\/wp-json\/wp\/v2\/pages"}],"about":[{"href":"https:\/\/iesparana-ers.infd.edu.ar\/sitio\/wp-json\/wp\/v2\/types\/page"}],"author":[{"embeddable":true,"href":"https:\/\/iesparana-ers.infd.edu.ar\/sitio\/wp-json\/wp\/v2\/users\/23"}],"replies":[{"embeddable":true,"href":"https:\/\/iesparana-ers.infd.edu.ar\/sitio\/wp-json\/wp\/v2\/comments?post=1648"}],"version-history":[{"count":5,"href":"https:\/\/iesparana-ers.infd.edu.ar\/sitio\/wp-json\/wp\/v2\/pages\/1648\/revisions"}],"predecessor-version":[{"id":1658,"href":"https:\/\/iesparana-ers.infd.edu.ar\/sitio\/wp-json\/wp\/v2\/pages\/1648\/revisions\/1658"}],"wp:attachment":[{"href":"https:\/\/iesparana-ers.infd.edu.ar\/sitio\/wp-json\/wp\/v2\/media?parent=1648"}],"curies":[{"name":"wp","href":"https:\/\/api.w.org\/{rel}","templated":true}]}}