{"id":2212,"date":"2022-03-17T22:36:02","date_gmt":"2022-03-18T01:36:02","guid":{"rendered":"https:\/\/iesparana-ers.infd.edu.ar\/sitio\/?page_id=2212"},"modified":"2022-05-16T22:30:57","modified_gmt":"2022-05-17T01:30:57","slug":"diseno-curricular","status":"publish","type":"page","link":"https:\/\/iesparana-ers.infd.edu.ar\/sitio\/diseno-curricular\/","title":{"rendered":"Dise\u00f1o Curricular"},"content":{"rendered":"\n<p><strong><strong>Resoluci\u00f3n\u00a0N\u00b0 3784-17 CGE\u00a0\u2013\u00a0<em>Dise\u00f1o Curricular Profesorado de Educaci\u00f3n Secundaria de la Modalidad T\u00e9cnico Superior en concurrencia con t\u00edtulo de base<\/em><\/strong><\/strong>. &#8230;&#8230;&#8230;&#8230;&#8230;&#8230;&#8230;. <a rel=\"noreferrer noopener\" href=\"https:\/\/des-ers.infd.edu.ar\/sitio\/formacion-docente\/upload\/3784-17_CGE_Aprueba_Disen_o_Curricular_Carrera_-Profesorado_de_Educacion_Secundaria_de_la_Modalidad_Tecnico_Superior_en_concurrencia_con_titulo_de_base-.pdf\" target=\"_blank\"><strong>Res. 3784\/17 CGE.<\/strong><\/a><\/p>\n\n\n\n<p> <\/p>\n","protected":false},"excerpt":{"rendered":"<p>Resoluci\u00f3n\u00a0N\u00b0 3784-17 CGE\u00a0\u2013\u00a0Dise\u00f1o Curricular Profesorado de Educaci\u00f3n Secundaria de la Modalidad T\u00e9cnico Superior en concurrencia con t\u00edtulo de base. &#8230;&#8230;&#8230;&#8230;&#8230;&#8230;&#8230;. Res. 3784\/17 CGE.<\/p>\n","protected":false},"author":23,"featured_media":0,"parent":0,"menu_order":0,"comment_status":"closed","ping_status":"closed","template":"","meta":[],"acf":[],"_links":{"self":[{"href":"https:\/\/iesparana-ers.infd.edu.ar\/sitio\/wp-json\/wp\/v2\/pages\/2212"}],"collection":[{"href":"https:\/\/iesparana-ers.infd.edu.ar\/sitio\/wp-json\/wp\/v2\/pages"}],"about":[{"href":"https:\/\/iesparana-ers.infd.edu.ar\/sitio\/wp-json\/wp\/v2\/types\/page"}],"author":[{"embeddable":true,"href":"https:\/\/iesparana-ers.infd.edu.ar\/sitio\/wp-json\/wp\/v2\/users\/23"}],"replies":[{"embeddable":true,"href":"https:\/\/iesparana-ers.infd.edu.ar\/sitio\/wp-json\/wp\/v2\/comments?post=2212"}],"version-history":[{"count":4,"href":"https:\/\/iesparana-ers.infd.edu.ar\/sitio\/wp-json\/wp\/v2\/pages\/2212\/revisions"}],"predecessor-version":[{"id":2294,"href":"https:\/\/iesparana-ers.infd.edu.ar\/sitio\/wp-json\/wp\/v2\/pages\/2212\/revisions\/2294"}],"wp:attachment":[{"href":"https:\/\/iesparana-ers.infd.edu.ar\/sitio\/wp-json\/wp\/v2\/media?parent=2212"}],"curies":[{"name":"wp","href":"https:\/\/api.w.org\/{rel}","templated":true}]}}