{"id":2364,"date":"2022-07-25T20:16:07","date_gmt":"2022-07-25T23:16:07","guid":{"rendered":"https:\/\/iesparana-ers.infd.edu.ar\/sitio\/?page_id=2364"},"modified":"2023-03-07T11:57:10","modified_gmt":"2023-03-07T14:57:10","slug":"mesas-ptp","status":"publish","type":"page","link":"https:\/\/iesparana-ers.infd.edu.ar\/sitio\/mesas-ptp\/","title":{"rendered":"MESAS &#8211; PTP"},"content":{"rendered":"\n<p class=\"has-text-align-center\"><strong>Profesorado de Educaci\u00f3n Secundaria de la Modalidad T\u00e9cnico Profesional en concurrencia a Titulo Base<\/strong>.<\/p>\n\n\n\n<p class=\"has-text-align-center\"> <\/p>\n\n\n\n<p class=\"has-contrast-color has-text-color\"><mark style=\"background-color:rgba(0, 0, 0, 0)\" class=\"has-inline-color has-black-color\"><b>L<\/b><strong><b>ink de <\/b>inscripci\u00f3n:<\/strong><\/mark><mark style=\"background-color:rgba(0, 0, 0, 0);color: rgb(0, 209, 34);\" class=\"has-inline-color\"><strong style=\"\"> <\/strong><\/mark><mark style=\"background-color: rgba(0, 0, 0, 0);\" class=\"has-inline-color\"><font color=\"#00d122\"><b> <\/b><\/font><\/mark>\u00aben construcci\u00f3n\u00bb<mark style=\"background-color: rgba(0, 0, 0, 0);\" class=\"has-inline-color\"><font color=\"#00d122\"><b>   <\/b><\/font><\/mark><strong>INCRIPCI\u00d3N xx Y xx de MARZO<\/strong><\/p>\n\n\n\n<figure class=\"wp-block-gallery has-nested-images columns-default is-cropped wp-block-gallery-1 is-layout-flex\">\n<figure class=\"wp-block-image size-full\"><img decoding=\"async\" loading=\"lazy\" width=\"896\" height=\"544\" data-id=\"2601\"  src=\"https:\/\/iesparana-ers.infd.edu.ar\/sitio\/wp-content\/uploads\/2023\/02\/foto-1.jpg\" alt=\"\" class=\"wp-image-2601\" srcset=\"https:\/\/iesparana-ers.infd.edu.ar\/sitio\/wp-content\/uploads\/2023\/02\/foto-1.jpg 896w, https:\/\/iesparana-ers.infd.edu.ar\/sitio\/wp-content\/uploads\/2023\/02\/foto-1-768x466.jpg 768w\" sizes=\"(max-width: 896px) 100vw, 896px\" \/><\/figure>\n<\/figure>\n\n\n\n<figure class=\"wp-block-image size-full is-resized\"><img decoding=\"async\" loading=\"lazy\" src=\"https:\/\/iesparana-ers.infd.edu.ar\/sitio\/wp-content\/uploads\/2023\/02\/foto-2-1.jpg\" alt=\"\" class=\"wp-image-2604\" width=\"1020\" height=\"196\" srcset=\"https:\/\/iesparana-ers.infd.edu.ar\/sitio\/wp-content\/uploads\/2023\/02\/foto-2-1.jpg 896w, https:\/\/iesparana-ers.infd.edu.ar\/sitio\/wp-content\/uploads\/2023\/02\/foto-2-1-768x147.jpg 768w\" sizes=\"(max-width: 1020px) 100vw, 1020px\" \/><\/figure>\n\n\n\n<p><\/p>\n","protected":false},"excerpt":{"rendered":"<p>Profesorado de Educaci\u00f3n Secundaria de la Modalidad T\u00e9cnico Profesional en concurrencia a Titulo Base. Link de inscripci\u00f3n: \u00aben construcci\u00f3n\u00bb INCRIPCI\u00d3N xx Y xx de MARZO<\/p>\n","protected":false},"author":23,"featured_media":0,"parent":0,"menu_order":0,"comment_status":"closed","ping_status":"closed","template":"","meta":[],"acf":[],"_links":{"self":[{"href":"https:\/\/iesparana-ers.infd.edu.ar\/sitio\/wp-json\/wp\/v2\/pages\/2364"}],"collection":[{"href":"https:\/\/iesparana-ers.infd.edu.ar\/sitio\/wp-json\/wp\/v2\/pages"}],"about":[{"href":"https:\/\/iesparana-ers.infd.edu.ar\/sitio\/wp-json\/wp\/v2\/types\/page"}],"author":[{"embeddable":true,"href":"https:\/\/iesparana-ers.infd.edu.ar\/sitio\/wp-json\/wp\/v2\/users\/23"}],"replies":[{"embeddable":true,"href":"https:\/\/iesparana-ers.infd.edu.ar\/sitio\/wp-json\/wp\/v2\/comments?post=2364"}],"version-history":[{"count":28,"href":"https:\/\/iesparana-ers.infd.edu.ar\/sitio\/wp-json\/wp\/v2\/pages\/2364\/revisions"}],"predecessor-version":[{"id":2646,"href":"https:\/\/iesparana-ers.infd.edu.ar\/sitio\/wp-json\/wp\/v2\/pages\/2364\/revisions\/2646"}],"wp:attachment":[{"href":"https:\/\/iesparana-ers.infd.edu.ar\/sitio\/wp-json\/wp\/v2\/media?parent=2364"}],"curies":[{"name":"wp","href":"https:\/\/api.w.org\/{rel}","templated":true}]}}