{"id":2659,"date":"2023-05-17T21:40:11","date_gmt":"2023-05-18T00:40:11","guid":{"rendered":"https:\/\/iesparana-ers.infd.edu.ar\/sitio\/?page_id=2659"},"modified":"2023-05-24T22:57:07","modified_gmt":"2023-05-25T01:57:07","slug":"mesas-mayo-2023","status":"publish","type":"page","link":"https:\/\/iesparana-ers.infd.edu.ar\/sitio\/mesas-mayo-2023\/","title":{"rendered":"MESAS MAYO 2023"},"content":{"rendered":"\n<p><\/p>\n\n\n<h2 style=\"text-align: center;\"><span style=\"text-decoration: underline;\"> \u00abMesas Mayo 2023\u00bb<\/span><\/h2>\n<h3 style=\"text-align: center;\"><strong>ORGANIZACI\u00d3N Y CONFORMACI\u00d3N<\/strong><\/h3>\n<h4 style=\"text-align: center;\"><span style=\"color: #339966;\">INSCRIPCI\u00d3N: 18 y 19 de Mayo<\/span><\/h4>\n<h4 style=\"text-align: center;\"><span style=\"color: #ff0000;\">EVALUACI\u00d3N: del 29 de mayo al 2 de junio<\/span><\/h4>\n<h4 style=\"text-align: center;\">Link para inscripci\u00f3n:\u00a0 <a href=\"https:\/\/docs.google.com\/forms\/d\/e\/1FAIpQLScCw4cvUwC5GiGTVaZLR8LWbp1Xq3GSyocpdL4acPL3ZSMu4g\/viewform\">https:\/\/forms.gle\/QH6gh3LMvw2AmA129<\/a><\/h4>\n<p>\u00a0<\/p>\n<h5 style=\"text-align: center;\">*Presentarse con DNI y libreta de calificaciones a la mesa examinadora.<\/h5>\n<h5 style=\"text-align: center;\"><img decoding=\"async\" loading=\"lazy\" class=\"alignnone wp-image-2701 size-full\" src=\"https:\/\/iesparana-ers.infd.edu.ar\/sitio\/wp-content\/uploads\/2023\/05\/IMAGEN1-1.png\" alt=\"\" width=\"692\" height=\"397\" \/> <img decoding=\"async\" loading=\"lazy\" class=\"alignnone wp-image-2702 size-full\" src=\"https:\/\/iesparana-ers.infd.edu.ar\/sitio\/wp-content\/uploads\/2023\/05\/IMAGEN2-1.png\" alt=\"\" width=\"693\" height=\"486\" \/> <img decoding=\"async\" loading=\"lazy\" class=\"alignnone wp-image-2703 \" src=\"https:\/\/iesparana-ers.infd.edu.ar\/sitio\/wp-content\/uploads\/2023\/05\/IMAGEN3-1.png\" alt=\"\" width=\"691\" height=\"403\" \/>\u00a0\u00a0\u00a0\u00a0\u00a0\u00a0<strong>\u00a0<\/strong><\/h5>\n<h4 style=\"text-align: center;\">\u00a0<\/h4>\n<p style=\"text-align: center;\">\u00a0<\/p>","protected":false},"excerpt":{"rendered":"<p>\u00abMesas Mayo 2023\u00bb ORGANIZACI\u00d3N Y CONFORMACI\u00d3N INSCRIPCI\u00d3N: 18 y 19 de Mayo EVALUACI\u00d3N: del 29 de mayo al 2 de junio Link para inscripci\u00f3n:\u00a0 https:\/\/forms.gle\/QH6gh3LMvw2AmA129 \u00a0 *Presentarse con DNI y libreta de calificaciones a la mesa examinadora. \u00a0\u00a0\u00a0\u00a0\u00a0\u00a0\u00a0 \u00a0 \u00a0<\/p>\n","protected":false},"author":1872,"featured_media":0,"parent":0,"menu_order":0,"comment_status":"closed","ping_status":"closed","template":"","meta":[],"acf":[],"_links":{"self":[{"href":"https:\/\/iesparana-ers.infd.edu.ar\/sitio\/wp-json\/wp\/v2\/pages\/2659"}],"collection":[{"href":"https:\/\/iesparana-ers.infd.edu.ar\/sitio\/wp-json\/wp\/v2\/pages"}],"about":[{"href":"https:\/\/iesparana-ers.infd.edu.ar\/sitio\/wp-json\/wp\/v2\/types\/page"}],"author":[{"embeddable":true,"href":"https:\/\/iesparana-ers.infd.edu.ar\/sitio\/wp-json\/wp\/v2\/users\/1872"}],"replies":[{"embeddable":true,"href":"https:\/\/iesparana-ers.infd.edu.ar\/sitio\/wp-json\/wp\/v2\/comments?post=2659"}],"version-history":[{"count":8,"href":"https:\/\/iesparana-ers.infd.edu.ar\/sitio\/wp-json\/wp\/v2\/pages\/2659\/revisions"}],"predecessor-version":[{"id":2704,"href":"https:\/\/iesparana-ers.infd.edu.ar\/sitio\/wp-json\/wp\/v2\/pages\/2659\/revisions\/2704"}],"wp:attachment":[{"href":"https:\/\/iesparana-ers.infd.edu.ar\/sitio\/wp-json\/wp\/v2\/media?parent=2659"}],"curies":[{"name":"wp","href":"https:\/\/api.w.org\/{rel}","templated":true}]}}