{"id":2732,"date":"2023-07-05T19:24:52","date_gmt":"2023-07-05T22:24:52","guid":{"rendered":"https:\/\/iesparana-ers.infd.edu.ar\/sitio\/?page_id=2732"},"modified":"2023-07-10T19:38:19","modified_gmt":"2023-07-10T22:38:19","slug":"mesas-julio-2023","status":"publish","type":"page","link":"https:\/\/iesparana-ers.infd.edu.ar\/sitio\/mesas-julio-2023\/","title":{"rendered":"MESAS JULIO-AGOSTO 2023"},"content":{"rendered":"\n<p><h3>Links de inscripci\u00f3n<\/h3><\/p>\n\n\n\n<p><a rel=\"noreferrer noopener\" href=\"https:\/\/docs.google.com\/forms\/d\/e\/1FAIpQLSeBa84H6DDDw-L6s59oz1XFCE53do_gtcP3GbRH-u7sMqOmdQ\/closedform\" target=\"_blank\"><h4>1\u00ba llamado &#8211; click aqu\u00ed para inscribirse<\/h4><\/a><a rel=\"noreferrer noopener\" href=\"https:\/\/docs.google.com\/forms\/d\/e\/1FAIpQLScOpdjdqdPKGSJUlF2F2EGn_J--G9m-hejUAd-kwfAvKJ0-rA\/closedform\" target=\"_blank\"><h4>2\u00ba llamado &#8211; click aqu\u00ed para inscribirse<\/h4><\/a><br><\/p>\n\n\n\n<p>La inscripci\u00f3n se habilitar\u00e1 en los d\u00edas mencionados de la imagen de abajo:<\/p>\n\n\n\n<figure class=\"wp-block-image size-full\"><img decoding=\"async\" loading=\"lazy\" width=\"1131\" height=\"1600\" src=\"https:\/\/iesparana-ers.infd.edu.ar\/sitio\/wp-content\/uploads\/2023\/07\/mesas.jpg\" alt=\"\" class=\"wp-image-2734\" srcset=\"https:\/\/iesparana-ers.infd.edu.ar\/sitio\/wp-content\/uploads\/2023\/07\/mesas.jpg 1131w, https:\/\/iesparana-ers.infd.edu.ar\/sitio\/wp-content\/uploads\/2023\/07\/mesas-707x1000.jpg 707w, https:\/\/iesparana-ers.infd.edu.ar\/sitio\/wp-content\/uploads\/2023\/07\/mesas-768x1086.jpg 768w, https:\/\/iesparana-ers.infd.edu.ar\/sitio\/wp-content\/uploads\/2023\/07\/mesas-1086x1536.jpg 1086w\" sizes=\"(max-width: 1131px) 100vw, 1131px\" \/><\/figure>\n\n\n<div class=\"wp-block-image\">\n<figure class=\"aligncenter size-full\"><img decoding=\"async\" loading=\"lazy\" width=\"718\" height=\"423\" src=\"https:\/\/iesparana-ers.infd.edu.ar\/sitio\/wp-content\/uploads\/2023\/07\/IMAGEN1.png\" alt=\"\" class=\"wp-image-2747\"\/><\/figure><\/div>\n\n<div class=\"wp-block-image\">\n<figure class=\"aligncenter size-full\"><img decoding=\"async\" loading=\"lazy\" width=\"711\" height=\"503\" src=\"https:\/\/iesparana-ers.infd.edu.ar\/sitio\/wp-content\/uploads\/2023\/07\/IMAGEN2.png\" alt=\"\" class=\"wp-image-2748\"\/><\/figure><\/div>\n\n<div class=\"wp-block-image\">\n<figure class=\"aligncenter size-full\"><img decoding=\"async\" loading=\"lazy\" width=\"732\" height=\"366\" src=\"https:\/\/iesparana-ers.infd.edu.ar\/sitio\/wp-content\/uploads\/2023\/07\/IMAGEN3.png\" alt=\"\" class=\"wp-image-2749\"\/><\/figure><\/div>\n\n\n<p>EL ESTUDIANTE QUE NO SE PRESENTE A LA EVALUACI\u00d3N DEBER\u00c1 INFORMAR, CON 24 HORAS DE ANTICIPACI\u00d3N (en d\u00edas h\u00e1biles. Se excluyen s\u00e1bados, domingos, feriados) EN LA PLANILLA CONFECCIONADA PARA TAL FIN COMPLETANDO CORRECTAMENTE LOS DATOS (GOOGLE DRIVE INSTITUCIONAL PARA DAR DE BAJA A LA MESA INSCRIPTA). <a rel=\"noreferrer noopener\" href=\"https:\/\/docs.google.com\/spreadsheets\/d\/1gKzbIhWqE3Oa9BXEs1-mVnZwNNznMs7X1Qg8YWMU1BY\/edit?usp=sharing\" target=\"_blank\">https:\/\/docs.google.com\/spreadsheets\/d\/1gKzbIhWqE3Oa9BXEs1-mVnZwNNznMs7X1Qg8YWMU1BY\/edit?usp=sharing<\/a><br>-PRESENTARSE CON DNI Y LIBRETA. (OBLIGATORIOAL MOMENTO DE PRESENTARSE A LA MESA EXAMINADORA)<\/p>\n","protected":false},"excerpt":{"rendered":"<p>Links de inscripci\u00f3n 1\u00ba llamado &#8211; click aqu\u00ed para inscribirse 2\u00ba llamado &#8211; click aqu\u00ed para inscribirse La inscripci\u00f3n se habilitar\u00e1 en los d\u00edas mencionados de la imagen de abajo: EL ESTUDIANTE QUE NO SE PRESENTE A LA EVALUACI\u00d3N DEBER\u00c1 INFORMAR, CON 24 HORAS DE ANTICIPACI\u00d3N (en d\u00edas h\u00e1biles. Se excluyen s\u00e1bados, domingos, feriados) EN &#8230; <a title=\"MESAS JULIO-AGOSTO 2023\" class=\"read-more\" href=\"https:\/\/iesparana-ers.infd.edu.ar\/sitio\/mesas-julio-2023\/\" aria-label=\"More on MESAS JULIO-AGOSTO 2023\">[+]<\/a><\/p>\n","protected":false},"author":1872,"featured_media":0,"parent":0,"menu_order":0,"comment_status":"closed","ping_status":"closed","template":"","meta":[],"acf":[],"_links":{"self":[{"href":"https:\/\/iesparana-ers.infd.edu.ar\/sitio\/wp-json\/wp\/v2\/pages\/2732"}],"collection":[{"href":"https:\/\/iesparana-ers.infd.edu.ar\/sitio\/wp-json\/wp\/v2\/pages"}],"about":[{"href":"https:\/\/iesparana-ers.infd.edu.ar\/sitio\/wp-json\/wp\/v2\/types\/page"}],"author":[{"embeddable":true,"href":"https:\/\/iesparana-ers.infd.edu.ar\/sitio\/wp-json\/wp\/v2\/users\/1872"}],"replies":[{"embeddable":true,"href":"https:\/\/iesparana-ers.infd.edu.ar\/sitio\/wp-json\/wp\/v2\/comments?post=2732"}],"version-history":[{"count":11,"href":"https:\/\/iesparana-ers.infd.edu.ar\/sitio\/wp-json\/wp\/v2\/pages\/2732\/revisions"}],"predecessor-version":[{"id":2760,"href":"https:\/\/iesparana-ers.infd.edu.ar\/sitio\/wp-json\/wp\/v2\/pages\/2732\/revisions\/2760"}],"wp:attachment":[{"href":"https:\/\/iesparana-ers.infd.edu.ar\/sitio\/wp-json\/wp\/v2\/media?parent=2732"}],"curies":[{"name":"wp","href":"https:\/\/api.w.org\/{rel}","templated":true}]}}