{"id":2776,"date":"2023-08-31T21:15:01","date_gmt":"2023-09-01T00:15:01","guid":{"rendered":"https:\/\/iesparana-ers.infd.edu.ar\/sitio\/?page_id=2776"},"modified":"2023-09-04T19:28:02","modified_gmt":"2023-09-04T22:28:02","slug":"mesas-septiembre-2023","status":"publish","type":"page","link":"https:\/\/iesparana-ers.infd.edu.ar\/sitio\/mesas-septiembre-2023\/","title":{"rendered":"MESAS SEPTIEMBRE 2023"},"content":{"rendered":"\n<p class=\"has-medium-font-size\">La inscripci\u00f3n se habilitar\u00e1 en los d\u00edas 4 y 5 de septiembre.<br><strong>Inscribirse mediante este <a rel=\"noreferrer noopener\" href=\"https:\/\/docs.google.com\/forms\/d\/e\/1FAIpQLSeW-GD1k7l1VuXEzDiCNlSNiBE5f_LYZdx_IhA4ZsMjIlXBMg\/closedform\" target=\"_blank\">LINK<\/a><\/strong><\/p>\n\n\n\n<p><img decoding=\"async\" loading=\"lazy\" width=\"875\" height=\"455\" class=\"wp-image-2786\" style=\"width: 800px;\" src=\"https:\/\/iesparana-ers.infd.edu.ar\/sitio\/wp-content\/uploads\/2023\/09\/1.png\" alt=\"\" srcset=\"https:\/\/iesparana-ers.infd.edu.ar\/sitio\/wp-content\/uploads\/2023\/09\/1.png 875w, https:\/\/iesparana-ers.infd.edu.ar\/sitio\/wp-content\/uploads\/2023\/09\/1-768x399.png 768w\" sizes=\"(max-width: 875px) 100vw, 875px\" \/><br><img decoding=\"async\" loading=\"lazy\" width=\"788\" height=\"539\" class=\"wp-image-2785\" style=\"width: 800px;\" src=\"https:\/\/iesparana-ers.infd.edu.ar\/sitio\/wp-content\/uploads\/2023\/09\/2.png\" alt=\"\" srcset=\"https:\/\/iesparana-ers.infd.edu.ar\/sitio\/wp-content\/uploads\/2023\/09\/2.png 788w, https:\/\/iesparana-ers.infd.edu.ar\/sitio\/wp-content\/uploads\/2023\/09\/2-768x525.png 768w\" sizes=\"(max-width: 788px) 100vw, 788px\" \/><\/p>\n\n\n\n<p><\/p>\n\n\n\n<p><img decoding=\"async\" loading=\"lazy\" width=\"787\" height=\"524\" class=\"wp-image-2784\" style=\"width: 800px;\" src=\"https:\/\/iesparana-ers.infd.edu.ar\/sitio\/wp-content\/uploads\/2023\/09\/3.png\" alt=\"\" srcset=\"https:\/\/iesparana-ers.infd.edu.ar\/sitio\/wp-content\/uploads\/2023\/09\/3.png 787w, https:\/\/iesparana-ers.infd.edu.ar\/sitio\/wp-content\/uploads\/2023\/09\/3-768x511.png 768w\" sizes=\"(max-width: 787px) 100vw, 787px\" \/><\/p>\n\n\n\n<p><\/p>\n\n\n\n<p class=\"has-medium-font-size\"><strong>BAJA DE MESAS<\/strong><\/p>\n\n\n\n<p>Para darse de baja de una mesa, anotarse en el siguiente enlace:<strong> <a rel=\"noreferrer noopener\" href=\"https:\/\/docs.google.com\/spreadsheets\/d\/1EyRlK8OladKGPZ3pkXsKCnMFIhsoMK869W1gMtIgv9g\/edit?usp=sharing\" target=\"_blank\">LINK<\/a><\/strong><\/p>\n\n\n\n<p><strong>EL ESTUDIANTE QUE NO SE PRESENTE A LA EVALUACI\u00d3N DEBER\u00c1 INFORMAR, CON <u>24 HORAS DE ANTICIPACI\u00d3N, (En d\u00edas h\u00e1biles. Se excluyen s\u00e1bados, domingos,<\/u> <u>feriados).<\/u> EN LA PLANILLA CONFECCIONADA PARA TAL FIN COMPLETANDO CORRECTAMENTE LOS DATOS (GOOGLE DRIVE INSTITUCIONAL PARA DAR DE BAJA A LA MESA INSCRIPTA)<\/strong><a href=\"https:\/\/docs.google.com\/spreadsheets\/d\/1gKzbIhWqE3Oa9BXEs1-mVnZwNNznMs7X1Qg8YWMU1BY\/edit?usp=sharing\"><strong>. <\/strong><\/a>&nbsp;&nbsp;<strong>-PRESENTARSE CON DNI Y LIBRETA. (OBLIGATORIO)<\/strong><\/p>\n\n\n\n<p><\/p>\n","protected":false},"excerpt":{"rendered":"<p>La inscripci\u00f3n se habilitar\u00e1 en los d\u00edas 4 y 5 de septiembre.Inscribirse mediante este LINK BAJA DE MESAS Para darse de baja de una mesa, anotarse en el siguiente enlace: LINK EL ESTUDIANTE QUE NO SE PRESENTE A LA EVALUACI\u00d3N DEBER\u00c1 INFORMAR, CON 24 HORAS DE ANTICIPACI\u00d3N, (En d\u00edas h\u00e1biles. Se excluyen s\u00e1bados, domingos, feriados). &#8230; <a title=\"MESAS SEPTIEMBRE 2023\" class=\"read-more\" href=\"https:\/\/iesparana-ers.infd.edu.ar\/sitio\/mesas-septiembre-2023\/\" aria-label=\"More on MESAS SEPTIEMBRE 2023\">[+]<\/a><\/p>\n","protected":false},"author":1872,"featured_media":0,"parent":0,"menu_order":0,"comment_status":"closed","ping_status":"closed","template":"","meta":[],"acf":[],"_links":{"self":[{"href":"https:\/\/iesparana-ers.infd.edu.ar\/sitio\/wp-json\/wp\/v2\/pages\/2776"}],"collection":[{"href":"https:\/\/iesparana-ers.infd.edu.ar\/sitio\/wp-json\/wp\/v2\/pages"}],"about":[{"href":"https:\/\/iesparana-ers.infd.edu.ar\/sitio\/wp-json\/wp\/v2\/types\/page"}],"author":[{"embeddable":true,"href":"https:\/\/iesparana-ers.infd.edu.ar\/sitio\/wp-json\/wp\/v2\/users\/1872"}],"replies":[{"embeddable":true,"href":"https:\/\/iesparana-ers.infd.edu.ar\/sitio\/wp-json\/wp\/v2\/comments?post=2776"}],"version-history":[{"count":7,"href":"https:\/\/iesparana-ers.infd.edu.ar\/sitio\/wp-json\/wp\/v2\/pages\/2776\/revisions"}],"predecessor-version":[{"id":2790,"href":"https:\/\/iesparana-ers.infd.edu.ar\/sitio\/wp-json\/wp\/v2\/pages\/2776\/revisions\/2790"}],"wp:attachment":[{"href":"https:\/\/iesparana-ers.infd.edu.ar\/sitio\/wp-json\/wp\/v2\/media?parent=2776"}],"curies":[{"name":"wp","href":"https:\/\/api.w.org\/{rel}","templated":true}]}}