{"id":2801,"date":"2023-09-14T22:29:01","date_gmt":"2023-09-15T01:29:01","guid":{"rendered":"https:\/\/iesparana-ers.infd.edu.ar\/sitio\/?page_id=2801"},"modified":"2023-10-19T21:41:34","modified_gmt":"2023-10-20T00:41:34","slug":"inscripcion-2024-profesorado-de-educacion-fisica","status":"publish","type":"page","link":"https:\/\/iesparana-ers.infd.edu.ar\/sitio\/inscripcion-2024-profesorado-de-educacion-fisica\/","title":{"rendered":"PROFESORADO DE EDUCACI\u00d3N F\u00cdSICA 2024 &#8211; PREINSCRIPCI\u00d3N DE VACANTES (lunes 23\/10, a las 19 hs)"},"content":{"rendered":"<h4>Ya est\u00e1 disponible el link para la inscripci\u00f3n a vacantes en lista de espera que se habilitar\u00e1 el 23 de octubre a las 19 hs (ver abajo). Esta inscripci\u00f3n no asegura un lugar para el cursado de la carrera, ya que los inscriptos quedan como suplentes en espera a que puedan ser contactados desde el Instituto.<\/h4>\n<h3><a href=\"https:\/\/docs.google.com\/forms\/d\/e\/1FAIpQLSetKq7uTL5q18YM17Yrl2pX2f5RrnRRgXrKsNTAQmMyJ4drIQ\/closedform\">HACER CLIC AQU\u00cd PARA ACCEDER AL FORMULARIO DE INSCRIPCI\u00d3N<\/a><\/h3>\n<h4>Aclaraci\u00f3n: Al haber solamente 20 cupos, se pueden llegar a agotar en minutos por lo que se recomienda entrar a horario o apenas unos minutos posteriores a la hora de inicio de la inscripci\u00f3n, para que puedan inscribirse sin problemas.<\/h4>\n<h4 style=\"color: red;\">Es obligatorio contar con una cuenta de Gmail para completar el formulario online.<\/h4>\n","protected":false},"excerpt":{"rendered":"<p>Ya est\u00e1 disponible el link para la inscripci\u00f3n a vacantes en lista de espera que se habilitar\u00e1 el 23 de octubre a las 19 hs (ver abajo). Esta inscripci\u00f3n no asegura un lugar para el cursado de la carrera, ya que los inscriptos quedan como suplentes en espera a que puedan ser contactados desde el &#8230; <a title=\"PROFESORADO DE EDUCACI\u00d3N F\u00cdSICA 2024 &#8211; PREINSCRIPCI\u00d3N DE VACANTES (lunes 23\/10, a las 19 hs)\" class=\"read-more\" href=\"https:\/\/iesparana-ers.infd.edu.ar\/sitio\/inscripcion-2024-profesorado-de-educacion-fisica\/\" aria-label=\"More on PROFESORADO DE EDUCACI\u00d3N F\u00cdSICA 2024 &#8211; PREINSCRIPCI\u00d3N DE VACANTES (lunes 23\/10, a las 19 hs)\">[+]<\/a><\/p>\n","protected":false},"author":1872,"featured_media":0,"parent":0,"menu_order":0,"comment_status":"closed","ping_status":"closed","template":"","meta":[],"acf":[],"_links":{"self":[{"href":"https:\/\/iesparana-ers.infd.edu.ar\/sitio\/wp-json\/wp\/v2\/pages\/2801"}],"collection":[{"href":"https:\/\/iesparana-ers.infd.edu.ar\/sitio\/wp-json\/wp\/v2\/pages"}],"about":[{"href":"https:\/\/iesparana-ers.infd.edu.ar\/sitio\/wp-json\/wp\/v2\/types\/page"}],"author":[{"embeddable":true,"href":"https:\/\/iesparana-ers.infd.edu.ar\/sitio\/wp-json\/wp\/v2\/users\/1872"}],"replies":[{"embeddable":true,"href":"https:\/\/iesparana-ers.infd.edu.ar\/sitio\/wp-json\/wp\/v2\/comments?post=2801"}],"version-history":[{"count":28,"href":"https:\/\/iesparana-ers.infd.edu.ar\/sitio\/wp-json\/wp\/v2\/pages\/2801\/revisions"}],"predecessor-version":[{"id":2961,"href":"https:\/\/iesparana-ers.infd.edu.ar\/sitio\/wp-json\/wp\/v2\/pages\/2801\/revisions\/2961"}],"wp:attachment":[{"href":"https:\/\/iesparana-ers.infd.edu.ar\/sitio\/wp-json\/wp\/v2\/media?parent=2801"}],"curies":[{"name":"wp","href":"https:\/\/api.w.org\/{rel}","templated":true}]}}