{"id":2810,"date":"2023-10-09T22:12:05","date_gmt":"2023-10-10T01:12:05","guid":{"rendered":"https:\/\/iesparana-ers.infd.edu.ar\/sitio\/?page_id=2810"},"modified":"2023-10-17T21:03:59","modified_gmt":"2023-10-18T00:03:59","slug":"guardavidas-inscripcion","status":"publish","type":"page","link":"https:\/\/iesparana-ers.infd.edu.ar\/sitio\/guardavidas-inscripcion\/","title":{"rendered":"CURSO DE GUARDAVIDAS 2024 &#8211; PREINSCRIPCI\u00d3N"},"content":{"rendered":"\n<figure class=\"wp-block-image size-full\"><img decoding=\"async\" loading=\"lazy\" width=\"500\" height=\"500\" src=\"https:\/\/iesparana-ers.infd.edu.ar\/sitio\/wp-content\/uploads\/2023\/10\/3.jpg\" alt=\"\" class=\"wp-image-2811\"\/><\/figure>\n\n\n\n<figure class=\"wp-block-image size-full\"><img decoding=\"async\" loading=\"lazy\" width=\"769\" height=\"1024\" src=\"https:\/\/iesparana-ers.infd.edu.ar\/sitio\/wp-content\/uploads\/2023\/10\/2.jpg\" alt=\"\" class=\"wp-image-2813\" srcset=\"https:\/\/iesparana-ers.infd.edu.ar\/sitio\/wp-content\/uploads\/2023\/10\/2.jpg 769w, https:\/\/iesparana-ers.infd.edu.ar\/sitio\/wp-content\/uploads\/2023\/10\/2-751x1000.jpg 751w\" sizes=\"(max-width: 769px) 100vw, 769px\" \/><\/figure>\n\n\n\n<figure class=\"wp-block-image size-full\"><img decoding=\"async\" loading=\"lazy\" width=\"1280\" height=\"1600\" src=\"https:\/\/iesparana-ers.infd.edu.ar\/sitio\/wp-content\/uploads\/2023\/10\/4.jpg\" alt=\"\" class=\"wp-image-2828\" srcset=\"https:\/\/iesparana-ers.infd.edu.ar\/sitio\/wp-content\/uploads\/2023\/10\/4.jpg 1280w, https:\/\/iesparana-ers.infd.edu.ar\/sitio\/wp-content\/uploads\/2023\/10\/4-800x1000.jpg 800w, https:\/\/iesparana-ers.infd.edu.ar\/sitio\/wp-content\/uploads\/2023\/10\/4-768x960.jpg 768w, https:\/\/iesparana-ers.infd.edu.ar\/sitio\/wp-content\/uploads\/2023\/10\/4-1229x1536.jpg 1229w\" sizes=\"(max-width: 1280px) 100vw, 1280px\" \/><\/figure>\n\n\n\n<figure class=\"wp-block-image size-full\"><img decoding=\"async\" loading=\"lazy\" width=\"1280\" height=\"1600\" src=\"https:\/\/iesparana-ers.infd.edu.ar\/sitio\/wp-content\/uploads\/2023\/10\/5.jpg\" alt=\"\" class=\"wp-image-2829\" srcset=\"https:\/\/iesparana-ers.infd.edu.ar\/sitio\/wp-content\/uploads\/2023\/10\/5.jpg 1280w, https:\/\/iesparana-ers.infd.edu.ar\/sitio\/wp-content\/uploads\/2023\/10\/5-800x1000.jpg 800w, https:\/\/iesparana-ers.infd.edu.ar\/sitio\/wp-content\/uploads\/2023\/10\/5-768x960.jpg 768w, https:\/\/iesparana-ers.infd.edu.ar\/sitio\/wp-content\/uploads\/2023\/10\/5-1229x1536.jpg 1229w\" sizes=\"(max-width: 1280px) 100vw, 1280px\" \/><\/figure>\n\n\n\n<p>ESCUELA DE FORMACION PROFESIONAL DE GUARDAVIDAS<br>\u00a1\u00a1\u00a1\u00a1ATENCI\u00d3N FUTUROS ASPIRANTES A GUARDAVIDAS PROFESIONALES!!!!<\/p>\n\n\n\n<ul>\n<li>PREINSCRIPCI\u00d3N PARA EL CURSO DE GUARDAVIDAS 2024: A partir del 17 de octubre<br>Link de pre-inscripci\u00f3n: <a rel=\"noreferrer noopener\" href=\"https:\/\/docs.google.com\/forms\/d\/e\/1FAIpQLSdGAolwXeMx6xjFYFm7pMcdFle3ZJBYhdMSWvSlbEolmPZGgw\/closedform\" target=\"_blank\">https:\/\/docs.google.com\/forms\/d\/e\/1FAIpQLSdGAolwXeMx6xjFYFm7pMcdFle3ZJBYhdMSWvSlbEolmPZGgw\/closedform<\/a><br>AVALADO por Municipalidad de Paran\u00e1 y Consejo General de Educaci\u00f3n RESOLUCION<br>3311\/18 C.G.E<\/li>\n\n\n\n<li>Duraci\u00f3n. 9 meses (Marzo \u2013 Noviembre)<\/li>\n\n\n\n<li>R\u00e1pida Salida Laboral<\/li>\n\n\n\n<li>Cuotas accesibles.<\/li>\n\n\n\n<li>Clases te\u00f3ricas y pr\u00e1cticas<\/li>\n\n\n\n<li>Practicas: mar \u2013 r\u00edo &#8211; pileta<\/li>\n<\/ul>\n\n\n\n<p>INSCRIBITE completando el formulario a trav\u00e9s del siguiente link:<br>\u2026\u2026\u2026<br>Es necesario recordar que la preinscripci\u00f3n es una reserva de vacante, pero no garantiza el<br>cupo. El proceso finaliza con la presentaci\u00f3n de la documentaci\u00f3n (febrero \u2013 marzo)<br>Mas informaci\u00f3n:<br>INSTAGRAM (IG) : escueladeguardavidasiesp<br>EMAIL: escuelaguardavidasiesp@gmail.com<br>TEL: 3434050446 (Lic. Moncy, Giuliano)<br>Direcci\u00f3n: Corrientes 353 I.E.S.Paran\u00e1 \u2013 Entre R\u00edos ( 19:00 hs en adelante)<\/p>\n\n\n\n<p>REQUISITOS DE INSCRIPCI\u00d3N (febrero \u2013 marzo)<\/p>\n\n\n\n<ol>\n<li>4 fotos 4&#215;4<\/li>\n\n\n\n<li>Apto M\u00e9dico Actualizado<\/li>\n\n\n\n<li>Original y Fotocopia de DNI (ser mayor de 18 a\u00f1os)<\/li>\n\n\n\n<li>Titulo Secundario Completo o en tr\u00e1mite (al comienzo del cursado).<\/li>\n\n\n\n<li>Saber nadar.<\/li>\n<\/ol>\n\n\n\n<p>\u00a1\u00a1\u00a1\u00a1CUPOS LIMITADOS \u2013 TE ESPERAMOS!!!!<\/p>\n","protected":false},"excerpt":{"rendered":"<p>ESCUELA DE FORMACION PROFESIONAL DE GUARDAVIDAS\u00a1\u00a1\u00a1\u00a1ATENCI\u00d3N FUTUROS ASPIRANTES A GUARDAVIDAS PROFESIONALES!!!! INSCRIBITE completando el formulario a trav\u00e9s del siguiente link:\u2026\u2026\u2026Es necesario recordar que la preinscripci\u00f3n es una reserva de vacante, pero no garantiza elcupo. El proceso finaliza con la presentaci\u00f3n de la documentaci\u00f3n (febrero \u2013 marzo)Mas informaci\u00f3n:INSTAGRAM (IG) : escueladeguardavidasiespEMAIL: escuelaguardavidasiesp@gmail.comTEL: 3434050446 (Lic. Moncy, Giuliano)Direcci\u00f3n: &#8230; <a title=\"CURSO DE GUARDAVIDAS 2024 &#8211; PREINSCRIPCI\u00d3N\" class=\"read-more\" href=\"https:\/\/iesparana-ers.infd.edu.ar\/sitio\/guardavidas-inscripcion\/\" aria-label=\"More on CURSO DE GUARDAVIDAS 2024 &#8211; PREINSCRIPCI\u00d3N\">[+]<\/a><\/p>\n","protected":false},"author":1872,"featured_media":0,"parent":0,"menu_order":0,"comment_status":"closed","ping_status":"closed","template":"","meta":[],"acf":[],"_links":{"self":[{"href":"https:\/\/iesparana-ers.infd.edu.ar\/sitio\/wp-json\/wp\/v2\/pages\/2810"}],"collection":[{"href":"https:\/\/iesparana-ers.infd.edu.ar\/sitio\/wp-json\/wp\/v2\/pages"}],"about":[{"href":"https:\/\/iesparana-ers.infd.edu.ar\/sitio\/wp-json\/wp\/v2\/types\/page"}],"author":[{"embeddable":true,"href":"https:\/\/iesparana-ers.infd.edu.ar\/sitio\/wp-json\/wp\/v2\/users\/1872"}],"replies":[{"embeddable":true,"href":"https:\/\/iesparana-ers.infd.edu.ar\/sitio\/wp-json\/wp\/v2\/comments?post=2810"}],"version-history":[{"count":5,"href":"https:\/\/iesparana-ers.infd.edu.ar\/sitio\/wp-json\/wp\/v2\/pages\/2810\/revisions"}],"predecessor-version":[{"id":2946,"href":"https:\/\/iesparana-ers.infd.edu.ar\/sitio\/wp-json\/wp\/v2\/pages\/2810\/revisions\/2946"}],"wp:attachment":[{"href":"https:\/\/iesparana-ers.infd.edu.ar\/sitio\/wp-json\/wp\/v2\/media?parent=2810"}],"curies":[{"name":"wp","href":"https:\/\/api.w.org\/{rel}","templated":true}]}}