{"id":2963,"date":"2023-10-26T22:16:23","date_gmt":"2023-10-27T01:16:23","guid":{"rendered":"https:\/\/iesparana-ers.infd.edu.ar\/sitio\/?page_id=2963"},"modified":"2023-10-26T22:23:58","modified_gmt":"2023-10-27T01:23:58","slug":"ingresantes-2024-notificacion-para-presentarte","status":"publish","type":"page","link":"https:\/\/iesparana-ers.infd.edu.ar\/sitio\/ingresantes-2024-notificacion-para-presentarte\/","title":{"rendered":"INGRESANTES 2024 &#8211; NOTIFICACI\u00d3N PARA PRESENTARSE"},"content":{"rendered":"\n<p class=\"has-text-color has-large-font-size\" style=\"color:#262626\">A los ingresantes a mencionar a continuaci\u00f3n, se les envi\u00f3 un correo en el que deben presentarse en la Instituci\u00f3n para retirar la documentaci\u00f3n a presentar. La misma se realizar\u00e1 desde el lunes 30 de octubre hasta el viernes 3 de noviembre del 2023, en los horarios de 19 a 23 hs. <strong>En caso de no presentarse dicha semana, el lugar quedar\u00e1 vacante.<\/strong><\/p>\n\n\n\n<p class=\"has-text-color has-large-font-size\" style=\"color:#262626\"><strong>Listado de ingresantes inscriptos:<\/strong><\/p>\n\n\n\n<p class=\"has-text-color has-large-font-size\" style=\"color:#262626\">Aguirre, Agustina<br>Agusti, Franco David<br>Albornoz, Silvana dana<br>Alegre, Santiago<br>Alem, Axel<br>Angelino, C\u00e9sar Adrian Miguel<br>Arriondo, Lourdes Sofia<br>Arrua, Nazareno<br>Arr\u00faa, Ayel\u00e9n<br>Aruga, Franco<br>Baez, Lautaro<br>Baldovino, Lucio<br>Balta, Camila<br>Bazzana, Katia<br>Bello, Carla<br>Cairo, Christian<br>Calfacante, Bruno Agust\u00edn<br>Comar, Brenda<br>Contini Paniagua, Kiara Malen<br>Corregidor, Exequiel Alejandro<br>Crucianelli Diaz, Isaias<br>Cuadra, Paula Ver\u00f3nica<br>Dabin, Candela<br>DelTurco, Bruno Jesus<br>Diaz, Melisa<br>Dom\u00ednguez Gim\u00e9nez, Sabrina Abigail<br>Duarte, Gisela Daiana Janet<br>Gallego, Lara Guillermina<br>Galvan, Iara Ailen<br>Geminiani, Kevin Antonio<br>Gonzalez, Bruno Ezequiel<br>Gonzalez Villagra, valentino<br>Grandoli, Sasha Evelyn<br>Grandolio, Rom\u00e1n Dylan Daniel<br>Herrlein, Fabricio<br>Ibarra, Octavio<br>Ifrain Ingaramo, Shelsian<br>Imas, Juan Cruz<br>Kappes, Carolina<br>Leguizamon, Daniel andres<br>Macchi, Gino Paolo Armando<br>Maidana, Geronimo<br>Malagrida, Matias<br>Manavella, Stefano<br>Marizcurena, Ana Clara<br>Marmet, Griselda Noemi<br>Marquezin, Adriel<br>Martinez, Leandro<br>Mencia Eskinasi, Facundo<br>Mendieta, Enrique Gustavo<br>Micheloud, Alejo<br>Michlig, Roc\u00edo<br>Milocco Ridolfi, Lucas Maximiliano<br>Mi\u00f1os, Francisco Jes\u00fas Carlos<br>Morinigo, Tomas<br>Nu\u00f1ez, M\u00e1ximo<br>Oprandi Martinez, Pietro Valentino<br>Orellana, Manuel<br>Ortiz, Ernesto Francisco<br>Ortiz, PRISCILA<br>Ovejero, Narella Yael<br>Pereyra, Johann<br>Perez, Lucas Mat\u00edas<br>Perez Sartori, Facundo<br>Pirola, Tatiana Valentina<br>Quiroga, Karla<br>Raffo, Juan Ignacio<br>Ramirez, Alan<br>Ramirez, Sebastian<br>Ramirez, Federico Juli\u00e1n<br>Rebeque, Aaron Jesus Gabriel<br>Regner, Balthazar<br>Reyes Caballero, Bruno Ismael<br>Rios, Avril Sof\u00eda<br>Rivera, El\u00edas<br>Rodriguez, Emanuel<br>Rodr\u00edguez, Alan Gabriel<br>Romero, Mat\u00edas Gabriel<br>Saavedra, Marianella<br>Salgaro, Joaqu\u00edn<br>Salomone Tuyford, Candela Magali<br>Salvador Martinez Thomas Miguel<br>Sanchez, Gonzalo<br>Sarmiento, Cinthia Jimena<br>Schroeder, Fiorella<br>Schurlick, Virginia<br>Siano, Daniel Leonardo<br>Simon, Priscila Ailen<br>Sisnero, Maria Laura<br>Sosa, Mariano<br>Spessot, Nicolas<br>Tinta, Jazm\u00edn Martina<br>Toso, Tom\u00e1s Ignacio<br>Tovane, Morena<br>Trzuskot, Facundo<br>Valenzuela, Luc\u00eda Bel\u00e9n<br>V\u00e1zquez, Rodrigo Gabriel<br>Vega, Iara Ailen<br>Vel\u00e1zquez, Benjamin<br>Villanueva, Adriano<\/p>\n","protected":false},"excerpt":{"rendered":"<p>A los ingresantes a mencionar a continuaci\u00f3n, se les envi\u00f3 un correo en el que deben presentarse en la Instituci\u00f3n para retirar la documentaci\u00f3n a presentar. La misma se realizar\u00e1 desde el lunes 30 de octubre hasta el viernes 3 de noviembre del 2023, en los horarios de 19 a 23 hs. En caso de &#8230; <a title=\"INGRESANTES 2024 &#8211; NOTIFICACI\u00d3N PARA PRESENTARSE\" class=\"read-more\" href=\"https:\/\/iesparana-ers.infd.edu.ar\/sitio\/ingresantes-2024-notificacion-para-presentarte\/\" aria-label=\"More on INGRESANTES 2024 &#8211; NOTIFICACI\u00d3N PARA PRESENTARSE\">[+]<\/a><\/p>\n","protected":false},"author":1872,"featured_media":0,"parent":0,"menu_order":0,"comment_status":"closed","ping_status":"closed","template":"","meta":[],"acf":[],"_links":{"self":[{"href":"https:\/\/iesparana-ers.infd.edu.ar\/sitio\/wp-json\/wp\/v2\/pages\/2963"}],"collection":[{"href":"https:\/\/iesparana-ers.infd.edu.ar\/sitio\/wp-json\/wp\/v2\/pages"}],"about":[{"href":"https:\/\/iesparana-ers.infd.edu.ar\/sitio\/wp-json\/wp\/v2\/types\/page"}],"author":[{"embeddable":true,"href":"https:\/\/iesparana-ers.infd.edu.ar\/sitio\/wp-json\/wp\/v2\/users\/1872"}],"replies":[{"embeddable":true,"href":"https:\/\/iesparana-ers.infd.edu.ar\/sitio\/wp-json\/wp\/v2\/comments?post=2963"}],"version-history":[{"count":4,"href":"https:\/\/iesparana-ers.infd.edu.ar\/sitio\/wp-json\/wp\/v2\/pages\/2963\/revisions"}],"predecessor-version":[{"id":2968,"href":"https:\/\/iesparana-ers.infd.edu.ar\/sitio\/wp-json\/wp\/v2\/pages\/2963\/revisions\/2968"}],"wp:attachment":[{"href":"https:\/\/iesparana-ers.infd.edu.ar\/sitio\/wp-json\/wp\/v2\/media?parent=2963"}],"curies":[{"name":"wp","href":"https:\/\/api.w.org\/{rel}","templated":true}]}}