{"id":2971,"date":"2023-11-01T19:52:44","date_gmt":"2023-11-01T22:52:44","guid":{"rendered":"https:\/\/iesparana-ers.infd.edu.ar\/sitio\/?page_id=2971"},"modified":"2023-11-01T19:52:46","modified_gmt":"2023-11-01T22:52:46","slug":"ingresantes-2024-requisitos","status":"publish","type":"page","link":"https:\/\/iesparana-ers.infd.edu.ar\/sitio\/ingresantes-2024-requisitos\/","title":{"rendered":"INGRESANTES 2024 &#8211; REQUISITOS"},"content":{"rendered":"\n<p><strong><em>Ingresantes 2024 Documentaci\u00f3n y requisitos:<\/em><\/strong><\/p>\n\n\n\n<p>\u00b7&nbsp;&nbsp;1 carpeta 3 solapas color marr\u00f3n (completa con Apellido, nombre&nbsp; y DNI, a\u00f1o de ingreso).<\/p>\n\n\n\n<p>\u00b7&nbsp;Certificado de la finalizaci\u00f3n de estudios de la Escuela Secundaria debidamente legalizado o constancia de alumno regular (aquellos que est\u00e9n cursando el \u00faltimo a\u00f1o de la secundaria).<\/p>\n\n\n\n<p>\u00b7&nbsp;Fotocopia de Documento Nacional de Identidad o documentaci\u00f3n que corresponda en el caso de estudiantes extranjeros.<\/p>\n\n\n\n<p>\u00b7&nbsp;Partida de nacimiento, debidamente legalizada.<\/p>\n\n\n\n<p>\u00b7&nbsp;Constancia de CUIL.<\/p>\n\n\n\n<p>\u00b7&nbsp;Dos fotos 4&#215;4, para el legajo personal.<\/p>\n\n\n\n<p>\u00b7&nbsp;Planilla de inscripci\u00f3n con datos personales &nbsp;y Estudios m\u00e9dicos solicitados.<\/p>\n\n\n\n<p>\u00b7&nbsp;Pago de la cuota de la cooperadora.<\/p>\n\n\n\n<p>\u00b7&nbsp;Remera de la instituci\u00f3n.&nbsp;<\/p>\n\n\n\n<p>La entrega de la documentaci\u00f3n COMPLETA, se realizar\u00e1 del lunes 11 \/12 al viernes 15\/12. Aquellos que no presenten la documentaci\u00f3n en esa fecha, ese lugar quedar\u00e1&nbsp;<strong><em>vacante.<\/em><\/strong><\/p>\n","protected":false},"excerpt":{"rendered":"<p>Ingresantes 2024 Documentaci\u00f3n y requisitos: \u00b7&nbsp;&nbsp;1 carpeta 3 solapas color marr\u00f3n (completa con Apellido, nombre&nbsp; y DNI, a\u00f1o de ingreso). \u00b7&nbsp;Certificado de la finalizaci\u00f3n de estudios de la Escuela Secundaria debidamente legalizado o constancia de alumno regular (aquellos que est\u00e9n cursando el \u00faltimo a\u00f1o de la secundaria). \u00b7&nbsp;Fotocopia de Documento Nacional de Identidad o documentaci\u00f3n &#8230; <a title=\"INGRESANTES 2024 &#8211; REQUISITOS\" class=\"read-more\" href=\"https:\/\/iesparana-ers.infd.edu.ar\/sitio\/ingresantes-2024-requisitos\/\" aria-label=\"More on INGRESANTES 2024 &#8211; REQUISITOS\">[+]<\/a><\/p>\n","protected":false},"author":1872,"featured_media":0,"parent":0,"menu_order":0,"comment_status":"closed","ping_status":"closed","template":"","meta":[],"acf":[],"_links":{"self":[{"href":"https:\/\/iesparana-ers.infd.edu.ar\/sitio\/wp-json\/wp\/v2\/pages\/2971"}],"collection":[{"href":"https:\/\/iesparana-ers.infd.edu.ar\/sitio\/wp-json\/wp\/v2\/pages"}],"about":[{"href":"https:\/\/iesparana-ers.infd.edu.ar\/sitio\/wp-json\/wp\/v2\/types\/page"}],"author":[{"embeddable":true,"href":"https:\/\/iesparana-ers.infd.edu.ar\/sitio\/wp-json\/wp\/v2\/users\/1872"}],"replies":[{"embeddable":true,"href":"https:\/\/iesparana-ers.infd.edu.ar\/sitio\/wp-json\/wp\/v2\/comments?post=2971"}],"version-history":[{"count":1,"href":"https:\/\/iesparana-ers.infd.edu.ar\/sitio\/wp-json\/wp\/v2\/pages\/2971\/revisions"}],"predecessor-version":[{"id":2972,"href":"https:\/\/iesparana-ers.infd.edu.ar\/sitio\/wp-json\/wp\/v2\/pages\/2971\/revisions\/2972"}],"wp:attachment":[{"href":"https:\/\/iesparana-ers.infd.edu.ar\/sitio\/wp-json\/wp\/v2\/media?parent=2971"}],"curies":[{"name":"wp","href":"https:\/\/api.w.org\/{rel}","templated":true}]}}