{"id":3019,"date":"2023-11-23T20:44:30","date_gmt":"2023-11-23T23:44:30","guid":{"rendered":"https:\/\/iesparana-ers.infd.edu.ar\/sitio\/?page_id=3019"},"modified":"2023-11-27T22:10:28","modified_gmt":"2023-11-28T01:10:28","slug":"ptp-2023-mesas","status":"publish","type":"page","link":"https:\/\/iesparana-ers.infd.edu.ar\/sitio\/ptp-2023-mesas\/","title":{"rendered":"MESAS PTP DICIEMBRE 2023"},"content":{"rendered":"\n<p class=\"has-large-font-size\"><strong>INSCRIPCIONES ABIERTAS PARA MESAS DEL PROFESORADO T\u00c9CNICO <\/strong><\/p>\n\n\n\n<p><strong>LINK DE INSCRIPCI\u00d3N &#8211; PRIMER LLAMADO: <a rel=\"noreferrer noopener\" href=\"https:\/\/docs.google.com\/forms\/d\/e\/1FAIpQLSfwd7MtXhDxQebiC33UKL0E1mmDpoNxV4DDGSRV9oaip9OPVw\/viewform\" target=\"_blank\">CLIC AQU\u00cd<\/a><\/strong> (INSCRIPCIONES ABIERTAS HASTA EL 30 DE NOVIEMBRE)<\/p>\n\n\n\n<p><strong>LINK DE INSCRIPCI\u00d3N &#8211; SEGUNDO LLAMADO:<\/strong> <a rel=\"noreferrer noopener\" href=\"https:\/\/docs.google.com\/forms\/d\/e\/1FAIpQLSfXL29p8lkG99FwZgSQLFPuSaj9y5i4pi49deZg5JkKVIxWfg\/viewform\" data-type=\"URL\" data-id=\"https:\/\/docs.google.com\/forms\/d\/e\/1FAIpQLSfXL29p8lkG99FwZgSQLFPuSaj9y5i4pi49deZg5JkKVIxWfg\/viewform\" target=\"_blank\"><strong>CLIC AQU\u00cd<\/strong><\/a> (INSCRIPCIONES ABIERTAS HASTA EL 15 DE DICIEMBRE)<\/p>\n\n\n\n<figure class=\"wp-block-image size-full is-resized\"><img decoding=\"async\" loading=\"lazy\" src=\"https:\/\/iesparana-ers.infd.edu.ar\/sitio\/wp-content\/uploads\/2023\/11\/turnos-prof-tecnico.png\" alt=\"\" class=\"wp-image-3020\" width=\"1020\" height=\"595\" srcset=\"https:\/\/iesparana-ers.infd.edu.ar\/sitio\/wp-content\/uploads\/2023\/11\/turnos-prof-tecnico.png 840w, https:\/\/iesparana-ers.infd.edu.ar\/sitio\/wp-content\/uploads\/2023\/11\/turnos-prof-tecnico-768x448.png 768w\" sizes=\"(max-width: 1020px) 100vw, 1020px\" \/><\/figure>\n\n\n\n<p><\/p>\n","protected":false},"excerpt":{"rendered":"<p>INSCRIPCIONES ABIERTAS PARA MESAS DEL PROFESORADO T\u00c9CNICO LINK DE INSCRIPCI\u00d3N &#8211; PRIMER LLAMADO: CLIC AQU\u00cd (INSCRIPCIONES ABIERTAS HASTA EL 30 DE NOVIEMBRE) LINK DE INSCRIPCI\u00d3N &#8211; SEGUNDO LLAMADO: CLIC AQU\u00cd (INSCRIPCIONES ABIERTAS HASTA EL 15 DE DICIEMBRE)<\/p>\n","protected":false},"author":1872,"featured_media":0,"parent":0,"menu_order":0,"comment_status":"closed","ping_status":"closed","template":"","meta":[],"acf":[],"_links":{"self":[{"href":"https:\/\/iesparana-ers.infd.edu.ar\/sitio\/wp-json\/wp\/v2\/pages\/3019"}],"collection":[{"href":"https:\/\/iesparana-ers.infd.edu.ar\/sitio\/wp-json\/wp\/v2\/pages"}],"about":[{"href":"https:\/\/iesparana-ers.infd.edu.ar\/sitio\/wp-json\/wp\/v2\/types\/page"}],"author":[{"embeddable":true,"href":"https:\/\/iesparana-ers.infd.edu.ar\/sitio\/wp-json\/wp\/v2\/users\/1872"}],"replies":[{"embeddable":true,"href":"https:\/\/iesparana-ers.infd.edu.ar\/sitio\/wp-json\/wp\/v2\/comments?post=3019"}],"version-history":[{"count":4,"href":"https:\/\/iesparana-ers.infd.edu.ar\/sitio\/wp-json\/wp\/v2\/pages\/3019\/revisions"}],"predecessor-version":[{"id":3030,"href":"https:\/\/iesparana-ers.infd.edu.ar\/sitio\/wp-json\/wp\/v2\/pages\/3019\/revisions\/3030"}],"wp:attachment":[{"href":"https:\/\/iesparana-ers.infd.edu.ar\/sitio\/wp-json\/wp\/v2\/media?parent=3019"}],"curies":[{"name":"wp","href":"https:\/\/api.w.org\/{rel}","templated":true}]}}