{"id":3050,"date":"2024-02-15T22:16:24","date_gmt":"2024-02-16T01:16:24","guid":{"rendered":"https:\/\/iesparana-ers.infd.edu.ar\/sitio\/?page_id=3050"},"modified":"2024-02-15T22:55:45","modified_gmt":"2024-02-16T01:55:45","slug":"mesas-febrero-marzo-2024","status":"publish","type":"page","link":"https:\/\/iesparana-ers.infd.edu.ar\/sitio\/mesas-febrero-marzo-2024\/","title":{"rendered":"MESAS \u00abFEBRERO-MARZO 2024\u00bb"},"content":{"rendered":"\n<p><span style=\"font-size: 36px;\">Aclaraci\u00f3n: est\u00e1n publicados en esta publicaci\u00f3n, los links de inscripci\u00f3n al primer y segundo llamado y los links de baja de mesas del primer y segundo llamado<\/span><br><br><\/p>\n\n\n\n<p class=\"has-medium-font-size\"><strong>1\u00ba LLAMADO<\/strong><\/p>\n\n\n\n<p><strong>Inscripci\u00f3n: 18 al 20 de febrero. A trav\u00e9s de este link:<\/strong> <a rel=\"noreferrer noopener\" href=\"https:\/\/docs.google.com\/forms\/d\/e\/1FAIpQLScpbhSvO8RhWlsKevv_4KgtzZotP0TEWrJlHry7QjY6eoc_3Q\/closedform\" target=\"_blank\">CLIC AQU\u00cd<\/a><\/p>\n\n\n\n<p><strong>Evaluaci\u00f3n: 26\/02 al 1\/03<\/strong><br><br><strong>Link de bajas 1\u00ba llamado: <a rel=\"noreferrer noopener\" href=\"https:\/\/docs.google.com\/spreadsheets\/d\/1Wl8JeGLN3vEqgXWSfEYyJ5zHO2XyvKWutmIyIkYiHoI\/edit?usp=sharing\" target=\"_blank\">CLIC AQU\u00cd<\/a><\/strong><\/p>\n\n\n\n<p><\/p>\n\n\n\n<p class=\"has-medium-font-size\"><strong>2\u00ba LLAMADO<\/strong><\/p>\n\n\n\n<p><strong>Inscripci\u00f3n: 26 y 27 de febrero. A trav\u00e9s de este link:<\/strong> <a href=\"https:\/\/docs.google.com\/forms\/d\/e\/1FAIpQLSdvbf2wkzxlzcC4O8rsv-tv0us7yk5wDYVVUEyO4VhrmdvqpA\/closedform\" target=\"_blank\" rel=\"noreferrer noopener\">CLIC AQU\u00cd<\/a><\/p>\n\n\n\n<p><strong>Evaluaci\u00f3n: 4\/03 al 8\/03<\/strong><br><br><strong>Link de bajas 2\u00ba llamado: <a href=\"https:\/\/docs.google.com\/spreadsheets\/d\/1usrwo0fkiCMl8pbOHoUG8YBmbFNnOjeXloJ4EITWZyU\/edit?usp=sharing\" target=\"_blank\" rel=\"noreferrer noopener\">CLIC AQU\u00cd<\/a><\/strong><\/p>\n\n\n\n<p><br><br><\/p>\n\n\n\n<div class=\"wp-block-file\"><object class=\"wp-block-file__embed\" data=\"https:\/\/iesparana-ers.infd.edu.ar\/sitio\/wp-content\/uploads\/2024\/02\/MESAS-EVALUADORAS-FEBRERO-2024-MODIFICADO-II.pdf\" type=\"application\/pdf\" style=\"width:100%;height:600px\" aria-label=\"Incrustado de MESAS-EVALUADORAS-FEBRERO-2024-MODIFICADO-II.\"><\/object><a id=\"wp-block-file--media-e773e2ea-5a85-4d1d-8fde-fdb25f489a21\" href=\"https:\/\/iesparana-ers.infd.edu.ar\/sitio\/wp-content\/uploads\/2024\/02\/MESAS-EVALUADORAS-FEBRERO-2024-MODIFICADO-II.pdf\">MESAS-EVALUADORAS-FEBRERO-2024-MODIFICADO-II<\/a><a href=\"https:\/\/iesparana-ers.infd.edu.ar\/sitio\/wp-content\/uploads\/2024\/02\/MESAS-EVALUADORAS-FEBRERO-2024-MODIFICADO-II.pdf\" class=\"wp-block-file__button wp-element-button\" download aria-describedby=\"wp-block-file--media-e773e2ea-5a85-4d1d-8fde-fdb25f489a21\">Descarga<\/a><\/div>\n","protected":false},"excerpt":{"rendered":"<p>Aclaraci\u00f3n: est\u00e1n publicados en esta publicaci\u00f3n, los links de inscripci\u00f3n al primer y segundo llamado y los links de baja de mesas del primer y segundo llamado 1\u00ba LLAMADO Inscripci\u00f3n: 18 al 20 de febrero. A trav\u00e9s de este link: CLIC AQU\u00cd Evaluaci\u00f3n: 26\/02 al 1\/03 Link de bajas 1\u00ba llamado: CLIC AQU\u00cd 2\u00ba LLAMADO &#8230; <a title=\"MESAS \u00abFEBRERO-MARZO 2024\u00bb\" class=\"read-more\" href=\"https:\/\/iesparana-ers.infd.edu.ar\/sitio\/mesas-febrero-marzo-2024\/\" aria-label=\"More on MESAS \u00abFEBRERO-MARZO 2024\u00bb\">[+]<\/a><\/p>\n","protected":false},"author":1872,"featured_media":0,"parent":0,"menu_order":0,"comment_status":"closed","ping_status":"closed","template":"","meta":[],"acf":[],"_links":{"self":[{"href":"https:\/\/iesparana-ers.infd.edu.ar\/sitio\/wp-json\/wp\/v2\/pages\/3050"}],"collection":[{"href":"https:\/\/iesparana-ers.infd.edu.ar\/sitio\/wp-json\/wp\/v2\/pages"}],"about":[{"href":"https:\/\/iesparana-ers.infd.edu.ar\/sitio\/wp-json\/wp\/v2\/types\/page"}],"author":[{"embeddable":true,"href":"https:\/\/iesparana-ers.infd.edu.ar\/sitio\/wp-json\/wp\/v2\/users\/1872"}],"replies":[{"embeddable":true,"href":"https:\/\/iesparana-ers.infd.edu.ar\/sitio\/wp-json\/wp\/v2\/comments?post=3050"}],"version-history":[{"count":7,"href":"https:\/\/iesparana-ers.infd.edu.ar\/sitio\/wp-json\/wp\/v2\/pages\/3050\/revisions"}],"predecessor-version":[{"id":3061,"href":"https:\/\/iesparana-ers.infd.edu.ar\/sitio\/wp-json\/wp\/v2\/pages\/3050\/revisions\/3061"}],"wp:attachment":[{"href":"https:\/\/iesparana-ers.infd.edu.ar\/sitio\/wp-json\/wp\/v2\/media?parent=3050"}],"curies":[{"name":"wp","href":"https:\/\/api.w.org\/{rel}","templated":true}]}}