{"id":3072,"date":"2024-03-07T22:18:17","date_gmt":"2024-03-08T01:18:17","guid":{"rendered":"https:\/\/iesparana-ers.infd.edu.ar\/sitio\/?page_id=3072"},"modified":"2024-03-07T22:39:13","modified_gmt":"2024-03-08T01:39:13","slug":"inscripciones-ano-academico-2024","status":"publish","type":"page","link":"https:\/\/iesparana-ers.infd.edu.ar\/sitio\/inscripciones-ano-academico-2024\/","title":{"rendered":"INSCRIPCIONES A\u00d1O ACAD\u00c9MICO 2024"},"content":{"rendered":"\n<p class=\"has-medium-font-size\"><strong>ATENCI\u00d3N!!<br><\/strong><br>Estudiantes: se comparte el Formulario de Inscripci\u00f3n para el A\u00f1o Acad\u00e9mico 2024. Esta primera parte consiste en confirmar la inscripci\u00f3n como alumno REGULAR, posteriormente deber\u00e1n realizar una nueva inscripci\u00f3n especificando las unidades curriculares a cursar en funci\u00f3n del R\u00e9gimen de Correlatividades vigente seg\u00fan sea Resoluci\u00f3n N\u00ba 0338\/23 CGE (ingresantes Cohorte 2023\/2024) o Resoluci\u00f3n N\u00ba 4625\/17 CGE (Cohortes anteriores a 2023)<br><br><a rel=\"noreferrer noopener\" href=\"https:\/\/docs.google.com\/forms\/d\/e\/1FAIpQLSdoPE26nwYDZMdOVvYM0euPijY5MgQtgVYFoR82-4TT8cTlTg\/closedform\" target=\"_blank\">INSCRIPCIONES &#8211; ALUMNOS REGULARES 2024 (CLIC AQU\u00cd)<\/a> (inscripci\u00f3n se habilita los d\u00edas 11 y 12 de marzo)<br><br><a rel=\"noreferrer noopener\" href=\"https:\/\/docs.google.com\/forms\/d\/e\/1FAIpQLScH8SezpY5rqQ4az70CV4eYPCmaKXCyhle1RK8wGllPGtk0dA\/closedform\" target=\"_blank\">INSCRIPCIONES &#8211; ALUMNOS RECURSANTES \/ REINGRESANTES 2024 (CLIC AQU\u00cd)<\/a> (inscripci\u00f3n se habilita solamente el d\u00eda 13 de marzo)<br><br>Se comparte el Contrato Pedag\u00f3gico que deben presentar de manera impresa para efectivizar la inscripci\u00f3n.<\/p>\n\n\n\n<div class=\"wp-block-file\"><object class=\"wp-block-file__embed\" data=\"https:\/\/iesparana-ers.infd.edu.ar\/sitio\/wp-content\/uploads\/2024\/03\/CONTRATO-PEDAGOGICO-2024-IESP.pdf\" type=\"application\/pdf\" style=\"width:100%;height:600px\" aria-label=\"Incrustado de CONTRATO-PEDAGOGICO-2024-IESP.\"><\/object><a id=\"wp-block-file--media-de25fc2b-aa39-40ad-abc4-d4ae7536a093\" href=\"https:\/\/iesparana-ers.infd.edu.ar\/sitio\/wp-content\/uploads\/2024\/03\/CONTRATO-PEDAGOGICO-2024-IESP.pdf\">CONTRATO-PEDAGOGICO-2024-IESP<\/a><a href=\"https:\/\/iesparana-ers.infd.edu.ar\/sitio\/wp-content\/uploads\/2024\/03\/CONTRATO-PEDAGOGICO-2024-IESP.pdf\" class=\"wp-block-file__button wp-element-button\" download aria-describedby=\"wp-block-file--media-de25fc2b-aa39-40ad-abc4-d4ae7536a093\">Descarga<\/a><\/div>\n","protected":false},"excerpt":{"rendered":"<p>ATENCI\u00d3N!!Estudiantes: se comparte el Formulario de Inscripci\u00f3n para el A\u00f1o Acad\u00e9mico 2024. Esta primera parte consiste en confirmar la inscripci\u00f3n como alumno REGULAR, posteriormente deber\u00e1n realizar una nueva inscripci\u00f3n especificando las unidades curriculares a cursar en funci\u00f3n del R\u00e9gimen de Correlatividades vigente seg\u00fan sea Resoluci\u00f3n N\u00ba 0338\/23 CGE (ingresantes Cohorte 2023\/2024) o Resoluci\u00f3n N\u00ba 4625\/17 &#8230; <a title=\"INSCRIPCIONES A\u00d1O ACAD\u00c9MICO 2024\" class=\"read-more\" href=\"https:\/\/iesparana-ers.infd.edu.ar\/sitio\/inscripciones-ano-academico-2024\/\" aria-label=\"More on INSCRIPCIONES A\u00d1O ACAD\u00c9MICO 2024\">[+]<\/a><\/p>\n","protected":false},"author":1872,"featured_media":0,"parent":0,"menu_order":0,"comment_status":"closed","ping_status":"closed","template":"","meta":[],"acf":[],"_links":{"self":[{"href":"https:\/\/iesparana-ers.infd.edu.ar\/sitio\/wp-json\/wp\/v2\/pages\/3072"}],"collection":[{"href":"https:\/\/iesparana-ers.infd.edu.ar\/sitio\/wp-json\/wp\/v2\/pages"}],"about":[{"href":"https:\/\/iesparana-ers.infd.edu.ar\/sitio\/wp-json\/wp\/v2\/types\/page"}],"author":[{"embeddable":true,"href":"https:\/\/iesparana-ers.infd.edu.ar\/sitio\/wp-json\/wp\/v2\/users\/1872"}],"replies":[{"embeddable":true,"href":"https:\/\/iesparana-ers.infd.edu.ar\/sitio\/wp-json\/wp\/v2\/comments?post=3072"}],"version-history":[{"count":3,"href":"https:\/\/iesparana-ers.infd.edu.ar\/sitio\/wp-json\/wp\/v2\/pages\/3072\/revisions"}],"predecessor-version":[{"id":3076,"href":"https:\/\/iesparana-ers.infd.edu.ar\/sitio\/wp-json\/wp\/v2\/pages\/3072\/revisions\/3076"}],"wp:attachment":[{"href":"https:\/\/iesparana-ers.infd.edu.ar\/sitio\/wp-json\/wp\/v2\/media?parent=3072"}],"curies":[{"name":"wp","href":"https:\/\/api.w.org\/{rel}","templated":true}]}}