{"id":3081,"date":"2024-03-15T23:40:15","date_gmt":"2024-03-16T02:40:15","guid":{"rendered":"https:\/\/iesparana-ers.infd.edu.ar\/sitio\/?page_id=3081"},"modified":"2024-03-15T23:40:16","modified_gmt":"2024-03-16T02:40:16","slug":"aviso-importante","status":"publish","type":"page","link":"https:\/\/iesparana-ers.infd.edu.ar\/sitio\/aviso-importante\/","title":{"rendered":"Aviso importante"},"content":{"rendered":"\n<p>Estimados estudiantes,<br>Como ya hemos informado, al inicio de ciclo lectivo, no contamos con los desdoblamientos de las comisiones B, por lo que en el inicio, el d\u00eda lunes, los horarios de cursado ser\u00e1n los de comisi\u00f3n A, divido en dos, para atender a toda la matr\u00edcula inscripta en el presente ciclo lectivo.<br>Solicitamos paciencia, y respetar los horarios, hasta que desde CGE, nos designen las horas de desdoblamientos, y podamos concursar espacios curriculares de COM B.<br>Para asegurar que todos tengan clases, hemos establecido, que la hora c\u00e1tedra de COM A, se dividir\u00e1 en dos horarios.<br>La primera hora asistir\u00e1n estudiantes inscriptos en comisi\u00f3n A y la segunda hora estudiantes inscriptos en comisi\u00f3n B.<br>Por lo que el d\u00eda LUNES 18\/3, los horarios ser\u00e1n los siguientes.<br>Primer a\u00f1o: CURSO CICLO INTRODUCTORIO.<br>9 hs. Com A. Corporeidad juego y lenguaje. Club talleres sede. Pagola.<br>10 Hs. Com B Corporeidad juego y lenguaje. Club talleres sede. Pagola.<br>19 HS. TALLER DE RAM. Ambas comisiones.<br>Segundo a\u00f1o:<br>Pr\u00e1ctica Deportiva 2: Voley Ledesma. 8 Hs. 2\u00b0 A. 9 Hs. 2\u00b0B. Talleres.<br>Pr\u00e1ctica Docente, con Prof. Fern\u00e1ndez. COM A 19 A 20 HS y Com. B 21 a 22 hs.<\/p>\n\n\n\n<p>Tercer a\u00f1o:<br>Sociolog\u00eda Prof. Blestcher. COM. A 19 a 20 Hs. y COM B 20 A 21 HS.<br>ESI Prof. Blestcher. 21 Com A 22 Com B.<\/p>\n\n\n\n<p>Cuarto a\u00f1o:<br>Pr\u00e1ctica Docente 4. Turinettis. Ledesma. Com A 19 A 20 Hs. Com B 20 a 21 hs.<br>Epistemolog\u00eda y Problem\u00e1tica contempor\u00e1nea. Ib\u00e1\u00f1ez, Caviglia. 21 Hs. Com A 22 Com B.<\/p>\n\n\n\n<p>Y a partir del martes, de igual manera, en el horario de COMISI\u00d3N A, los horarios se dividir\u00e1n, en dos la primerah hora COM A, y el segundo horario COM B.<\/p>\n\n\n\n<p>Ante cualquier duda o consulta, estamos a disposici\u00f3n.<\/p>\n\n\n\n<p>Equipo de Conducci\u00f3n.<\/p>\n\n\n\n<p><\/p>\n\n\n\n<div class=\"wp-block-file\"><a id=\"wp-block-file--media-de427c38-ddc8-4727-bc3c-e3f1426ef84f\" href=\"https:\/\/iesparana-ers.infd.edu.ar\/sitio\/wp-content\/uploads\/2024\/03\/Horarios-IESP-EF-2024-definitivos-1.docx\">Horarios-IESP-EF-2024-definitivos-1<\/a><a href=\"https:\/\/iesparana-ers.infd.edu.ar\/sitio\/wp-content\/uploads\/2024\/03\/Horarios-IESP-EF-2024-definitivos-1.docx\" class=\"wp-block-file__button wp-element-button\" download aria-describedby=\"wp-block-file--media-de427c38-ddc8-4727-bc3c-e3f1426ef84f\">Descarga<\/a><\/div>\n","protected":false},"excerpt":{"rendered":"<p>Estimados estudiantes,Como ya hemos informado, al inicio de ciclo lectivo, no contamos con los desdoblamientos de las comisiones B, por lo que en el inicio, el d\u00eda lunes, los horarios de cursado ser\u00e1n los de comisi\u00f3n A, divido en dos, para atender a toda la matr\u00edcula inscripta en el presente ciclo lectivo.Solicitamos paciencia, y respetar &#8230; <a title=\"Aviso importante\" class=\"read-more\" href=\"https:\/\/iesparana-ers.infd.edu.ar\/sitio\/aviso-importante\/\" aria-label=\"More on Aviso importante\">[+]<\/a><\/p>\n","protected":false},"author":1872,"featured_media":0,"parent":0,"menu_order":0,"comment_status":"closed","ping_status":"closed","template":"","meta":[],"acf":[],"_links":{"self":[{"href":"https:\/\/iesparana-ers.infd.edu.ar\/sitio\/wp-json\/wp\/v2\/pages\/3081"}],"collection":[{"href":"https:\/\/iesparana-ers.infd.edu.ar\/sitio\/wp-json\/wp\/v2\/pages"}],"about":[{"href":"https:\/\/iesparana-ers.infd.edu.ar\/sitio\/wp-json\/wp\/v2\/types\/page"}],"author":[{"embeddable":true,"href":"https:\/\/iesparana-ers.infd.edu.ar\/sitio\/wp-json\/wp\/v2\/users\/1872"}],"replies":[{"embeddable":true,"href":"https:\/\/iesparana-ers.infd.edu.ar\/sitio\/wp-json\/wp\/v2\/comments?post=3081"}],"version-history":[{"count":2,"href":"https:\/\/iesparana-ers.infd.edu.ar\/sitio\/wp-json\/wp\/v2\/pages\/3081\/revisions"}],"predecessor-version":[{"id":3085,"href":"https:\/\/iesparana-ers.infd.edu.ar\/sitio\/wp-json\/wp\/v2\/pages\/3081\/revisions\/3085"}],"wp:attachment":[{"href":"https:\/\/iesparana-ers.infd.edu.ar\/sitio\/wp-json\/wp\/v2\/media?parent=3081"}],"curies":[{"name":"wp","href":"https:\/\/api.w.org\/{rel}","templated":true}]}}