{"id":3087,"date":"2024-04-18T22:54:22","date_gmt":"2024-04-19T01:54:22","guid":{"rendered":"https:\/\/iesparana-ers.infd.edu.ar\/sitio\/?page_id=3087"},"modified":"2024-04-24T23:52:17","modified_gmt":"2024-04-25T02:52:17","slug":"inscripciones-a-comisiones-de-1o-a-4o-ano","status":"publish","type":"page","link":"https:\/\/iesparana-ers.infd.edu.ar\/sitio\/inscripciones-a-comisiones-de-1o-a-4o-ano\/","title":{"rendered":"INSCRIPCIONES A COMISIONES DE 1\u00ba A 4\u00ba A\u00d1O"},"content":{"rendered":"\n<p>Estudiantes, se les comunica que a partir del d\u00eda 25 de abril de 2024 se reabre durante 24 hs, sin excepci\u00f3n, el formulario de inscripci\u00f3n obligatorio para los a\u00f1os y comisiones: 1\u00ba C, 2\u00ba A y B, 3\u00ba A y B, 4\u00ba A y B. Todos los estudiantes que no se inscribieron el 19 de abril a este formulario deben inscribirse al a\u00f1o, comisi\u00f3n y unidad curricular correspondiente; <strong><mark style=\"background-color:rgba(0, 0, 0, 0)\" class=\"has-inline-color has-contrast-color\">teniendo en cuenta que las comisiones a las que ya tengan cupos completados, no podr\u00e1n inscribirse<\/mark><\/strong>. Esta inscripci\u00f3n es la \u00faltima instancia para acceder a listados y cursado de unidades curriculares (seg\u00fan R\u00e9gimen de Correlatividades) para aquellos que no cumplimentaron instancias anteriores, aquellos que optan por cursado seg\u00fan comisiones (a excepci\u00f3n del 1\u00ba C que deben inscribirse todos los recursantes) y <strong><mark style=\"background-color:rgba(0, 0, 0, 0)\" class=\"has-inline-color has-contrast-color\">respetando el n\u00famero de unidades curriculares en las que se hubieran inscripto anteriormente<\/mark><\/strong>. La no realizaci\u00f3n de esta inscripci\u00f3n es responsabilidad de cada uno de los estudiantes ya que se cumple en informar y socializar dicha inscripci\u00f3n. <strong><mark style=\"background-color:rgba(0, 0, 0, 0)\" class=\"has-inline-color has-contrast-color\">Los alumnos que no se inscriban, se los asignar\u00e1 automaticamente a las comisiones que tengan cupos disponibles, sin excepci\u00f3n.<\/mark><\/strong><br><br><br><br><a rel=\"noreferrer noopener\" href=\"https:\/\/docs.google.com\/forms\/d\/e\/1FAIpQLSebjR6QSu4X4_5EZfOJKu_z8mbSYIAEzDeJHJHQMTR-XoucVg\/closedform\" target=\"_blank\"><strong>ENLACE DE INSCRIPCI\u00d3N A COMISIONES (CLIC AQU\u00cd)<\/strong><\/a><\/p>\n","protected":false},"excerpt":{"rendered":"<p>Estudiantes, se les comunica que a partir del d\u00eda 25 de abril de 2024 se reabre durante 24 hs, sin excepci\u00f3n, el formulario de inscripci\u00f3n obligatorio para los a\u00f1os y comisiones: 1\u00ba C, 2\u00ba A y B, 3\u00ba A y B, 4\u00ba A y B. Todos los estudiantes que no se inscribieron el 19 de &#8230; <a title=\"INSCRIPCIONES A COMISIONES DE 1\u00ba A 4\u00ba A\u00d1O\" class=\"read-more\" href=\"https:\/\/iesparana-ers.infd.edu.ar\/sitio\/inscripciones-a-comisiones-de-1o-a-4o-ano\/\" aria-label=\"More on INSCRIPCIONES A COMISIONES DE 1\u00ba A 4\u00ba A\u00d1O\">[+]<\/a><\/p>\n","protected":false},"author":1872,"featured_media":0,"parent":0,"menu_order":0,"comment_status":"closed","ping_status":"closed","template":"","meta":[],"acf":[],"_links":{"self":[{"href":"https:\/\/iesparana-ers.infd.edu.ar\/sitio\/wp-json\/wp\/v2\/pages\/3087"}],"collection":[{"href":"https:\/\/iesparana-ers.infd.edu.ar\/sitio\/wp-json\/wp\/v2\/pages"}],"about":[{"href":"https:\/\/iesparana-ers.infd.edu.ar\/sitio\/wp-json\/wp\/v2\/types\/page"}],"author":[{"embeddable":true,"href":"https:\/\/iesparana-ers.infd.edu.ar\/sitio\/wp-json\/wp\/v2\/users\/1872"}],"replies":[{"embeddable":true,"href":"https:\/\/iesparana-ers.infd.edu.ar\/sitio\/wp-json\/wp\/v2\/comments?post=3087"}],"version-history":[{"count":2,"href":"https:\/\/iesparana-ers.infd.edu.ar\/sitio\/wp-json\/wp\/v2\/pages\/3087\/revisions"}],"predecessor-version":[{"id":3090,"href":"https:\/\/iesparana-ers.infd.edu.ar\/sitio\/wp-json\/wp\/v2\/pages\/3087\/revisions\/3090"}],"wp:attachment":[{"href":"https:\/\/iesparana-ers.infd.edu.ar\/sitio\/wp-json\/wp\/v2\/media?parent=3087"}],"curies":[{"name":"wp","href":"https:\/\/api.w.org\/{rel}","templated":true}]}}