{"id":3103,"date":"2024-05-09T22:40:24","date_gmt":"2024-05-10T01:40:24","guid":{"rendered":"https:\/\/iesparana-ers.infd.edu.ar\/sitio\/?page_id=3103"},"modified":"2024-05-09T22:48:00","modified_gmt":"2024-05-10T01:48:00","slug":"mesa-evaluadora-extraordinaria-mayo-2024","status":"publish","type":"page","link":"https:\/\/iesparana-ers.infd.edu.ar\/sitio\/mesa-evaluadora-extraordinaria-mayo-2024\/","title":{"rendered":"MESA EVALUADORA EXTRAORDINARIA &#8211; MAYO 2024"},"content":{"rendered":"\n<p><\/p>\n\n\n\n<p><strong><h3>Aclaraci\u00f3n: est\u00e1 publicado en este aviso, el link de inscripci\u00f3n al \u00fanico llamado para la mesa evaluadora extraordinaria del mes de mayo 2024.<\/h3><\/strong><br><\/p>\n\n\n\n<p><strong>LLAMADO \u00daNICO<br>Inscripci\u00f3n: 11, 12 y 13 de mayo. A trav\u00e9s de este link:<\/strong> <a rel=\"noreferrer noopener\" href=\"https:\/\/docs.google.com\/forms\/d\/e\/1FAIpQLSfCcOA7iml0nEU3ShnhUoORNUZVgA4PeuAJ8_mnoOyJn-XRNw\/closedform\" target=\"_blank\">CLIC AQU\u00cd<\/a><\/p>\n\n\n\n<p><strong>FECHAS DE MESAS DEL 20 AL 24 DE MAYO<\/strong><\/p>\n\n\n\n<div class=\"wp-block-file\"><object class=\"wp-block-file__embed\" data=\"https:\/\/iesparana-ers.infd.edu.ar\/sitio\/wp-content\/uploads\/2024\/05\/MESAS-EVALUADORAS-MAYO-2024.pdf\" type=\"application\/pdf\" style=\"width:100%;height:600px\" aria-label=\"Incrustado de MESAS-EVALUADORAS-MAYO-2024.\"><\/object><a id=\"wp-block-file--media-dca1eda1-2116-44c4-95c8-0ffce3e75b21\" href=\"https:\/\/iesparana-ers.infd.edu.ar\/sitio\/wp-content\/uploads\/2024\/05\/MESAS-EVALUADORAS-MAYO-2024.pdf\">MESAS-EVALUADORAS-MAYO-2024<\/a><a href=\"https:\/\/iesparana-ers.infd.edu.ar\/sitio\/wp-content\/uploads\/2024\/05\/MESAS-EVALUADORAS-MAYO-2024.pdf\" class=\"wp-block-file__button wp-element-button\" download aria-describedby=\"wp-block-file--media-dca1eda1-2116-44c4-95c8-0ffce3e75b21\">Descarga<\/a><\/div>\n\n\n\n<p><\/p>\n\n\n\n<p><strong>LINK DE BAJAS: <\/strong><a href=\"https:\/\/docs.google.com\/spreadsheets\/d\/1D-065c6UUybfqAhAdIneHIG-pm_YX7iCaNYnfN8WFbA\/edit?usp=sharing\" target=\"_blank\" rel=\"noreferrer noopener\">CLIC AQU\u00cd<\/a><\/p>\n\n\n\n<p><\/p>\n\n\n\n<p><\/p>\n","protected":false},"excerpt":{"rendered":"<p>Aclaraci\u00f3n: est\u00e1 publicado en este aviso, el link de inscripci\u00f3n al \u00fanico llamado para la mesa evaluadora extraordinaria del mes de mayo 2024. LLAMADO \u00daNICOInscripci\u00f3n: 11, 12 y 13 de mayo. A trav\u00e9s de este link: CLIC AQU\u00cd FECHAS DE MESAS DEL 20 AL 24 DE MAYO LINK DE BAJAS: CLIC AQU\u00cd<\/p>\n","protected":false},"author":1872,"featured_media":0,"parent":0,"menu_order":0,"comment_status":"closed","ping_status":"closed","template":"","meta":[],"acf":[],"_links":{"self":[{"href":"https:\/\/iesparana-ers.infd.edu.ar\/sitio\/wp-json\/wp\/v2\/pages\/3103"}],"collection":[{"href":"https:\/\/iesparana-ers.infd.edu.ar\/sitio\/wp-json\/wp\/v2\/pages"}],"about":[{"href":"https:\/\/iesparana-ers.infd.edu.ar\/sitio\/wp-json\/wp\/v2\/types\/page"}],"author":[{"embeddable":true,"href":"https:\/\/iesparana-ers.infd.edu.ar\/sitio\/wp-json\/wp\/v2\/users\/1872"}],"replies":[{"embeddable":true,"href":"https:\/\/iesparana-ers.infd.edu.ar\/sitio\/wp-json\/wp\/v2\/comments?post=3103"}],"version-history":[{"count":3,"href":"https:\/\/iesparana-ers.infd.edu.ar\/sitio\/wp-json\/wp\/v2\/pages\/3103\/revisions"}],"predecessor-version":[{"id":3175,"href":"https:\/\/iesparana-ers.infd.edu.ar\/sitio\/wp-json\/wp\/v2\/pages\/3103\/revisions\/3175"}],"wp:attachment":[{"href":"https:\/\/iesparana-ers.infd.edu.ar\/sitio\/wp-json\/wp\/v2\/media?parent=3103"}],"curies":[{"name":"wp","href":"https:\/\/api.w.org\/{rel}","templated":true}]}}