{"id":3174,"date":"2024-08-29T22:31:59","date_gmt":"2024-08-30T01:31:59","guid":{"rendered":"https:\/\/iesparana-ers.infd.edu.ar\/sitio\/?page_id=3174"},"modified":"2024-09-07T22:57:44","modified_gmt":"2024-09-08T01:57:44","slug":"mesa-evaluadora-extraordinaria-septiembre-2024","status":"publish","type":"page","link":"https:\/\/iesparana-ers.infd.edu.ar\/sitio\/mesa-evaluadora-extraordinaria-septiembre-2024\/","title":{"rendered":"MESA EVALUADORA EXTRAORDINARIA &#8211; SEPTIEMBRE 2024"},"content":{"rendered":"\n<p><strong>LLAMADO \u00daNICO<br>Inscripci\u00f3n: desde el 30 de agosto hasta el 02 de septiembre. A trav\u00e9s de este link:<\/strong> <a rel=\"noreferrer noopener\" href=\"https:\/\/iesparana.republicaweb.net\/\" target=\"_blank\">CLIC AQU\u00cd<\/a><\/p>\n\n\n\n<p><strong>FECHAS DE MESAS: del 09 al 13 de Septiembre.<\/strong><br><br>Se les informa que las Mesas Evaluadoras Extraordinarias de Septiembre, se organizan en funci\u00f3n del R\u00e9gimen Acad\u00e9mico Marco por Resoluci\u00f3n N\u00b0 0249\/24 CGE siendo en este periodo habilitadas las siguientes Unidades Curriculares para ser rendidas en mesas evaluadoras. Asi mismo se informa que se aplica el R\u00e9gimen de Correlatividades por Resoluciones N\u00b0 4625\/17 CGE y N\u00b0 0338\/23 CGE.<br><\/p>\n\n\n\n<p><strong>UNIDADES CURRICULARES HABILITADAS PARA INSCRIPCI\u00d3N &#8211; MESA EVALUADORA EXTRAORDINARIA SEPTIEMBRE<\/strong><br><br>1\u00b0 CORPOREIDAD, JUEGO Y LENGUAJES ART\u00cdSTICOS<br>1\u00b0 DEPORTE INDIVIDUAL: ATLETISMO<br>1\u00b0 ORALIDAD, LECTURA Y ESCRITURA Y TIC<br>1\u00b0 PEDAGOGIA<br>1\u00b0 PRACTICA DOCENTE I<br>1\u00b0 PRACTICAS ACUATICAS I<br>1\u00b0 PRACTICAS GIMNASTICAS Y EXPRESIVAS I<br>1\u00b0 PRACTICAS LUDOMOTRICES<br>1\u00b0 PSICOLOGIA EDUCACIONAL<br>2\u00b0 BIOMOTRICIDAD I<br>2\u00b0 DID\u00c1CTICA DE LA EDUCACION FISICA I<br>2\u00b0 DIDACTICA GENERAL<br>2\u00b0 PRACTICAS DOCENTES II<br>2\u00b0 SUJETOS DE LA EDUCACION<br>3\u00b0 BIOMOTRICIDAD II<br>3\u00b0 DID\u00c1CTICA DE LA EDUCACION FISICA II<br>3\u00b0 EDUCACION INCLUSIVA<br>3\u00b0 EDUCACION SEXUAL INTEGRAL<br>3\u00b0 HISTORIA Y POLITICA DE LA EDUCACION ARGENTINA<br>3\u00b0 PRACTICAS DEPORTIVAS EN CONJUNTO II: BASQUET (TALLER)<br>3\u00b0 PRACTICAS DEPORTIVAS EN CONJUNTO II: HOCKEY (TALLER)<br>3\u00b0 PRACTICAS DOCENTES III<br>3\u00b0 RECREACION Y TIEMPO LIBRE<br>3\u00b0 SOCIOLOGIA DE LA EDUCACI\u00d3N<br>4\u00b0 PR\u00c1CTICAS DOCENTES IV<\/p>\n\n\n\n<div class=\"wp-block-file\"><object class=\"wp-block-file__embed\" data=\"https:\/\/iesparana-ers.infd.edu.ar\/sitio\/wp-content\/uploads\/2024\/09\/MESAS-EVALUADORAS-SEPTIEMBRE-2024-MODIFICADO-1.pdf\" type=\"application\/pdf\" style=\"width:100%;height:600px\" aria-label=\"Incrustado de MESAS-EVALUADORAS-SEPTIEMBRE-2024-MODIFICADO-1.\"><\/object><a id=\"wp-block-file--media-0ba50cbb-3d04-4d0f-9f84-9cd60b62fd4e\" href=\"https:\/\/iesparana-ers.infd.edu.ar\/sitio\/wp-content\/uploads\/2024\/09\/MESAS-EVALUADORAS-SEPTIEMBRE-2024-MODIFICADO-1.pdf\">MESAS-EVALUADORAS-SEPTIEMBRE-2024-MODIFICADO-1<\/a><a href=\"https:\/\/iesparana-ers.infd.edu.ar\/sitio\/wp-content\/uploads\/2024\/09\/MESAS-EVALUADORAS-SEPTIEMBRE-2024-MODIFICADO-1.pdf\" class=\"wp-block-file__button wp-element-button\" download aria-describedby=\"wp-block-file--media-0ba50cbb-3d04-4d0f-9f84-9cd60b62fd4e\">Descarga<\/a><\/div>\n\n\n\n<p><\/p>\n\n\n\n<p><strong>LINK DE BAJA DE MESAS<\/strong>: <a rel=\"noreferrer noopener\" href=\"https:\/\/docs.google.com\/spreadsheets\/d\/1rZUl1LUCS1ZxL_dJpcQ3DhU8K4uh02tlJW-8Wj0bKc4\/edit?usp=sharing\" target=\"_blank\">CLIC AQU\u00cd<\/a><\/p>\n","protected":false},"excerpt":{"rendered":"<p>LLAMADO \u00daNICOInscripci\u00f3n: desde el 30 de agosto hasta el 02 de septiembre. A trav\u00e9s de este link: CLIC AQU\u00cd FECHAS DE MESAS: del 09 al 13 de Septiembre. Se les informa que las Mesas Evaluadoras Extraordinarias de Septiembre, se organizan en funci\u00f3n del R\u00e9gimen Acad\u00e9mico Marco por Resoluci\u00f3n N\u00b0 0249\/24 CGE siendo en este periodo &#8230; <a title=\"MESA EVALUADORA EXTRAORDINARIA &#8211; SEPTIEMBRE 2024\" class=\"read-more\" href=\"https:\/\/iesparana-ers.infd.edu.ar\/sitio\/mesa-evaluadora-extraordinaria-septiembre-2024\/\" aria-label=\"More on MESA EVALUADORA EXTRAORDINARIA &#8211; SEPTIEMBRE 2024\">[+]<\/a><\/p>\n","protected":false},"author":1872,"featured_media":0,"parent":0,"menu_order":0,"comment_status":"closed","ping_status":"closed","template":"","meta":[],"acf":[],"_links":{"self":[{"href":"https:\/\/iesparana-ers.infd.edu.ar\/sitio\/wp-json\/wp\/v2\/pages\/3174"}],"collection":[{"href":"https:\/\/iesparana-ers.infd.edu.ar\/sitio\/wp-json\/wp\/v2\/pages"}],"about":[{"href":"https:\/\/iesparana-ers.infd.edu.ar\/sitio\/wp-json\/wp\/v2\/types\/page"}],"author":[{"embeddable":true,"href":"https:\/\/iesparana-ers.infd.edu.ar\/sitio\/wp-json\/wp\/v2\/users\/1872"}],"replies":[{"embeddable":true,"href":"https:\/\/iesparana-ers.infd.edu.ar\/sitio\/wp-json\/wp\/v2\/comments?post=3174"}],"version-history":[{"count":8,"href":"https:\/\/iesparana-ers.infd.edu.ar\/sitio\/wp-json\/wp\/v2\/pages\/3174\/revisions"}],"predecessor-version":[{"id":3190,"href":"https:\/\/iesparana-ers.infd.edu.ar\/sitio\/wp-json\/wp\/v2\/pages\/3174\/revisions\/3190"}],"wp:attachment":[{"href":"https:\/\/iesparana-ers.infd.edu.ar\/sitio\/wp-json\/wp\/v2\/media?parent=3174"}],"curies":[{"name":"wp","href":"https:\/\/api.w.org\/{rel}","templated":true}]}}