{"id":318,"date":"2016-10-31T14:20:44","date_gmt":"2016-10-31T17:20:44","guid":{"rendered":"https:\/\/iesparana-ers.infd.edu.ar\/sitio\/?page_id=318"},"modified":"2025-08-27T19:29:51","modified_gmt":"2025-08-27T22:29:51","slug":"contacto","status":"publish","type":"page","link":"https:\/\/iesparana-ers.infd.edu.ar\/sitio\/contacto\/","title":{"rendered":"CONTACTO"},"content":{"rendered":"<h2 style=\"text-align: center;\">Nuestras v\u00edas de comunicaci\u00f3n<\/h2>\n<p style=\"font-weight: 400;\"><b>Preceptor\u00eda<\/b><strong style=\"font-weight: 400;\">:<\/strong><\/p>\n<p>En el caso de preceptor\u00eda colocar en el \u00abASUNTO\u00bb el nombre del preceptor que corresponde a cada a\u00f1o:<strong> <a href=\"mailto:preceptoriaies64@gmail.com\">preceptoriaies64@gmail.com<\/a><\/strong><\/p>\n<table width=\"463\">\n<tbody>\n<tr>\n<td style=\"text-align: center;\" width=\"112\"><span style=\"color: #339966;\"><strong>1\u00b0 A\u00f1o<\/strong><\/span><\/td>\n<td style=\"text-align: center;\" width=\"124\"><span style=\"color: #339966;\"><strong>2\u00b0 A\u00f1o<\/strong><\/span><\/td>\n<td style=\"text-align: center;\" width=\"126\"><span style=\"color: #339966;\"><strong>3\u00b0 A\u00f1o y 4\u00b0 A\u00f1o<\/strong><\/span><\/td>\n<\/tr>\n<tr>\n<td style=\"text-align: center;\">Lorena Balcaza<\/td>\n<td style=\"text-align: center;\">Yari Jalil<\/td>\n<td style=\"text-align: center;\">Guillermo Escan\u00e9s<\/td>\n<\/tr>\n<\/tbody>\n<\/table>\n<h5>\u00a0<\/h5>\n<h5 style=\"font-weight: 400;\">\u00a0<\/h5>\n\n\n<p><\/p>\n","protected":false},"excerpt":{"rendered":"<p>Nuestras v\u00edas de comunicaci\u00f3n Preceptor\u00eda: En el caso de preceptor\u00eda colocar en el \u00abASUNTO\u00bb el nombre del preceptor que corresponde a cada a\u00f1o: preceptoriaies64@gmail.com 1\u00b0 A\u00f1o 2\u00b0 A\u00f1o 3\u00b0 A\u00f1o y 4\u00b0 A\u00f1o Lorena Balcaza Yari Jalil Guillermo Escan\u00e9s \u00a0 \u00a0<\/p>\n","protected":false},"author":1,"featured_media":0,"parent":0,"menu_order":0,"comment_status":"closed","ping_status":"closed","template":"","meta":[],"acf":[],"_links":{"self":[{"href":"https:\/\/iesparana-ers.infd.edu.ar\/sitio\/wp-json\/wp\/v2\/pages\/318"}],"collection":[{"href":"https:\/\/iesparana-ers.infd.edu.ar\/sitio\/wp-json\/wp\/v2\/pages"}],"about":[{"href":"https:\/\/iesparana-ers.infd.edu.ar\/sitio\/wp-json\/wp\/v2\/types\/page"}],"author":[{"embeddable":true,"href":"https:\/\/iesparana-ers.infd.edu.ar\/sitio\/wp-json\/wp\/v2\/users\/1"}],"replies":[{"embeddable":true,"href":"https:\/\/iesparana-ers.infd.edu.ar\/sitio\/wp-json\/wp\/v2\/comments?post=318"}],"version-history":[{"count":31,"href":"https:\/\/iesparana-ers.infd.edu.ar\/sitio\/wp-json\/wp\/v2\/pages\/318\/revisions"}],"predecessor-version":[{"id":3323,"href":"https:\/\/iesparana-ers.infd.edu.ar\/sitio\/wp-json\/wp\/v2\/pages\/318\/revisions\/3323"}],"wp:attachment":[{"href":"https:\/\/iesparana-ers.infd.edu.ar\/sitio\/wp-json\/wp\/v2\/media?parent=318"}],"curies":[{"name":"wp","href":"https:\/\/api.w.org\/{rel}","templated":true}]}}