{"id":3212,"date":"2024-10-14T19:26:44","date_gmt":"2024-10-14T22:26:44","guid":{"rendered":"https:\/\/iesparana-ers.infd.edu.ar\/sitio\/?page_id=3212"},"modified":"2024-10-14T19:26:45","modified_gmt":"2024-10-14T22:26:45","slug":"preinscripciones-2025","status":"publish","type":"page","link":"https:\/\/iesparana-ers.infd.edu.ar\/sitio\/preinscripciones-2025\/","title":{"rendered":"PREINSCRIPCIONES 2025"},"content":{"rendered":"\n<p>Las preinscripciones para ingresantes al Profesorado de Educaci\u00f3n F\u00edsica, estar\u00e1n abiertas entre el 15 y el 17 de octubre. Deber\u00e1n efectivizar la preinscripci\u00f3n mediante el siguiente formulario web que estar\u00e1 disponible en las fechas especificadas: <a href=\"https:\/\/iesparana.republicaweb.net\/ingresantes\/\">https:\/\/iesparana.republicaweb.net\/ingresantes\/<\/a><br><br>Posteriormente a dicha preinscripci\u00f3n, se realizar\u00e1 un sorteo para definir los cupos titulares y suplentes para el a\u00f1o acad\u00e9mico 2025.<\/p>\n","protected":false},"excerpt":{"rendered":"<p>Las preinscripciones para ingresantes al Profesorado de Educaci\u00f3n F\u00edsica, estar\u00e1n abiertas entre el 15 y el 17 de octubre. Deber\u00e1n efectivizar la preinscripci\u00f3n mediante el siguiente formulario web que estar\u00e1 disponible en las fechas especificadas: https:\/\/iesparana.republicaweb.net\/ingresantes\/ Posteriormente a dicha preinscripci\u00f3n, se realizar\u00e1 un sorteo para definir los cupos titulares y suplentes para el a\u00f1o acad\u00e9mico &#8230; <a title=\"PREINSCRIPCIONES 2025\" class=\"read-more\" href=\"https:\/\/iesparana-ers.infd.edu.ar\/sitio\/preinscripciones-2025\/\" aria-label=\"More on PREINSCRIPCIONES 2025\">[+]<\/a><\/p>\n","protected":false},"author":1872,"featured_media":0,"parent":0,"menu_order":0,"comment_status":"closed","ping_status":"closed","template":"","meta":[],"acf":[],"_links":{"self":[{"href":"https:\/\/iesparana-ers.infd.edu.ar\/sitio\/wp-json\/wp\/v2\/pages\/3212"}],"collection":[{"href":"https:\/\/iesparana-ers.infd.edu.ar\/sitio\/wp-json\/wp\/v2\/pages"}],"about":[{"href":"https:\/\/iesparana-ers.infd.edu.ar\/sitio\/wp-json\/wp\/v2\/types\/page"}],"author":[{"embeddable":true,"href":"https:\/\/iesparana-ers.infd.edu.ar\/sitio\/wp-json\/wp\/v2\/users\/1872"}],"replies":[{"embeddable":true,"href":"https:\/\/iesparana-ers.infd.edu.ar\/sitio\/wp-json\/wp\/v2\/comments?post=3212"}],"version-history":[{"count":1,"href":"https:\/\/iesparana-ers.infd.edu.ar\/sitio\/wp-json\/wp\/v2\/pages\/3212\/revisions"}],"predecessor-version":[{"id":3213,"href":"https:\/\/iesparana-ers.infd.edu.ar\/sitio\/wp-json\/wp\/v2\/pages\/3212\/revisions\/3213"}],"wp:attachment":[{"href":"https:\/\/iesparana-ers.infd.edu.ar\/sitio\/wp-json\/wp\/v2\/media?parent=3212"}],"curies":[{"name":"wp","href":"https:\/\/api.w.org\/{rel}","templated":true}]}}