{"id":3238,"date":"2024-11-13T19:54:19","date_gmt":"2024-11-13T22:54:19","guid":{"rendered":"https:\/\/iesparana-ers.infd.edu.ar\/sitio\/?page_id=3238"},"modified":"2024-11-25T23:00:46","modified_gmt":"2024-11-26T02:00:46","slug":"mesa-evaluadora-ordinaria-diciembre-2024","status":"publish","type":"page","link":"https:\/\/iesparana-ers.infd.edu.ar\/sitio\/mesa-evaluadora-ordinaria-diciembre-2024\/","title":{"rendered":"MESA EVALUADORA ORDINARIA &#8211; DICIEMBRE 2024"},"content":{"rendered":"\n<p>Estudiantes, las mesas presentan dos llamados a los cuales deben optar por uno de ellos para cada unidad curricular seg\u00fan lo establecido en el art\u00edculo 41 Resoluci\u00f3n N\u00b0 0249\/24 CGE.<\/p>\n\n\n\n<p><strong>Inscripciones a ambos llamados: del 25 al 26 de noviembre<\/strong><\/p>\n\n\n\n<div class=\"wp-block-group is-vertical is-layout-flex wp-container-3\">\n<p><strong>Link de la p\u00e1gina de inscripciones<\/strong>: <a rel=\"noreferrer noopener\" href=\"https:\/\/iesparana.republicaweb.net\" target=\"_blank\">https:\/\/iesparana.republicaweb.net<\/a><\/p>\n\n\n\n<div class=\"wp-block-group is-vertical is-layout-flex wp-container-2\">\n<div class=\"wp-block-group is-vertical is-layout-flex wp-container-1\">\n<p><br>Se incorpora un nuevo cambio en la pantalla de inscripci\u00f3n de las mesas, donde a partir del 25 de noviembre deben seleccionar por cada asignatura si se inscriben al primer o al segundo llamado y por \u00faltimo presionar el bot\u00f3n INSCRIBIR. A continuaci\u00f3n se muestra imagen de ejemplo.<br><\/p>\n\n\n\n<figure class=\"wp-block-image size-full\"><img decoding=\"async\" loading=\"lazy\" width=\"629\" height=\"427\" src=\"https:\/\/iesparana-ers.infd.edu.ar\/sitio\/wp-content\/uploads\/2024\/11\/imagen.png\" alt=\"\" class=\"wp-image-3239\"\/><\/figure>\n<\/div>\n\n\n\n<p>En caso que no se quieran inscribir a una asignatura, dejar el campo de selecci\u00f3n que est\u00e1 al lado de la asignatura como aparece por defecto (opci\u00f3n \u00abseleccionar llamado\u00bb). Solo deben seleccionar primer o segundo llamado en las unidades que deseen inscribirse.<\/p>\n<\/div>\n<\/div>\n\n\n\n<div class=\"wp-block-group is-vertical is-layout-flex wp-container-4\">\n<p><strong>Links de bajas:<\/strong><\/p>\n\n\n\n<p><a rel=\"noreferrer noopener\" href=\"https:\/\/docs.google.com\/spreadsheets\/d\/1wHtwQN7Z_pvoj7onYjJB8r-NmA5yF4IL2gsqG8ave3s\/edit?usp=sharing\" target=\"_blank\">1\u00b0 llamado<\/a><\/p>\n\n\n\n<p><a href=\"https:\/\/docs.google.com\/spreadsheets\/d\/1ggbpCudL_5lSbLFpBBTCzkgmL8xMntmNPMbj63ypfLs\/edit?usp=sharing\" target=\"_blank\" rel=\"noreferrer noopener\">2\u00b0 llamado<\/a><\/p>\n<\/div>\n\n\n\n<p><\/p>\n\n\n\n<p><\/p>\n\n\n\n<div class=\"wp-block-file\"><object class=\"wp-block-file__embed\" data=\"https:\/\/iesparana-ers.infd.edu.ar\/sitio\/wp-content\/uploads\/2024\/11\/MESAS-EVALUADORAS-ORDINARIAS-DICIEMBRE-2024-2.pdf\" type=\"application\/pdf\" style=\"width:100%;height:600px\" aria-label=\"Incrustado de MESAS-EVALUADORAS-ORDINARIAS-DICIEMBRE-2024-2.\"><\/object><a id=\"wp-block-file--media-b0493de1-1533-4680-86f7-e6d8a4c4e6d3\" href=\"https:\/\/iesparana-ers.infd.edu.ar\/sitio\/wp-content\/uploads\/2024\/11\/MESAS-EVALUADORAS-ORDINARIAS-DICIEMBRE-2024-2.pdf\">MESAS-EVALUADORAS-ORDINARIAS-DICIEMBRE-2024-2<\/a><a href=\"https:\/\/iesparana-ers.infd.edu.ar\/sitio\/wp-content\/uploads\/2024\/11\/MESAS-EVALUADORAS-ORDINARIAS-DICIEMBRE-2024-2.pdf\" class=\"wp-block-file__button wp-element-button\" download aria-describedby=\"wp-block-file--media-b0493de1-1533-4680-86f7-e6d8a4c4e6d3\">Descarga<\/a><\/div>\n","protected":false},"excerpt":{"rendered":"<p>Estudiantes, las mesas presentan dos llamados a los cuales deben optar por uno de ellos para cada unidad curricular seg\u00fan lo establecido en el art\u00edculo 41 Resoluci\u00f3n N\u00b0 0249\/24 CGE. Inscripciones a ambos llamados: del 25 al 26 de noviembre Link de la p\u00e1gina de inscripciones: https:\/\/iesparana.republicaweb.net Se incorpora un nuevo cambio en la pantalla &#8230; <a title=\"MESA EVALUADORA ORDINARIA &#8211; DICIEMBRE 2024\" class=\"read-more\" href=\"https:\/\/iesparana-ers.infd.edu.ar\/sitio\/mesa-evaluadora-ordinaria-diciembre-2024\/\" aria-label=\"More on MESA EVALUADORA ORDINARIA &#8211; DICIEMBRE 2024\">[+]<\/a><\/p>\n","protected":false},"author":1872,"featured_media":0,"parent":0,"menu_order":0,"comment_status":"closed","ping_status":"closed","template":"","meta":[],"acf":[],"_links":{"self":[{"href":"https:\/\/iesparana-ers.infd.edu.ar\/sitio\/wp-json\/wp\/v2\/pages\/3238"}],"collection":[{"href":"https:\/\/iesparana-ers.infd.edu.ar\/sitio\/wp-json\/wp\/v2\/pages"}],"about":[{"href":"https:\/\/iesparana-ers.infd.edu.ar\/sitio\/wp-json\/wp\/v2\/types\/page"}],"author":[{"embeddable":true,"href":"https:\/\/iesparana-ers.infd.edu.ar\/sitio\/wp-json\/wp\/v2\/users\/1872"}],"replies":[{"embeddable":true,"href":"https:\/\/iesparana-ers.infd.edu.ar\/sitio\/wp-json\/wp\/v2\/comments?post=3238"}],"version-history":[{"count":8,"href":"https:\/\/iesparana-ers.infd.edu.ar\/sitio\/wp-json\/wp\/v2\/pages\/3238\/revisions"}],"predecessor-version":[{"id":3250,"href":"https:\/\/iesparana-ers.infd.edu.ar\/sitio\/wp-json\/wp\/v2\/pages\/3238\/revisions\/3250"}],"wp:attachment":[{"href":"https:\/\/iesparana-ers.infd.edu.ar\/sitio\/wp-json\/wp\/v2\/media?parent=3238"}],"curies":[{"name":"wp","href":"https:\/\/api.w.org\/{rel}","templated":true}]}}