{"id":3265,"date":"2025-02-25T22:36:33","date_gmt":"2025-02-26T01:36:33","guid":{"rendered":"https:\/\/iesparana-ers.infd.edu.ar\/sitio\/?page_id=3265"},"modified":"2025-02-26T19:25:53","modified_gmt":"2025-02-26T22:25:53","slug":"tramite-de-solicitud-de-equivalencias-2025","status":"publish","type":"page","link":"https:\/\/iesparana-ers.infd.edu.ar\/sitio\/tramite-de-solicitud-de-equivalencias-2025\/","title":{"rendered":"Tr\u00e1mite de Solicitud de Equivalencias 2025"},"content":{"rendered":"\n<p>Estudiantes se comparte el comunicado N\u00b0 2 &#8211; 2025 &#8211; SA referido al procedimiento y requisito de solicitud de equivalencias para el A\u00f1o Acad\u00e9mico 2025. Aqu\u00ed encontrar\u00e1n el formulario requerido para el tr\u00e1mite.<\/p>\n\n\n\n<p><\/p>\n\n\n\n<div class=\"wp-block-file\"><a id=\"wp-block-file--media-6583db9f-9b68-4f41-bb17-5fbf3ae1ef70\" href=\"https:\/\/iesparana-ers.infd.edu.ar\/sitio\/wp-content\/uploads\/2025\/02\/FORMULARIO-EQUIVALENCIA-RES-0249-24-EDITABLE-.docx\">FORMULARIO-EQUIVALENCIA-RES-0249-24-EDITABLE-<\/a><a href=\"https:\/\/iesparana-ers.infd.edu.ar\/sitio\/wp-content\/uploads\/2025\/02\/FORMULARIO-EQUIVALENCIA-RES-0249-24-EDITABLE-.docx\" class=\"wp-block-file__button wp-element-button\" download aria-describedby=\"wp-block-file--media-6583db9f-9b68-4f41-bb17-5fbf3ae1ef70\">Descarga<\/a><\/div>\n\n\n\n<div class=\"wp-block-file\"><object class=\"wp-block-file__embed\" data=\"https:\/\/iesparana-ers.infd.edu.ar\/sitio\/wp-content\/uploads\/2025\/02\/COMUNICADO-02-2025-SA-EQUIVALENCIAS.pdf\" type=\"application\/pdf\" style=\"width:100%;height:600px\" aria-label=\"Incrustado de COMUNICADO-02-2025-SA-EQUIVALENCIAS.\"><\/object><a id=\"wp-block-file--media-a22dec99-5a5a-44af-938f-a73c4c3d502b\" href=\"https:\/\/iesparana-ers.infd.edu.ar\/sitio\/wp-content\/uploads\/2025\/02\/COMUNICADO-02-2025-SA-EQUIVALENCIAS.pdf\">COMUNICADO-02-2025-SA-EQUIVALENCIAS<\/a><a href=\"https:\/\/iesparana-ers.infd.edu.ar\/sitio\/wp-content\/uploads\/2025\/02\/COMUNICADO-02-2025-SA-EQUIVALENCIAS.pdf\" class=\"wp-block-file__button wp-element-button\" download aria-describedby=\"wp-block-file--media-a22dec99-5a5a-44af-938f-a73c4c3d502b\">Descarga<\/a><\/div>\n","protected":false},"excerpt":{"rendered":"<p>Estudiantes se comparte el comunicado N\u00b0 2 &#8211; 2025 &#8211; SA referido al procedimiento y requisito de solicitud de equivalencias para el A\u00f1o Acad\u00e9mico 2025. Aqu\u00ed encontrar\u00e1n el formulario requerido para el tr\u00e1mite.<\/p>\n","protected":false},"author":1872,"featured_media":0,"parent":0,"menu_order":0,"comment_status":"closed","ping_status":"closed","template":"","meta":[],"acf":[],"_links":{"self":[{"href":"https:\/\/iesparana-ers.infd.edu.ar\/sitio\/wp-json\/wp\/v2\/pages\/3265"}],"collection":[{"href":"https:\/\/iesparana-ers.infd.edu.ar\/sitio\/wp-json\/wp\/v2\/pages"}],"about":[{"href":"https:\/\/iesparana-ers.infd.edu.ar\/sitio\/wp-json\/wp\/v2\/types\/page"}],"author":[{"embeddable":true,"href":"https:\/\/iesparana-ers.infd.edu.ar\/sitio\/wp-json\/wp\/v2\/users\/1872"}],"replies":[{"embeddable":true,"href":"https:\/\/iesparana-ers.infd.edu.ar\/sitio\/wp-json\/wp\/v2\/comments?post=3265"}],"version-history":[{"count":2,"href":"https:\/\/iesparana-ers.infd.edu.ar\/sitio\/wp-json\/wp\/v2\/pages\/3265\/revisions"}],"predecessor-version":[{"id":3269,"href":"https:\/\/iesparana-ers.infd.edu.ar\/sitio\/wp-json\/wp\/v2\/pages\/3265\/revisions\/3269"}],"wp:attachment":[{"href":"https:\/\/iesparana-ers.infd.edu.ar\/sitio\/wp-json\/wp\/v2\/media?parent=3265"}],"curies":[{"name":"wp","href":"https:\/\/api.w.org\/{rel}","templated":true}]}}