{"id":3270,"date":"2025-02-27T22:42:43","date_gmt":"2025-02-28T01:42:43","guid":{"rendered":"https:\/\/iesparana-ers.infd.edu.ar\/sitio\/?page_id=3270"},"modified":"2025-02-27T22:42:44","modified_gmt":"2025-02-28T01:42:44","slug":"inscripciones-ano-academico-2025","status":"publish","type":"page","link":"https:\/\/iesparana-ers.infd.edu.ar\/sitio\/inscripciones-ano-academico-2025\/","title":{"rendered":"INSCRIPCIONES A\u00d1O ACAD\u00c9MICO 2025"},"content":{"rendered":"\n<p><\/p>\n\n\n\n<p>Estudiantes, se les informa que se encontrar\u00e1 habilitada la secci\u00f3n de Inscripciones para Alumnos Regulares los d\u00edas 05 y 06 de marzo, \u00fanicamente. Deben matricularse los estudiantes de 2\u00b0 a 4\u00b0 a\u00f1o, teniendo en cuenta el cursado para el a\u00f1o acad\u00e9mico seg\u00fan sean Regulares, Reingresantes y Recursantes.<br><br>P\u00e1gina de inscripci\u00f3n: <a rel=\"noreferrer noopener\" href=\"https:\/\/iesparana.republicaweb.net\" target=\"_blank\">https:\/\/iesparana.republicaweb.net<\/a><\/p>\n\n\n\n<p>Cuando inicien sesi\u00f3n, si ingresan fuera de las fechas establecidas, les saldr\u00e1 el cartel mostrado en la imagen.<\/p>\n\n\n\n<figure class=\"wp-block-image size-full\"><img decoding=\"async\" loading=\"lazy\" width=\"778\" height=\"401\" src=\"https:\/\/iesparana-ers.infd.edu.ar\/sitio\/wp-content\/uploads\/2025\/02\/imagen.png\" alt=\"\" class=\"wp-image-3272\" srcset=\"https:\/\/iesparana-ers.infd.edu.ar\/sitio\/wp-content\/uploads\/2025\/02\/imagen.png 778w, https:\/\/iesparana-ers.infd.edu.ar\/sitio\/wp-content\/uploads\/2025\/02\/imagen-768x396.png 768w\" sizes=\"(max-width: 778px) 100vw, 778px\" \/><\/figure>\n\n\n\n<p><\/p>\n\n\n\n<p>Imagen de ejemplo del formulario cuando se habilite en los d\u00edas correspondientes. Prestar atenci\u00f3n en elegir las opciones correctas.<\/p>\n\n\n\n<figure class=\"wp-block-image size-full\"><img decoding=\"async\" loading=\"lazy\" width=\"717\" height=\"596\" src=\"https:\/\/iesparana-ers.infd.edu.ar\/sitio\/wp-content\/uploads\/2025\/02\/imagen2.png\" alt=\"\" class=\"wp-image-3273\"\/><\/figure>\n\n\n\n<p><br><br><\/p>\n\n\n\n<p><br><\/p>\n\n\n\n<p><\/p>\n","protected":false},"excerpt":{"rendered":"<p>Estudiantes, se les informa que se encontrar\u00e1 habilitada la secci\u00f3n de Inscripciones para Alumnos Regulares los d\u00edas 05 y 06 de marzo, \u00fanicamente. Deben matricularse los estudiantes de 2\u00b0 a 4\u00b0 a\u00f1o, teniendo en cuenta el cursado para el a\u00f1o acad\u00e9mico seg\u00fan sean Regulares, Reingresantes y Recursantes. P\u00e1gina de inscripci\u00f3n: https:\/\/iesparana.republicaweb.net Cuando inicien sesi\u00f3n, si &#8230; <a title=\"INSCRIPCIONES A\u00d1O ACAD\u00c9MICO 2025\" class=\"read-more\" href=\"https:\/\/iesparana-ers.infd.edu.ar\/sitio\/inscripciones-ano-academico-2025\/\" aria-label=\"More on INSCRIPCIONES A\u00d1O ACAD\u00c9MICO 2025\">[+]<\/a><\/p>\n","protected":false},"author":1872,"featured_media":0,"parent":0,"menu_order":0,"comment_status":"closed","ping_status":"closed","template":"","meta":[],"acf":[],"_links":{"self":[{"href":"https:\/\/iesparana-ers.infd.edu.ar\/sitio\/wp-json\/wp\/v2\/pages\/3270"}],"collection":[{"href":"https:\/\/iesparana-ers.infd.edu.ar\/sitio\/wp-json\/wp\/v2\/pages"}],"about":[{"href":"https:\/\/iesparana-ers.infd.edu.ar\/sitio\/wp-json\/wp\/v2\/types\/page"}],"author":[{"embeddable":true,"href":"https:\/\/iesparana-ers.infd.edu.ar\/sitio\/wp-json\/wp\/v2\/users\/1872"}],"replies":[{"embeddable":true,"href":"https:\/\/iesparana-ers.infd.edu.ar\/sitio\/wp-json\/wp\/v2\/comments?post=3270"}],"version-history":[{"count":2,"href":"https:\/\/iesparana-ers.infd.edu.ar\/sitio\/wp-json\/wp\/v2\/pages\/3270\/revisions"}],"predecessor-version":[{"id":3275,"href":"https:\/\/iesparana-ers.infd.edu.ar\/sitio\/wp-json\/wp\/v2\/pages\/3270\/revisions\/3275"}],"wp:attachment":[{"href":"https:\/\/iesparana-ers.infd.edu.ar\/sitio\/wp-json\/wp\/v2\/media?parent=3270"}],"curies":[{"name":"wp","href":"https:\/\/api.w.org\/{rel}","templated":true}]}}