{"id":3284,"date":"2025-04-03T15:51:36","date_gmt":"2025-04-03T18:51:36","guid":{"rendered":"https:\/\/iesparana-ers.infd.edu.ar\/sitio\/?page_id=3284"},"modified":"2025-04-03T16:04:27","modified_gmt":"2025-04-03T19:04:27","slug":"ayudantia-de-catedra","status":"publish","type":"page","link":"https:\/\/iesparana-ers.infd.edu.ar\/sitio\/ayudantia-de-catedra\/","title":{"rendered":"Ayudant\u00eda de c\u00e1tedra"},"content":{"rendered":"\n<p>Por ACTA N\u00b0 04-2025 CD se autoriza desde el <strong>26 de marzo al 21 de abril <\/strong>de 2025 la Inscripci\u00f3n para <strong>Presentaci\u00f3n de Proyectos<\/strong> en la figura del <strong>Ayudante de C\u00e1tedra<\/strong> de Nivel Superior, seg\u00fan Resoluci\u00f3n N\u00b0 1888\/07 CGE.<\/p>\n\n\n\n<h2 class=\"wp-block-heading has-accent-color has-text-color has-medium-font-size\">Unidades curriculares y docentes que han comunicado la aceptaci\u00f3n de la figura de \u00abAyudante de c\u00e1tedra\u00bb<\/h2>\n\n\n\n<p>Sujetos de la Educaci\u00f3n | Prof. Marcelo Perini | 2do a\u00f1o.<\/p>\n\n\n\n<p>Actividad F\u00edsica y Salud | Prof. Roberto Ledesma | 4to a\u00f1o.<\/p>\n\n\n\n<p>Oralidad, Lectura, escritura y TIC | Prof. Marta Chaparro | 1er a\u00f1o.<\/p>\n\n\n\n<p>Oralidad, Lectura, escritura y TIC | Carlos D\u00edaz | 1er a\u00f1o.<\/p>\n\n\n\n<p>Pr\u00e1cticas Deportivas en Conjunto | Softbol | Prof. Evelyn Caisso | 4to a\u00f1o.<\/p>\n\n\n\n<p>Did\u00e1ctica de la Educaci\u00f3n F\u00edsica II | Prof. Lucas Guiller\u00f3n | 3er a\u00f1o.<\/p>\n\n\n\n<p>Pr\u00e1cticas Acu\u00e1ticas I | Prof. Mat\u00edas Vel\u00e1zquez | 1er a\u00f1o<\/p>\n\n\n\n<p>Pr\u00e1cticas Acu\u00e1ticas II | Prof. Mat\u00edas Vel\u00e1zquez | 2do a\u00f1o.<\/p>\n\n\n\n<p>Pr\u00e1cticas Ludomotrices | Prof. Natalia Cuesta Barcos | 1er a\u00f1o<\/p>\n\n\n\n<p>Corporeidad, Juegos y Lenguajes Art\u00edsticos (Perfil: Educ. F\u00edsica) | Prof. Natalia Cuesta Barcos | 1er a\u00f1o<\/p>\n\n\n\n<p>Recreaci\u00f3n y Tiempo Libre | Prof. Natalia Cuesta Barcos | 3er a\u00f1o.<\/p>\n\n\n\n<p><\/p>\n\n\n\n<p>Los aspirantes interesados en desempe\u00f1arse como Ayudante de C\u00e1tedra deber\u00e1n presentar al Equipo<br>Directivo\/ Consejo Directivo Institucional la documentaci\u00f3n en carpeta y ajustarse a lo explicitado en el<br>Comunicado N\u00b0 05-2025 SA- Ayudant\u00eda de C\u00e1tedra 2025.<\/p>\n\n\n\n<div class=\"wp-block-file\"><object class=\"wp-block-file__embed\" data=\"https:\/\/iesparana-ers.infd.edu.ar\/sitio\/wp-content\/uploads\/2025\/04\/COMUNICADO-05-2025-SA-AYUDANTIA-CATEDRA-21-03-25.pdf\" type=\"application\/pdf\" style=\"width:100%;height:600px\" aria-label=\"Incrustado de COMUNICADO-05-2025-SA-AYUDANTIA-CATEDRA-21-03-25.\"><\/object><a id=\"wp-block-file--media-39209b94-bc74-40fd-a269-521232e69f8d\" href=\"https:\/\/iesparana-ers.infd.edu.ar\/sitio\/wp-content\/uploads\/2025\/04\/COMUNICADO-05-2025-SA-AYUDANTIA-CATEDRA-21-03-25.pdf\">COMUNICADO-05-2025-SA-AYUDANTIA-CATEDRA-21-03-25<\/a><a href=\"https:\/\/iesparana-ers.infd.edu.ar\/sitio\/wp-content\/uploads\/2025\/04\/COMUNICADO-05-2025-SA-AYUDANTIA-CATEDRA-21-03-25.pdf\" class=\"wp-block-file__button wp-element-button\" download aria-describedby=\"wp-block-file--media-39209b94-bc74-40fd-a269-521232e69f8d\">Descarga<\/a><\/div>\n","protected":false},"excerpt":{"rendered":"<p>Por ACTA N\u00b0 04-2025 CD se autoriza desde el 26 de marzo al 21 de abril de 2025 la Inscripci\u00f3n para Presentaci\u00f3n de Proyectos en la figura del Ayudante de C\u00e1tedra de Nivel Superior, seg\u00fan Resoluci\u00f3n N\u00b0 1888\/07 CGE. Unidades curriculares y docentes que han comunicado la aceptaci\u00f3n de la figura de \u00abAyudante de c\u00e1tedra\u00bb &#8230; <a title=\"Ayudant\u00eda de c\u00e1tedra\" class=\"read-more\" href=\"https:\/\/iesparana-ers.infd.edu.ar\/sitio\/ayudantia-de-catedra\/\" aria-label=\"More on Ayudant\u00eda de c\u00e1tedra\">[+]<\/a><\/p>\n","protected":false},"author":328,"featured_media":0,"parent":0,"menu_order":0,"comment_status":"closed","ping_status":"closed","template":"","meta":[],"acf":[],"_links":{"self":[{"href":"https:\/\/iesparana-ers.infd.edu.ar\/sitio\/wp-json\/wp\/v2\/pages\/3284"}],"collection":[{"href":"https:\/\/iesparana-ers.infd.edu.ar\/sitio\/wp-json\/wp\/v2\/pages"}],"about":[{"href":"https:\/\/iesparana-ers.infd.edu.ar\/sitio\/wp-json\/wp\/v2\/types\/page"}],"author":[{"embeddable":true,"href":"https:\/\/iesparana-ers.infd.edu.ar\/sitio\/wp-json\/wp\/v2\/users\/328"}],"replies":[{"embeddable":true,"href":"https:\/\/iesparana-ers.infd.edu.ar\/sitio\/wp-json\/wp\/v2\/comments?post=3284"}],"version-history":[{"count":3,"href":"https:\/\/iesparana-ers.infd.edu.ar\/sitio\/wp-json\/wp\/v2\/pages\/3284\/revisions"}],"predecessor-version":[{"id":3290,"href":"https:\/\/iesparana-ers.infd.edu.ar\/sitio\/wp-json\/wp\/v2\/pages\/3284\/revisions\/3290"}],"wp:attachment":[{"href":"https:\/\/iesparana-ers.infd.edu.ar\/sitio\/wp-json\/wp\/v2\/media?parent=3284"}],"curies":[{"name":"wp","href":"https:\/\/api.w.org\/{rel}","templated":true}]}}