{"id":3306,"date":"2025-04-23T15:29:21","date_gmt":"2025-04-23T18:29:21","guid":{"rendered":"https:\/\/iesparana-ers.infd.edu.ar\/sitio\/?page_id=3306"},"modified":"2025-04-24T19:42:27","modified_gmt":"2025-04-24T22:42:27","slug":"mesas-evaluadoras-extraordinarias-de-mayo-2025","status":"publish","type":"page","link":"https:\/\/iesparana-ers.infd.edu.ar\/sitio\/mesas-evaluadoras-extraordinarias-de-mayo-2025\/","title":{"rendered":"Mesas evaluadoras extraordinarias de MAYO 2025"},"content":{"rendered":"\n<p class=\"has-small-font-size\"><\/p>\n\n\n\n<p>Se informa las fechas organizativas correspondientes a la <strong>solicitud de pedido de las Mesas Evaluadoras Extraordinarias, <\/strong>la Inscripci\u00f3n de estudiantes a la misma y el per\u00edodo de desarrollo. <\/p>\n\n\n\n<p>Las fechas establecidos por Cronograma Institucional son las siguientes: <\/p>\n\n\n\n<p class=\"has-accent-color has-text-color has-medium-font-size\"><strong>29 y 30 de abril<\/strong><\/p>\n\n\n\n<p>Solicitud de los estudiantes a trav\u00e9s de <strong>nota impresa<\/strong> para la organizaci\u00f3n y conformaci\u00f3n de las mesas establecidas por RAM, Resoluci\u00f3n N\u00b00249\/24CGE o situaciones particulares autorizadas por resoluci\u00f3n del Consejo Directivo Institucional.<\/p>\n\n\n\n<p>Las <strong>notas de Solicitud de Mesas Evaluadoras Extraordinarias<\/strong> deben solicitarlas y entregarlas al \u00c1rea de <strong>Preceptor\u00eda<\/strong>. <\/p>\n\n\n\n<p class=\"has-accent-color has-text-color has-medium-font-size\"><strong>12 y 13 de Mayo de 2025<\/strong><\/p>\n\n\n\n<p>Inscripci\u00f3n a las Mesas Evaluadoras de las Unidades Curriculares enmarcadas en la RES N\u00b0 0249\/24 CGE (o situaciones particulares autorizadas por resoluci\u00f3n del Consejo Directivo Institucional). <\/p>\n\n\n\n<p><strong>Solo los estudiantes que realizan la solicitud por nota impresa<\/strong> estar\u00e1n<strong> habilitados<\/strong> a inscribirse en <strong>forma online<\/strong>. En estas fechas recibir\u00e1n el enlace v\u00eda correo electr\u00f3nico (\u00c1rea Referente T\u00e9cnico institucional) <\/p>\n\n\n\n<p class=\"has-accent-color has-text-color has-medium-font-size\"><strong>19 al 23 de Mayo de 2025<\/strong><\/p>\n\n\n\n<p>Desarrollo de las Mesas Evaluadoras Extraordinarias.<\/p>\n\n\n\n<div class=\"wp-block-file\"><object class=\"wp-block-file__embed\" data=\"https:\/\/iesparana-ers.infd.edu.ar\/sitio\/wp-content\/uploads\/2025\/04\/COMUNICADO-06-2025-SA-MESA-EXTRAORDINARIA-MAYO-2025.pdf\" type=\"application\/pdf\" style=\"width:100%;height:600px\" aria-label=\"Incrustado de COMUNICADO-06-2025-SA-MESA-EXTRAORDINARIA-MAYO-2025.\"><\/object><a id=\"wp-block-file--media-806fb022-7114-4df5-b356-d0ac296d746e\" href=\"https:\/\/iesparana-ers.infd.edu.ar\/sitio\/wp-content\/uploads\/2025\/04\/COMUNICADO-06-2025-SA-MESA-EXTRAORDINARIA-MAYO-2025.pdf\">COMUNICADO-06-2025-SA-MESA-EXTRAORDINARIA-MAYO-2025<\/a><a href=\"https:\/\/iesparana-ers.infd.edu.ar\/sitio\/wp-content\/uploads\/2025\/04\/COMUNICADO-06-2025-SA-MESA-EXTRAORDINARIA-MAYO-2025.pdf\" class=\"wp-block-file__button wp-element-button\" download aria-describedby=\"wp-block-file--media-806fb022-7114-4df5-b356-d0ac296d746e\">Descarga<\/a><\/div>\n","protected":false},"excerpt":{"rendered":"<p>Se informa las fechas organizativas correspondientes a la solicitud de pedido de las Mesas Evaluadoras Extraordinarias, la Inscripci\u00f3n de estudiantes a la misma y el per\u00edodo de desarrollo. Las fechas establecidos por Cronograma Institucional son las siguientes: 29 y 30 de abril Solicitud de los estudiantes a trav\u00e9s de nota impresa para la organizaci\u00f3n y &#8230; <a title=\"Mesas evaluadoras extraordinarias de MAYO 2025\" class=\"read-more\" href=\"https:\/\/iesparana-ers.infd.edu.ar\/sitio\/mesas-evaluadoras-extraordinarias-de-mayo-2025\/\" aria-label=\"More on Mesas evaluadoras extraordinarias de MAYO 2025\">[+]<\/a><\/p>\n","protected":false},"author":1462,"featured_media":0,"parent":0,"menu_order":0,"comment_status":"closed","ping_status":"closed","template":"","meta":[],"acf":[],"_links":{"self":[{"href":"https:\/\/iesparana-ers.infd.edu.ar\/sitio\/wp-json\/wp\/v2\/pages\/3306"}],"collection":[{"href":"https:\/\/iesparana-ers.infd.edu.ar\/sitio\/wp-json\/wp\/v2\/pages"}],"about":[{"href":"https:\/\/iesparana-ers.infd.edu.ar\/sitio\/wp-json\/wp\/v2\/types\/page"}],"author":[{"embeddable":true,"href":"https:\/\/iesparana-ers.infd.edu.ar\/sitio\/wp-json\/wp\/v2\/users\/1462"}],"replies":[{"embeddable":true,"href":"https:\/\/iesparana-ers.infd.edu.ar\/sitio\/wp-json\/wp\/v2\/comments?post=3306"}],"version-history":[{"count":3,"href":"https:\/\/iesparana-ers.infd.edu.ar\/sitio\/wp-json\/wp\/v2\/pages\/3306\/revisions"}],"predecessor-version":[{"id":3312,"href":"https:\/\/iesparana-ers.infd.edu.ar\/sitio\/wp-json\/wp\/v2\/pages\/3306\/revisions\/3312"}],"wp:attachment":[{"href":"https:\/\/iesparana-ers.infd.edu.ar\/sitio\/wp-json\/wp\/v2\/media?parent=3306"}],"curies":[{"name":"wp","href":"https:\/\/api.w.org\/{rel}","templated":true}]}}