{"id":3333,"date":"2025-09-01T22:57:37","date_gmt":"2025-09-02T01:57:37","guid":{"rendered":"https:\/\/iesparana-ers.infd.edu.ar\/sitio\/?page_id=3333"},"modified":"2025-09-01T22:57:39","modified_gmt":"2025-09-02T01:57:39","slug":"comunicado-mesas-de-examenes-extraordinarias-septiembre-2025","status":"publish","type":"page","link":"https:\/\/iesparana-ers.infd.edu.ar\/sitio\/comunicado-mesas-de-examenes-extraordinarias-septiembre-2025\/","title":{"rendered":"Comunicado | Mesas de Ex\u00e1menes Extraordinarias | Septiembre 2025"},"content":{"rendered":"\n<p>El Instituto de Educaci\u00f3n Superior de Paran\u00e1 informa la apertura de mesas de examen extraordinarias para estudiantes del Profesorado, en el marco de la Resoluci\u00f3n N\u00ba0249\/24 del CGE.<\/p>\n\n\n\n<p>Podr\u00e1n inscribirse aquellos\/as estudiantes que se encuentren en las siguientes situaciones:<\/p>\n\n\n\n<ul>\n<li>Estudiantes que adeuden unidades curriculares correlativas a las Pr\u00e1cticas Docentes.<\/li>\n\n\n\n<li>Estudiantes que hayan finalizado el cursado y adeuden unidades curriculares cuya aprobaci\u00f3n les permita egresar.<\/li>\n<\/ul>\n\n\n\n<p><\/p>\n\n\n\n<p>Formulario de inscripci\u00f3n: habilitado a partir del jueves 4 de septiembre.<\/p>\n\n\n\n<p>Plazo de inscripci\u00f3n: del 4 al 8 de septiembre, inclusive.<\/p>\n\n\n\n<p>Fechas de ex\u00e1menes: del 22 al 26 de septiembre, sin suspensi\u00f3n de actividades, un solo turno.<\/p>\n\n\n\n<ul>\n<li>Para m\u00e1s informaci\u00f3n y consultas, dirigirse a Secretar\u00eda Acad\u00e9mica del IES Paran\u00e1 y\/o Preceptor\u00eda, o comunicarse a preceptoriaies64@gmail.com<\/li>\n<\/ul>\n","protected":false},"excerpt":{"rendered":"<p>El Instituto de Educaci\u00f3n Superior de Paran\u00e1 informa la apertura de mesas de examen extraordinarias para estudiantes del Profesorado, en el marco de la Resoluci\u00f3n N\u00ba0249\/24 del CGE. Podr\u00e1n inscribirse aquellos\/as estudiantes que se encuentren en las siguientes situaciones: Formulario de inscripci\u00f3n: habilitado a partir del jueves 4 de septiembre. Plazo de inscripci\u00f3n: del 4 &#8230; <a title=\"Comunicado | Mesas de Ex\u00e1menes Extraordinarias | Septiembre 2025\" class=\"read-more\" href=\"https:\/\/iesparana-ers.infd.edu.ar\/sitio\/comunicado-mesas-de-examenes-extraordinarias-septiembre-2025\/\" aria-label=\"More on Comunicado | Mesas de Ex\u00e1menes Extraordinarias | Septiembre 2025\">[+]<\/a><\/p>\n","protected":false},"author":1462,"featured_media":0,"parent":0,"menu_order":0,"comment_status":"closed","ping_status":"closed","template":"","meta":[],"acf":[],"_links":{"self":[{"href":"https:\/\/iesparana-ers.infd.edu.ar\/sitio\/wp-json\/wp\/v2\/pages\/3333"}],"collection":[{"href":"https:\/\/iesparana-ers.infd.edu.ar\/sitio\/wp-json\/wp\/v2\/pages"}],"about":[{"href":"https:\/\/iesparana-ers.infd.edu.ar\/sitio\/wp-json\/wp\/v2\/types\/page"}],"author":[{"embeddable":true,"href":"https:\/\/iesparana-ers.infd.edu.ar\/sitio\/wp-json\/wp\/v2\/users\/1462"}],"replies":[{"embeddable":true,"href":"https:\/\/iesparana-ers.infd.edu.ar\/sitio\/wp-json\/wp\/v2\/comments?post=3333"}],"version-history":[{"count":1,"href":"https:\/\/iesparana-ers.infd.edu.ar\/sitio\/wp-json\/wp\/v2\/pages\/3333\/revisions"}],"predecessor-version":[{"id":3334,"href":"https:\/\/iesparana-ers.infd.edu.ar\/sitio\/wp-json\/wp\/v2\/pages\/3333\/revisions\/3334"}],"wp:attachment":[{"href":"https:\/\/iesparana-ers.infd.edu.ar\/sitio\/wp-json\/wp\/v2\/media?parent=3333"}],"curies":[{"name":"wp","href":"https:\/\/api.w.org\/{rel}","templated":true}]}}