{"id":3361,"date":"2025-04-03T22:27:03","date_gmt":"2025-04-04T01:27:03","guid":{"rendered":"https:\/\/iesparana-ers.infd.edu.ar\/sitio\/?page_id=3361"},"modified":"2025-11-03T22:40:32","modified_gmt":"2025-11-04T01:40:32","slug":"diseno-curricular-profesorado-de-educacion-fisica","status":"publish","type":"page","link":"https:\/\/iesparana-ers.infd.edu.ar\/sitio\/diseno-curricular-profesorado-de-educacion-fisica\/","title":{"rendered":"Dise\u00f1o Curricular | Profesorado de Educaci\u00f3n F\u00edsica"},"content":{"rendered":"\n<p>El <strong>Dise\u00f1o Curricular del Profesorado de Educaci\u00f3n F\u00edsica<\/strong> es el documento que orienta y organiza la formaci\u00f3n de los futuros docentes del \u00e1rea. Establece los <strong>prop\u00f3sitos, ejes formativos, contenidos, enfoques pedag\u00f3gicos y criterios de evaluaci\u00f3n<\/strong> que gu\u00edan el desarrollo de la carrera. Su objetivo es garantizar una formaci\u00f3n integral que articule la pr\u00e1ctica corporal y motriz con la reflexi\u00f3n pedag\u00f3gica, el compromiso \u00e9tico y la comprensi\u00f3n cr\u00edtica del rol docente. <\/p>\n\n\n\n<p>De este modo, el dise\u00f1o curricular asegura la <strong>coherencia y calidad<\/strong> del proceso formativo en todas las instituciones de nivel superior que ofrecen el profesorado.<\/p>\n\n\n\n<p>Compartimos el acceso al dise\u00f1o curricular vigente bajo <a href=\"https:\/\/des-ers.infd.edu.ar\/sitio\/formacion-docente\/upload\/0979-17_CGE_Aprueba_Disen_o_Curricular_Profesorado_de_Educacion_Fisica.pdf\" data-type=\"URL\" data-id=\"https:\/\/des-ers.infd.edu.ar\/sitio\/formacion-docente\/upload\/0979-17_CGE_Aprueba_Disen_o_Curricular_Profesorado_de_Educacion_Fisica.pdf\">resoluci\u00f3n n\u00b0 0979\/17 CGE.<\/a><\/p>\n","protected":false},"excerpt":{"rendered":"<p>El Dise\u00f1o Curricular del Profesorado de Educaci\u00f3n F\u00edsica es el documento que orienta y organiza la formaci\u00f3n de los futuros docentes del \u00e1rea. Establece los prop\u00f3sitos, ejes formativos, contenidos, enfoques pedag\u00f3gicos y criterios de evaluaci\u00f3n que gu\u00edan el desarrollo de la carrera. Su objetivo es garantizar una formaci\u00f3n integral que articule la pr\u00e1ctica corporal y &#8230; <a title=\"Dise\u00f1o Curricular | Profesorado de Educaci\u00f3n F\u00edsica\" class=\"read-more\" href=\"https:\/\/iesparana-ers.infd.edu.ar\/sitio\/diseno-curricular-profesorado-de-educacion-fisica\/\" aria-label=\"More on Dise\u00f1o Curricular | Profesorado de Educaci\u00f3n F\u00edsica\">[+]<\/a><\/p>\n","protected":false},"author":1462,"featured_media":0,"parent":0,"menu_order":0,"comment_status":"closed","ping_status":"closed","template":"","meta":[],"acf":[],"_links":{"self":[{"href":"https:\/\/iesparana-ers.infd.edu.ar\/sitio\/wp-json\/wp\/v2\/pages\/3361"}],"collection":[{"href":"https:\/\/iesparana-ers.infd.edu.ar\/sitio\/wp-json\/wp\/v2\/pages"}],"about":[{"href":"https:\/\/iesparana-ers.infd.edu.ar\/sitio\/wp-json\/wp\/v2\/types\/page"}],"author":[{"embeddable":true,"href":"https:\/\/iesparana-ers.infd.edu.ar\/sitio\/wp-json\/wp\/v2\/users\/1462"}],"replies":[{"embeddable":true,"href":"https:\/\/iesparana-ers.infd.edu.ar\/sitio\/wp-json\/wp\/v2\/comments?post=3361"}],"version-history":[{"count":1,"href":"https:\/\/iesparana-ers.infd.edu.ar\/sitio\/wp-json\/wp\/v2\/pages\/3361\/revisions"}],"predecessor-version":[{"id":3362,"href":"https:\/\/iesparana-ers.infd.edu.ar\/sitio\/wp-json\/wp\/v2\/pages\/3361\/revisions\/3362"}],"wp:attachment":[{"href":"https:\/\/iesparana-ers.infd.edu.ar\/sitio\/wp-json\/wp\/v2\/media?parent=3361"}],"curies":[{"name":"wp","href":"https:\/\/api.w.org\/{rel}","templated":true}]}}