{"id":3380,"date":"2026-02-12T21:29:18","date_gmt":"2026-02-13T00:29:18","guid":{"rendered":"https:\/\/iesparana-ers.infd.edu.ar\/sitio\/?page_id=3380"},"modified":"2026-02-12T21:29:19","modified_gmt":"2026-02-13T00:29:19","slug":"inscripciones-mesas-evaluadoras-ordinarias-febrero-2026","status":"publish","type":"page","link":"https:\/\/iesparana-ers.infd.edu.ar\/sitio\/inscripciones-mesas-evaluadoras-ordinarias-febrero-2026\/","title":{"rendered":"Inscripciones | Mesas Evaluadoras Ordinarias | Febrero 2026"},"content":{"rendered":"\n<p>El Instituto de Educaci\u00f3n Superior de Paran\u00e1 informa la apertura de mesas evaluadoras ordinarias correspondientes al turno de <strong>Febrero\/Marzo 2026<\/strong> para estudiantes del Profesorado de Educaci\u00f3n F\u00edsica, en el marco de la Resoluci\u00f3n N\u00ba0249\/24 del CGE.<\/p>\n\n\n\n<p>Formulario de inscripci\u00f3n: habilitado a partir del jueves 12 de febrero.<\/p>\n\n\n\n<p>Plazo de inscripci\u00f3n: del 12 al 15 de febrero, inclusive.<\/p>\n\n\n\n<p>Fechas de ex\u00e1menes: del 23 de febrero al 6 de marzo.<\/p>\n\n\n\n<ul>\n<li>Para m\u00e1s informaci\u00f3n y consultas, dirigirse a Secretar\u00eda Acad\u00e9mica del IES Paran\u00e1 y\/o Preceptor\u00eda, o comunicarse a preceptoriaies64@gmail.com<\/li>\n<\/ul>\n\n\n\n<p><\/p>\n\n\n\n<p>Inscribite haciendo click en el siguiente enlace: <a rel=\"noreferrer noopener\" href=\"https:\/\/forms.gle\/VNjGrXgZvGJsDJEV6\" target=\"_blank\">https:\/\/forms.gle\/VNjGrXgZvGJsDJEV6<\/a><\/p>\n","protected":false},"excerpt":{"rendered":"<p>El Instituto de Educaci\u00f3n Superior de Paran\u00e1 informa la apertura de mesas evaluadoras ordinarias correspondientes al turno de Febrero\/Marzo 2026 para estudiantes del Profesorado de Educaci\u00f3n F\u00edsica, en el marco de la Resoluci\u00f3n N\u00ba0249\/24 del CGE. Formulario de inscripci\u00f3n: habilitado a partir del jueves 12 de febrero. Plazo de inscripci\u00f3n: del 12 al 15 de &#8230; <a title=\"Inscripciones | Mesas Evaluadoras Ordinarias | Febrero 2026\" class=\"read-more\" href=\"https:\/\/iesparana-ers.infd.edu.ar\/sitio\/inscripciones-mesas-evaluadoras-ordinarias-febrero-2026\/\" aria-label=\"More on Inscripciones | Mesas Evaluadoras Ordinarias | Febrero 2026\">[+]<\/a><\/p>\n","protected":false},"author":1462,"featured_media":0,"parent":0,"menu_order":0,"comment_status":"closed","ping_status":"closed","template":"","meta":[],"acf":[],"_links":{"self":[{"href":"https:\/\/iesparana-ers.infd.edu.ar\/sitio\/wp-json\/wp\/v2\/pages\/3380"}],"collection":[{"href":"https:\/\/iesparana-ers.infd.edu.ar\/sitio\/wp-json\/wp\/v2\/pages"}],"about":[{"href":"https:\/\/iesparana-ers.infd.edu.ar\/sitio\/wp-json\/wp\/v2\/types\/page"}],"author":[{"embeddable":true,"href":"https:\/\/iesparana-ers.infd.edu.ar\/sitio\/wp-json\/wp\/v2\/users\/1462"}],"replies":[{"embeddable":true,"href":"https:\/\/iesparana-ers.infd.edu.ar\/sitio\/wp-json\/wp\/v2\/comments?post=3380"}],"version-history":[{"count":1,"href":"https:\/\/iesparana-ers.infd.edu.ar\/sitio\/wp-json\/wp\/v2\/pages\/3380\/revisions"}],"predecessor-version":[{"id":3381,"href":"https:\/\/iesparana-ers.infd.edu.ar\/sitio\/wp-json\/wp\/v2\/pages\/3380\/revisions\/3381"}],"wp:attachment":[{"href":"https:\/\/iesparana-ers.infd.edu.ar\/sitio\/wp-json\/wp\/v2\/media?parent=3380"}],"curies":[{"name":"wp","href":"https:\/\/api.w.org\/{rel}","templated":true}]}}