{"id":3389,"date":"2026-03-02T08:06:00","date_gmt":"2026-03-02T11:06:00","guid":{"rendered":"https:\/\/iesparana-ers.infd.edu.ar\/sitio\/?page_id=3389"},"modified":"2026-03-02T08:06:03","modified_gmt":"2026-03-02T11:06:03","slug":"ciclo-introductorio-2026","status":"publish","type":"page","link":"https:\/\/iesparana-ers.infd.edu.ar\/sitio\/ciclo-introductorio-2026\/","title":{"rendered":"Ciclo Introductorio 2026"},"content":{"rendered":"\n<p>Informaci\u00f3n importante para ingresantes.<\/p>\n\n\n\n<p>Compartimos a ustedes el Cronograma de Actividades propuestas en el Ciclo Introductorio 2026 para el presente a\u00f1o acad\u00e9mico.<\/p>\n\n\n\n<p>All\u00ed podr\u00e1n encontrar los d\u00edas, horarios, unidades curriculares y\/o propuestas pedag\u00f3gicas previstas del 09 al 27 de marzo. Cualquier modificaci\u00f3n ser\u00e1 comunicada en las jornadas de cursado en el grupo introductorio o en el grupo de WhatsApp de delegados.<\/p>\n\n\n\n<p>Los esperamos y les deseamos un excelente inicio de cursado.&nbsp;<\/p>\n\n\n\n<div class=\"wp-block-file\"><object class=\"wp-block-file__embed\" data=\"https:\/\/iesparana-ers.infd.edu.ar\/sitio\/wp-content\/uploads\/2026\/03\/CICLO-INTRODUCTORIO-2026-CRONOGRAMA.pdf\" type=\"application\/pdf\" style=\"width:100%;height:600px\" aria-label=\"Incrustado de CICLO-INTRODUCTORIO-2026-CRONOGRAMA.\"><\/object><a id=\"wp-block-file--media-feee1726-21ff-4bdb-aa93-2c4b9b6515cd\" href=\"https:\/\/iesparana-ers.infd.edu.ar\/sitio\/wp-content\/uploads\/2026\/03\/CICLO-INTRODUCTORIO-2026-CRONOGRAMA.pdf\">CICLO-INTRODUCTORIO-2026-CRONOGRAMA<\/a><a href=\"https:\/\/iesparana-ers.infd.edu.ar\/sitio\/wp-content\/uploads\/2026\/03\/CICLO-INTRODUCTORIO-2026-CRONOGRAMA.pdf\" class=\"wp-block-file__button wp-element-button\" download aria-describedby=\"wp-block-file--media-feee1726-21ff-4bdb-aa93-2c4b9b6515cd\">Descarga<\/a><\/div>\n","protected":false},"excerpt":{"rendered":"<p>Informaci\u00f3n importante para ingresantes. Compartimos a ustedes el Cronograma de Actividades propuestas en el Ciclo Introductorio 2026 para el presente a\u00f1o acad\u00e9mico. All\u00ed podr\u00e1n encontrar los d\u00edas, horarios, unidades curriculares y\/o propuestas pedag\u00f3gicas previstas del 09 al 27 de marzo. Cualquier modificaci\u00f3n ser\u00e1 comunicada en las jornadas de cursado en el grupo introductorio o en &#8230; <a title=\"Ciclo Introductorio 2026\" class=\"read-more\" href=\"https:\/\/iesparana-ers.infd.edu.ar\/sitio\/ciclo-introductorio-2026\/\" aria-label=\"More on Ciclo Introductorio 2026\">[+]<\/a><\/p>\n","protected":false},"author":1462,"featured_media":0,"parent":0,"menu_order":0,"comment_status":"closed","ping_status":"closed","template":"","meta":[],"acf":[],"_links":{"self":[{"href":"https:\/\/iesparana-ers.infd.edu.ar\/sitio\/wp-json\/wp\/v2\/pages\/3389"}],"collection":[{"href":"https:\/\/iesparana-ers.infd.edu.ar\/sitio\/wp-json\/wp\/v2\/pages"}],"about":[{"href":"https:\/\/iesparana-ers.infd.edu.ar\/sitio\/wp-json\/wp\/v2\/types\/page"}],"author":[{"embeddable":true,"href":"https:\/\/iesparana-ers.infd.edu.ar\/sitio\/wp-json\/wp\/v2\/users\/1462"}],"replies":[{"embeddable":true,"href":"https:\/\/iesparana-ers.infd.edu.ar\/sitio\/wp-json\/wp\/v2\/comments?post=3389"}],"version-history":[{"count":1,"href":"https:\/\/iesparana-ers.infd.edu.ar\/sitio\/wp-json\/wp\/v2\/pages\/3389\/revisions"}],"predecessor-version":[{"id":3391,"href":"https:\/\/iesparana-ers.infd.edu.ar\/sitio\/wp-json\/wp\/v2\/pages\/3389\/revisions\/3391"}],"wp:attachment":[{"href":"https:\/\/iesparana-ers.infd.edu.ar\/sitio\/wp-json\/wp\/v2\/media?parent=3389"}],"curies":[{"name":"wp","href":"https:\/\/api.w.org\/{rel}","templated":true}]}}