{"id":3413,"date":"2026-04-13T22:53:56","date_gmt":"2026-04-14T01:53:56","guid":{"rendered":"https:\/\/iesparana-ers.infd.edu.ar\/sitio\/?page_id=3413"},"modified":"2026-04-13T22:58:23","modified_gmt":"2026-04-14T01:58:23","slug":"becas-del-instituto-becario","status":"publish","type":"page","link":"https:\/\/iesparana-ers.infd.edu.ar\/sitio\/becas-del-instituto-becario\/","title":{"rendered":"Becas del Instituto Becario"},"content":{"rendered":"\n<p>Convocatoria a las Becas del Instituto Becario de Entre R\u00edos. <\/p>\n\n\n\n<p>Compartimos informaci\u00f3n sobre la convocatoria actual de solicitudes de becas Nivel Superior por parte del instituto Becario de Entre R\u00edos. A continuaci\u00f3n se podr\u00e1 ver los datos necesarios y los pasos para solicitar las Becas. <\/p>\n\n\n\n<figure class=\"wp-block-image size-full\"><img decoding=\"async\" loading=\"lazy\" width=\"995\" height=\"1280\" src=\"https:\/\/iesparana-ers.infd.edu.ar\/sitio\/wp-content\/uploads\/2026\/04\/IMG-20260413-WA0025-1-1.jpg\" alt=\"\" class=\"wp-image-3414\" srcset=\"https:\/\/iesparana-ers.infd.edu.ar\/sitio\/wp-content\/uploads\/2026\/04\/IMG-20260413-WA0025-1-1.jpg 995w, https:\/\/iesparana-ers.infd.edu.ar\/sitio\/wp-content\/uploads\/2026\/04\/IMG-20260413-WA0025-1-1-777x1000.jpg 777w, https:\/\/iesparana-ers.infd.edu.ar\/sitio\/wp-content\/uploads\/2026\/04\/IMG-20260413-WA0025-1-1-768x988.jpg 768w\" sizes=\"(max-width: 995px) 100vw, 995px\" \/><\/figure>\n\n\n\n<figure class=\"wp-block-image size-full\"><img decoding=\"async\" loading=\"lazy\" width=\"995\" height=\"1280\" src=\"https:\/\/iesparana-ers.infd.edu.ar\/sitio\/wp-content\/uploads\/2026\/04\/IMG-20260413-WA0027-1-1.jpg\" alt=\"\" class=\"wp-image-3415\" srcset=\"https:\/\/iesparana-ers.infd.edu.ar\/sitio\/wp-content\/uploads\/2026\/04\/IMG-20260413-WA0027-1-1.jpg 995w, https:\/\/iesparana-ers.infd.edu.ar\/sitio\/wp-content\/uploads\/2026\/04\/IMG-20260413-WA0027-1-1-777x1000.jpg 777w, https:\/\/iesparana-ers.infd.edu.ar\/sitio\/wp-content\/uploads\/2026\/04\/IMG-20260413-WA0027-1-1-768x988.jpg 768w\" sizes=\"(max-width: 995px) 100vw, 995px\" \/><\/figure>\n\n\n\n<figure class=\"wp-block-image size-full\"><img decoding=\"async\" loading=\"lazy\" width=\"995\" height=\"1280\" src=\"https:\/\/iesparana-ers.infd.edu.ar\/sitio\/wp-content\/uploads\/2026\/04\/IMG-20260413-WA0026-1-1.jpg\" alt=\"\" class=\"wp-image-3416\" srcset=\"https:\/\/iesparana-ers.infd.edu.ar\/sitio\/wp-content\/uploads\/2026\/04\/IMG-20260413-WA0026-1-1.jpg 995w, https:\/\/iesparana-ers.infd.edu.ar\/sitio\/wp-content\/uploads\/2026\/04\/IMG-20260413-WA0026-1-1-777x1000.jpg 777w, https:\/\/iesparana-ers.infd.edu.ar\/sitio\/wp-content\/uploads\/2026\/04\/IMG-20260413-WA0026-1-1-768x988.jpg 768w\" sizes=\"(max-width: 995px) 100vw, 995px\" \/><\/figure>\n","protected":false},"excerpt":{"rendered":"<p>Convocatoria a las Becas del Instituto Becario de Entre R\u00edos. Compartimos informaci\u00f3n sobre la convocatoria actual de solicitudes de becas Nivel Superior por parte del instituto Becario de Entre R\u00edos. A continuaci\u00f3n se podr\u00e1 ver los datos necesarios y los pasos para solicitar las Becas.<\/p>\n","protected":false},"author":2327,"featured_media":0,"parent":0,"menu_order":0,"comment_status":"closed","ping_status":"closed","template":"","meta":[],"acf":[],"_links":{"self":[{"href":"https:\/\/iesparana-ers.infd.edu.ar\/sitio\/wp-json\/wp\/v2\/pages\/3413"}],"collection":[{"href":"https:\/\/iesparana-ers.infd.edu.ar\/sitio\/wp-json\/wp\/v2\/pages"}],"about":[{"href":"https:\/\/iesparana-ers.infd.edu.ar\/sitio\/wp-json\/wp\/v2\/types\/page"}],"author":[{"embeddable":true,"href":"https:\/\/iesparana-ers.infd.edu.ar\/sitio\/wp-json\/wp\/v2\/users\/2327"}],"replies":[{"embeddable":true,"href":"https:\/\/iesparana-ers.infd.edu.ar\/sitio\/wp-json\/wp\/v2\/comments?post=3413"}],"version-history":[{"count":2,"href":"https:\/\/iesparana-ers.infd.edu.ar\/sitio\/wp-json\/wp\/v2\/pages\/3413\/revisions"}],"predecessor-version":[{"id":3419,"href":"https:\/\/iesparana-ers.infd.edu.ar\/sitio\/wp-json\/wp\/v2\/pages\/3413\/revisions\/3419"}],"wp:attachment":[{"href":"https:\/\/iesparana-ers.infd.edu.ar\/sitio\/wp-json\/wp\/v2\/media?parent=3413"}],"curies":[{"name":"wp","href":"https:\/\/api.w.org\/{rel}","templated":true}]}}