{"id":3420,"date":"2026-04-14T19:26:48","date_gmt":"2026-04-14T22:26:48","guid":{"rendered":"https:\/\/iesparana-ers.infd.edu.ar\/sitio\/?page_id=3420"},"modified":"2026-04-14T19:27:21","modified_gmt":"2026-04-14T22:27:21","slug":"primera-convocatiora-del-programa-progresar","status":"publish","type":"page","link":"https:\/\/iesparana-ers.infd.edu.ar\/sitio\/primera-convocatiora-del-programa-progresar\/","title":{"rendered":"Primera Convocatiora del Programa Progresar"},"content":{"rendered":"\n<p>Informarmamos que el Ministerio de Capital Humano, a trav\u00e9s de la Secretar\u00eda de Educaci\u00f3n, ha iniciado la\u00a0<strong>Primera Convocatoria 2026 del Programa\u00a0Progresar.<\/strong><\/p>\n\n\n\n<p>Esta pol\u00edtica p\u00fablica tiene como objetivo acompa\u00f1ar a los j\u00f3venes en la finalizaci\u00f3n de su educaci\u00f3n obligatoria, estudios superiores o formaci\u00f3n profesional.<\/p>\n\n\n\n<p>En particular, los aspirantes a la l\u00ednea&nbsp;<strong>Progresar&nbsp;Superior<\/strong>&nbsp;podr\u00e1n inscribirse desde el&nbsp;<strong>7 de abril hasta el 30 de abril.<br><\/strong><br>A continuaci\u00f3n, se detallan los puntos clave para esta etapa:<\/p>\n\n\n\n<p><strong>Inscripci\u00f3n:<\/strong><br>Para iniciar el proceso, los postulantes deber\u00e1n contar con un usuario propio en&nbsp;<strong>Mi Argentina<\/strong>. Este paso es fundamental para certificar la identidad de forma directa y sin intermediarios.<\/p>\n\n\n\n<p><strong>Requisitos:<\/strong><br>Se mantienen vigentes las condiciones de edad e ingresos, as\u00ed como la acreditaci\u00f3n de asistencia y avance acad\u00e9mico.<\/p>\n\n\n\n<div class=\"wp-block-file\"><object class=\"wp-block-file__embed\" data=\"https:\/\/iesparana-ers.infd.edu.ar\/sitio\/wp-content\/uploads\/2026\/04\/Brief-Progresar-Superior-2026_Baja-1.pdf\" type=\"application\/pdf\" style=\"width:100%;height:600px\" aria-label=\"Incrustado de Brief-Progresar-Superior-2026.\"><\/object><a id=\"wp-block-file--media-ead3a23a-8079-48ab-9d5e-6b7f624a23ed\" href=\"https:\/\/iesparana-ers.infd.edu.ar\/sitio\/wp-content\/uploads\/2026\/04\/Brief-Progresar-Superior-2026_Baja-1.pdf\">Brief-Progresar-Superior-2026<\/a><a href=\"https:\/\/iesparana-ers.infd.edu.ar\/sitio\/wp-content\/uploads\/2026\/04\/Brief-Progresar-Superior-2026_Baja-1.pdf\" class=\"wp-block-file__button wp-element-button\" download aria-describedby=\"wp-block-file--media-ead3a23a-8079-48ab-9d5e-6b7f624a23ed\">Descarga<\/a><\/div>\n\n\n\n<div class=\"wp-block-file\"><object class=\"wp-block-file__embed\" data=\"https:\/\/iesparana-ers.infd.edu.ar\/sitio\/wp-content\/uploads\/2026\/04\/Instructivo-de-inscripcion-Superior-2026-1.pdf\" type=\"application\/pdf\" style=\"width:100%;height:600px\" aria-label=\"Incrustado de Instructivo de Inscripci\u00f3n.\"><\/object><a id=\"wp-block-file--media-f35a2a1d-aa96-4915-94cc-42cd8f9985fb\" href=\"https:\/\/iesparana-ers.infd.edu.ar\/sitio\/wp-content\/uploads\/2026\/04\/Instructivo-de-inscripcion-Superior-2026-1.pdf\">Instructivo de Inscripci\u00f3n<\/a><a href=\"https:\/\/iesparana-ers.infd.edu.ar\/sitio\/wp-content\/uploads\/2026\/04\/Instructivo-de-inscripcion-Superior-2026-1.pdf\" class=\"wp-block-file__button wp-element-button\" download aria-describedby=\"wp-block-file--media-f35a2a1d-aa96-4915-94cc-42cd8f9985fb\">Descarga<\/a><\/div>\n","protected":false},"excerpt":{"rendered":"<p>Informarmamos que el Ministerio de Capital Humano, a trav\u00e9s de la Secretar\u00eda de Educaci\u00f3n, ha iniciado la\u00a0Primera Convocatoria 2026 del Programa\u00a0Progresar. Esta pol\u00edtica p\u00fablica tiene como objetivo acompa\u00f1ar a los j\u00f3venes en la finalizaci\u00f3n de su educaci\u00f3n obligatoria, estudios superiores o formaci\u00f3n profesional. En particular, los aspirantes a la l\u00ednea&nbsp;Progresar&nbsp;Superior&nbsp;podr\u00e1n inscribirse desde el&nbsp;7 de abril &#8230; <a title=\"Primera Convocatiora del Programa Progresar\" class=\"read-more\" href=\"https:\/\/iesparana-ers.infd.edu.ar\/sitio\/primera-convocatiora-del-programa-progresar\/\" aria-label=\"More on Primera Convocatiora del Programa Progresar\">[+]<\/a><\/p>\n","protected":false},"author":2327,"featured_media":0,"parent":0,"menu_order":0,"comment_status":"closed","ping_status":"closed","template":"","meta":[],"acf":[],"_links":{"self":[{"href":"https:\/\/iesparana-ers.infd.edu.ar\/sitio\/wp-json\/wp\/v2\/pages\/3420"}],"collection":[{"href":"https:\/\/iesparana-ers.infd.edu.ar\/sitio\/wp-json\/wp\/v2\/pages"}],"about":[{"href":"https:\/\/iesparana-ers.infd.edu.ar\/sitio\/wp-json\/wp\/v2\/types\/page"}],"author":[{"embeddable":true,"href":"https:\/\/iesparana-ers.infd.edu.ar\/sitio\/wp-json\/wp\/v2\/users\/2327"}],"replies":[{"embeddable":true,"href":"https:\/\/iesparana-ers.infd.edu.ar\/sitio\/wp-json\/wp\/v2\/comments?post=3420"}],"version-history":[{"count":2,"href":"https:\/\/iesparana-ers.infd.edu.ar\/sitio\/wp-json\/wp\/v2\/pages\/3420\/revisions"}],"predecessor-version":[{"id":3424,"href":"https:\/\/iesparana-ers.infd.edu.ar\/sitio\/wp-json\/wp\/v2\/pages\/3420\/revisions\/3424"}],"wp:attachment":[{"href":"https:\/\/iesparana-ers.infd.edu.ar\/sitio\/wp-json\/wp\/v2\/media?parent=3420"}],"curies":[{"name":"wp","href":"https:\/\/api.w.org\/{rel}","templated":true}]}}