{"id":761,"date":"2018-08-30T14:39:51","date_gmt":"2018-08-30T17:39:51","guid":{"rendered":"https:\/\/iesparana-ers.infd.edu.ar\/sitio\/profesorado-de-educacion-fisica\/"},"modified":"2022-02-14T11:49:47","modified_gmt":"2022-02-14T14:49:47","slug":"profesorado-de-educacion-fisica","status":"publish","type":"page","link":"https:\/\/iesparana-ers.infd.edu.ar\/sitio\/profesorado-de-educacion-fisica\/","title":{"rendered":"Profesorado de Educaci\u00f3n F\u00edsica"},"content":{"rendered":"<p>Ubicaci\u00f3n: Corriente 353<\/p>\n<p>Horario: de 19 a 23 Hs. de Lunes a Viernes.<\/p>\n<p style=\"text-align: center;\"><img decoding=\"async\" loading=\"lazy\" class=\"alignnone  wp-image-2111\" src=\"https:\/\/iesparana-ers.infd.edu.ar\/sitio\/wp-content\/uploads\/2022\/02\/a-marco.jpg\" alt=\"\" width=\"329\" height=\"474\" \/><\/p>\n","protected":false},"excerpt":{"rendered":"<p>Ubicaci\u00f3n: Corriente 353 Horario: de 19 a 23 Hs. de Lunes a Viernes.<\/p>\n","protected":false},"author":328,"featured_media":0,"parent":0,"menu_order":0,"comment_status":"closed","ping_status":"closed","template":"","meta":[],"acf":[],"_links":{"self":[{"href":"https:\/\/iesparana-ers.infd.edu.ar\/sitio\/wp-json\/wp\/v2\/pages\/761"}],"collection":[{"href":"https:\/\/iesparana-ers.infd.edu.ar\/sitio\/wp-json\/wp\/v2\/pages"}],"about":[{"href":"https:\/\/iesparana-ers.infd.edu.ar\/sitio\/wp-json\/wp\/v2\/types\/page"}],"author":[{"embeddable":true,"href":"https:\/\/iesparana-ers.infd.edu.ar\/sitio\/wp-json\/wp\/v2\/users\/328"}],"replies":[{"embeddable":true,"href":"https:\/\/iesparana-ers.infd.edu.ar\/sitio\/wp-json\/wp\/v2\/comments?post=761"}],"version-history":[{"count":6,"href":"https:\/\/iesparana-ers.infd.edu.ar\/sitio\/wp-json\/wp\/v2\/pages\/761\/revisions"}],"predecessor-version":[{"id":2112,"href":"https:\/\/iesparana-ers.infd.edu.ar\/sitio\/wp-json\/wp\/v2\/pages\/761\/revisions\/2112"}],"wp:attachment":[{"href":"https:\/\/iesparana-ers.infd.edu.ar\/sitio\/wp-json\/wp\/v2\/media?parent=761"}],"curies":[{"name":"wp","href":"https:\/\/api.w.org\/{rel}","templated":true}]}}