{"id":763,"date":"2018-08-30T14:39:52","date_gmt":"2018-08-30T17:39:52","guid":{"rendered":"https:\/\/iesparana-ers.infd.edu.ar\/sitio\/profesorado-de-educacion-secundaria-de-la-modalidad-tecnico-profesional\/"},"modified":"2022-07-25T21:15:22","modified_gmt":"2022-07-26T00:15:22","slug":"profesorado-de-educacion-secundaria-de-la-modalidad-tecnico-profesional","status":"publish","type":"page","link":"https:\/\/iesparana-ers.infd.edu.ar\/sitio\/profesorado-de-educacion-secundaria-de-la-modalidad-tecnico-profesional\/","title":{"rendered":"Profesorado de Educaci\u00f3n Secundaria de la Modalidad T\u00e9cnico Profesional"},"content":{"rendered":"<h2 style=\"text-align: center;\">Profesorado de Educaci\u00f3n Secundaria de la Modalidad T\u00e9cnico Profesional en concurrencia a Titulo Base<\/h2>\n<h5><strong>Ubicaci\u00f3n: Sede de la carrera, Blas Parera 1055, Paran\u00e1 &#8211; Sede del instituto, Corrientes 353 Paran\u00e1.<\/strong><\/h5>\n<h5><strong>Correo: profesorado.tec.prof.iesparana@gmail.com<\/strong><\/h5>\n<h5><strong>Horario: Viernes de 14 a 21 Hs. y S\u00e1bados de 8\u00a0 a 13 Hs.<\/strong><\/h5>\n<p><img decoding=\"async\" loading=\"lazy\" class=\"aligncenter\" style=\"vertical-align: middle;\" src=\"https:\/\/iesparana-ers.infd.edu.ar\/aula\/archivos\/repositorio\/0\/25\/grosos_portada.jpg\" alt=\"\" width=\"815\" height=\"612\" border=\"0\" \/><\/p>\n\n\n<pre class=\"wp-block-code\"><code>\n<\/code><\/pre>\n","protected":false},"excerpt":{"rendered":"<p>Profesorado de Educaci\u00f3n Secundaria de la Modalidad T\u00e9cnico Profesional en concurrencia a Titulo Base Ubicaci\u00f3n: Sede de la carrera, Blas Parera 1055, Paran\u00e1 &#8211; Sede del instituto, Corrientes 353 Paran\u00e1. Correo: profesorado.tec.prof.iesparana@gmail.com Horario: Viernes de 14 a 21 Hs. y S\u00e1bados de 8\u00a0 a 13 Hs.<\/p>\n","protected":false},"author":328,"featured_media":0,"parent":0,"menu_order":0,"comment_status":"closed","ping_status":"closed","template":"","meta":[],"acf":[],"_links":{"self":[{"href":"https:\/\/iesparana-ers.infd.edu.ar\/sitio\/wp-json\/wp\/v2\/pages\/763"}],"collection":[{"href":"https:\/\/iesparana-ers.infd.edu.ar\/sitio\/wp-json\/wp\/v2\/pages"}],"about":[{"href":"https:\/\/iesparana-ers.infd.edu.ar\/sitio\/wp-json\/wp\/v2\/types\/page"}],"author":[{"embeddable":true,"href":"https:\/\/iesparana-ers.infd.edu.ar\/sitio\/wp-json\/wp\/v2\/users\/328"}],"replies":[{"embeddable":true,"href":"https:\/\/iesparana-ers.infd.edu.ar\/sitio\/wp-json\/wp\/v2\/comments?post=763"}],"version-history":[{"count":11,"href":"https:\/\/iesparana-ers.infd.edu.ar\/sitio\/wp-json\/wp\/v2\/pages\/763\/revisions"}],"predecessor-version":[{"id":2381,"href":"https:\/\/iesparana-ers.infd.edu.ar\/sitio\/wp-json\/wp\/v2\/pages\/763\/revisions\/2381"}],"wp:attachment":[{"href":"https:\/\/iesparana-ers.infd.edu.ar\/sitio\/wp-json\/wp\/v2\/media?parent=763"}],"curies":[{"name":"wp","href":"https:\/\/api.w.org\/{rel}","templated":true}]}}