{"id":785,"date":"2018-08-30T14:40:02","date_gmt":"2018-08-30T17:40:02","guid":{"rendered":"https:\/\/iesparana-ers.infd.edu.ar\/sitio\/datos-institucionales\/"},"modified":"2025-08-26T20:07:08","modified_gmt":"2025-08-26T23:07:08","slug":"datos-institucionales","status":"publish","type":"page","link":"https:\/\/iesparana-ers.infd.edu.ar\/sitio\/datos-institucionales\/","title":{"rendered":"El IES"},"content":{"rendered":"<p><strong><span style=\"font-family: verdana; font-size: 14pt;\">INSTITUTO DE EDUCACION SUPERIOR DE PARAN\u00c1<\/span><\/strong><\/p>\n<p><span style=\"font-family: verdana; font-size: 14pt;\">Sede central: Corrientes 353 | Paran\u00e1 | Entre R\u00edos<\/span><\/p>\n<p><span style=\"font-family: verdana; font-size: 14pt;\">Horario: de 19 a 23h<\/span><\/p>\n<p><span style=\"font-family: verdana; font-size: 14pt;\">Tel\u00e9fono de contacto: 0343 &#8211; 4840531<\/span><\/p>\n<p><span style=\"font-family: verdana; font-size: 14pt;\">e-mail: ies.pn@entrerios.edu.ar<\/span><\/p>\n<p><span style=\"font-family: verdana; font-size: 14pt;\">En redes: ies_parana<\/span><\/p>\n<p><span style=\"font-family: verdana; font-size: 14pt;\">web:\u00a0http:\/\/iesparana-ers.infd.edu.ar<\/span><\/p>\n<p><span style=\"font-family: verdana; font-size: 14pt;\"><img decoding=\"async\" loading=\"lazy\" class=\"alignnone size-full wp-image-979 aligncenter\" src=\"https:\/\/iesparana-ers.infd.edu.ar\/sitio\/wp-content\/uploads\/2018\/12\/sarmiento1-759x500.jpg\" alt=\"\" width=\"759\" height=\"500\" \/><\/span><\/p>\n<p style=\"text-align: center;\">\n","protected":false},"excerpt":{"rendered":"<p>INSTITUTO DE EDUCACION SUPERIOR DE PARAN\u00c1 Sede central: Corrientes 353 | Paran\u00e1 | Entre R\u00edos Horario: de 19 a 23h Tel\u00e9fono de contacto: 0343 &#8211; 4840531 e-mail: ies.pn@entrerios.edu.ar En redes: ies_parana web:\u00a0http:\/\/iesparana-ers.infd.edu.ar<\/p>\n","protected":false},"author":328,"featured_media":0,"parent":0,"menu_order":0,"comment_status":"closed","ping_status":"closed","template":"","meta":[],"acf":[],"_links":{"self":[{"href":"https:\/\/iesparana-ers.infd.edu.ar\/sitio\/wp-json\/wp\/v2\/pages\/785"}],"collection":[{"href":"https:\/\/iesparana-ers.infd.edu.ar\/sitio\/wp-json\/wp\/v2\/pages"}],"about":[{"href":"https:\/\/iesparana-ers.infd.edu.ar\/sitio\/wp-json\/wp\/v2\/types\/page"}],"author":[{"embeddable":true,"href":"https:\/\/iesparana-ers.infd.edu.ar\/sitio\/wp-json\/wp\/v2\/users\/328"}],"replies":[{"embeddable":true,"href":"https:\/\/iesparana-ers.infd.edu.ar\/sitio\/wp-json\/wp\/v2\/comments?post=785"}],"version-history":[{"count":5,"href":"https:\/\/iesparana-ers.infd.edu.ar\/sitio\/wp-json\/wp\/v2\/pages\/785\/revisions"}],"predecessor-version":[{"id":3316,"href":"https:\/\/iesparana-ers.infd.edu.ar\/sitio\/wp-json\/wp\/v2\/pages\/785\/revisions\/3316"}],"wp:attachment":[{"href":"https:\/\/iesparana-ers.infd.edu.ar\/sitio\/wp-json\/wp\/v2\/media?parent=785"}],"curies":[{"name":"wp","href":"https:\/\/api.w.org\/{rel}","templated":true}]}}