{"id":795,"date":"2018-08-30T14:40:05","date_gmt":"2018-08-30T17:40:05","guid":{"rendered":"https:\/\/iesparana-ers.infd.edu.ar\/sitio\/autoridades\/"},"modified":"2025-08-21T21:20:42","modified_gmt":"2025-08-22T00:20:42","slug":"autoridades","status":"publish","type":"page","link":"https:\/\/iesparana-ers.infd.edu.ar\/sitio\/autoridades\/","title":{"rendered":"Autoridades"},"content":{"rendered":"\n<p><\/p>\n\n\n\n<p><strong>Rectora<\/strong><\/p>\n\n\n\n<p>Mar\u00eda Jos\u00e9 Schonfeld<\/p>\n\n\n\n<p><\/p>\n\n\n\n<p><strong>Secretario Administrativo<\/strong><\/p>\n\n\n\n<p>Rub\u00e9n Gonz\u00e1lez<\/p>\n\n\n\n<p><\/p>\n\n\n\n<p><strong>Secretaria Acad\u00e9mica<\/strong><\/p>\n\n\n\n<p>Juliana Gericke<\/p>\n","protected":false},"excerpt":{"rendered":"<p>Rectora Mar\u00eda Jos\u00e9 Schonfeld Secretario Administrativo Rub\u00e9n Gonz\u00e1lez Secretaria Acad\u00e9mica Juliana Gericke<\/p>\n","protected":false},"author":328,"featured_media":0,"parent":0,"menu_order":0,"comment_status":"closed","ping_status":"closed","template":"","meta":[],"acf":[],"_links":{"self":[{"href":"https:\/\/iesparana-ers.infd.edu.ar\/sitio\/wp-json\/wp\/v2\/pages\/795"}],"collection":[{"href":"https:\/\/iesparana-ers.infd.edu.ar\/sitio\/wp-json\/wp\/v2\/pages"}],"about":[{"href":"https:\/\/iesparana-ers.infd.edu.ar\/sitio\/wp-json\/wp\/v2\/types\/page"}],"author":[{"embeddable":true,"href":"https:\/\/iesparana-ers.infd.edu.ar\/sitio\/wp-json\/wp\/v2\/users\/328"}],"replies":[{"embeddable":true,"href":"https:\/\/iesparana-ers.infd.edu.ar\/sitio\/wp-json\/wp\/v2\/comments?post=795"}],"version-history":[{"count":17,"href":"https:\/\/iesparana-ers.infd.edu.ar\/sitio\/wp-json\/wp\/v2\/pages\/795\/revisions"}],"predecessor-version":[{"id":3314,"href":"https:\/\/iesparana-ers.infd.edu.ar\/sitio\/wp-json\/wp\/v2\/pages\/795\/revisions\/3314"}],"wp:attachment":[{"href":"https:\/\/iesparana-ers.infd.edu.ar\/sitio\/wp-json\/wp\/v2\/media?parent=795"}],"curies":[{"name":"wp","href":"https:\/\/api.w.org\/{rel}","templated":true}]}}