{"id":809,"date":"2018-08-30T14:40:10","date_gmt":"2018-08-30T17:40:10","guid":{"rendered":"https:\/\/iesparana-ers.infd.edu.ar\/sitio\/cursado\/"},"modified":"2019-04-29T20:02:59","modified_gmt":"2019-04-29T23:02:59","slug":"cursado","status":"publish","type":"page","link":"https:\/\/iesparana-ers.infd.edu.ar\/sitio\/cursado\/","title":{"rendered":"Cursado 2019"},"content":{"rendered":"<p style=\"text-align: center;\">Inscripci\u00f3n Cursado 2019<\/p>\n<p>Para realizar el cursado en el ciclo lectivo 2019 deben completar en el formulario el a\u00f1o y divisi\u00f3n en que cursaran. (Por ejemplo si inician el 3er a\u00f1o de cursado y tienen que recursar espacios curriculares de 2do o 1ro solo deben inscribirse en 3ro)<\/p>\n<p>Para completar la matriculaci\u00f3n se solicita la colaboraci\u00f3n para gastos administrativos y del seguro por accidentes y traslado el pago de $350. <span style=\"color: #ff0000;\">Llevar la impresi\u00f3n del presente formulario para su sellado.<\/span><\/p>\n<p>Link:\u00a0<a href=\"https:\/\/docs.google.com\/forms\/d\/e\/1FAIpQLSda8dPb1NrtbTDBSAcNkJOWjBreXN4vT1J4v6KRCxR-_szoJA\/viewform?usp=sf_link\">https:\/\/docs.google.com\/forms\/d\/e\/1FAIpQLSda8dPb1NrtbTDBSAcNkJOWjBreXN4vT1J4v6KRCxR-_szoJA\/viewform?usp=sf_link<\/a><\/p>\n<p>&nbsp;<\/p>\n<p>&nbsp;<\/p>\n","protected":false},"excerpt":{"rendered":"<p>Inscripci\u00f3n Cursado 2019 Para realizar el cursado en el ciclo lectivo 2019 deben completar en el formulario el a\u00f1o y divisi\u00f3n en que cursaran. (Por ejemplo si inician el 3er a\u00f1o de cursado y tienen que recursar espacios curriculares de 2do o 1ro solo deben inscribirse en 3ro) Para completar la matriculaci\u00f3n se solicita la &#8230; <a title=\"Cursado 2019\" class=\"read-more\" href=\"https:\/\/iesparana-ers.infd.edu.ar\/sitio\/cursado\/\" aria-label=\"More on Cursado 2019\">[+]<\/a><\/p>\n","protected":false},"author":328,"featured_media":0,"parent":0,"menu_order":0,"comment_status":"closed","ping_status":"closed","template":"","meta":[],"acf":[],"_links":{"self":[{"href":"https:\/\/iesparana-ers.infd.edu.ar\/sitio\/wp-json\/wp\/v2\/pages\/809"}],"collection":[{"href":"https:\/\/iesparana-ers.infd.edu.ar\/sitio\/wp-json\/wp\/v2\/pages"}],"about":[{"href":"https:\/\/iesparana-ers.infd.edu.ar\/sitio\/wp-json\/wp\/v2\/types\/page"}],"author":[{"embeddable":true,"href":"https:\/\/iesparana-ers.infd.edu.ar\/sitio\/wp-json\/wp\/v2\/users\/328"}],"replies":[{"embeddable":true,"href":"https:\/\/iesparana-ers.infd.edu.ar\/sitio\/wp-json\/wp\/v2\/comments?post=809"}],"version-history":[{"count":6,"href":"https:\/\/iesparana-ers.infd.edu.ar\/sitio\/wp-json\/wp\/v2\/pages\/809\/revisions"}],"predecessor-version":[{"id":1195,"href":"https:\/\/iesparana-ers.infd.edu.ar\/sitio\/wp-json\/wp\/v2\/pages\/809\/revisions\/1195"}],"wp:attachment":[{"href":"https:\/\/iesparana-ers.infd.edu.ar\/sitio\/wp-json\/wp\/v2\/media?parent=809"}],"curies":[{"name":"wp","href":"https:\/\/api.w.org\/{rel}","templated":true}]}}