{"id":814,"date":"2018-08-30T14:40:12","date_gmt":"2018-08-30T17:40:12","guid":{"rendered":"https:\/\/iesparana-ers.infd.edu.ar\/sitio\/autoridades-2\/"},"modified":"2019-08-29T16:52:42","modified_gmt":"2019-08-29T19:52:42","slug":"autoridades-2","status":"publish","type":"page","link":"https:\/\/iesparana-ers.infd.edu.ar\/sitio\/autoridades-2\/","title":{"rendered":"Autoridades"},"content":{"rendered":"<p style=\"text-align: center;\"><span style=\"font-size: 12pt;\"><strong>Integrantes del Centro de Estudiantes<\/strong><\/span><\/p>\n<p><strong>Presidente: <\/strong><\/p>\n<p>Aldo Camaratta<\/p>\n<p><strong>Secretaria General:<\/strong><\/p>\n<p>Micaela Troncoso<\/p>\n<p><strong>Secretar\u00eda de cuerpo de delegados:<\/strong><\/p>\n<p>Sol Iarce<\/p>\n<p>Abi Rufiner.<\/p>\n<p><strong>Secretar\u00eda de Finanzas:<\/strong><\/p>\n<p>amandu Leguiza<\/p>\n<p>Agustin Bottazzi.<\/p>\n<p><strong>Secretar\u00eda de Comunicaci\u00f3n:<\/strong><\/p>\n<p>Valentin Cano<\/p>\n<p>Anto Fornero.<\/p>\n<p><strong>Secretar\u00eda de extensi\u00f3n:<\/strong><\/p>\n<p>Karen Rufiner<\/p>\n<p>Samuel Kaiser.<\/p>\n<p><strong>Secretar\u00eda de Deportes:<\/strong><\/p>\n<p>Jeremias Melchiori<\/p>\n<p>Anto Vurgo.<\/p>\n<p>&nbsp;<\/p>\n","protected":false},"excerpt":{"rendered":"<p>Integrantes del Centro de Estudiantes Presidente: Aldo Camaratta Secretaria General: Micaela Troncoso Secretar\u00eda de cuerpo de delegados: Sol Iarce Abi Rufiner. Secretar\u00eda de Finanzas: amandu Leguiza Agustin Bottazzi. Secretar\u00eda de Comunicaci\u00f3n: Valentin Cano Anto Fornero. Secretar\u00eda de extensi\u00f3n: Karen Rufiner Samuel Kaiser. Secretar\u00eda de Deportes: Jeremias Melchiori Anto Vurgo. &nbsp;<\/p>\n","protected":false},"author":328,"featured_media":0,"parent":0,"menu_order":0,"comment_status":"closed","ping_status":"closed","template":"","meta":[],"acf":[],"_links":{"self":[{"href":"https:\/\/iesparana-ers.infd.edu.ar\/sitio\/wp-json\/wp\/v2\/pages\/814"}],"collection":[{"href":"https:\/\/iesparana-ers.infd.edu.ar\/sitio\/wp-json\/wp\/v2\/pages"}],"about":[{"href":"https:\/\/iesparana-ers.infd.edu.ar\/sitio\/wp-json\/wp\/v2\/types\/page"}],"author":[{"embeddable":true,"href":"https:\/\/iesparana-ers.infd.edu.ar\/sitio\/wp-json\/wp\/v2\/users\/328"}],"replies":[{"embeddable":true,"href":"https:\/\/iesparana-ers.infd.edu.ar\/sitio\/wp-json\/wp\/v2\/comments?post=814"}],"version-history":[{"count":3,"href":"https:\/\/iesparana-ers.infd.edu.ar\/sitio\/wp-json\/wp\/v2\/pages\/814\/revisions"}],"predecessor-version":[{"id":1418,"href":"https:\/\/iesparana-ers.infd.edu.ar\/sitio\/wp-json\/wp\/v2\/pages\/814\/revisions\/1418"}],"wp:attachment":[{"href":"https:\/\/iesparana-ers.infd.edu.ar\/sitio\/wp-json\/wp\/v2\/media?parent=814"}],"curies":[{"name":"wp","href":"https:\/\/api.w.org\/{rel}","templated":true}]}}