{"id":830,"date":"2018-08-30T14:40:20","date_gmt":"2018-08-30T17:40:20","guid":{"rendered":"https:\/\/iesparana-ers.infd.edu.ar\/sitio\/horarios\/"},"modified":"2023-02-27T22:28:13","modified_gmt":"2023-02-28T01:28:13","slug":"horarios","status":"publish","type":"page","link":"https:\/\/iesparana-ers.infd.edu.ar\/sitio\/horarios\/","title":{"rendered":"HORARIOS"},"content":{"rendered":"<h1 style=\"text-align: center;\"><strong>HORARIOS 2023 &#8211; Prof. EDUCA\u00d3N F\u00cdSICA<\/strong><\/h1>\n<h4><strong>PRIMER A\u00d1O<\/strong><\/h4>\n<p style=\"text-align: center;\"><img decoding=\"async\" loading=\"lazy\" class=\"alignnone  wp-image-2622\" src=\"https:\/\/iesparana-ers.infd.edu.ar\/sitio\/wp-content\/uploads\/2023\/02\/1-ab.jpg\" alt=\"\" width=\"791\" height=\"1107\" \/><\/p>\n<h4><strong>SEGUNDO A\u00d1O<\/strong><\/h4>\n<p style=\"text-align: center;\"><img decoding=\"async\" loading=\"lazy\" class=\"alignnone  wp-image-2623\" src=\"https:\/\/iesparana-ers.infd.edu.ar\/sitio\/wp-content\/uploads\/2023\/02\/2-ab.jpg\" alt=\"\" width=\"803\" height=\"1051\" \/><\/p>\n<h4><strong>TERCER A\u00d1O<\/strong><\/h4>\n<p style=\"text-align: center;\"><img decoding=\"async\" loading=\"lazy\" class=\"alignnone  wp-image-2624\" src=\"https:\/\/iesparana-ers.infd.edu.ar\/sitio\/wp-content\/uploads\/2023\/02\/3ab.jpg\" alt=\"\" width=\"790\" height=\"1173\" \/><\/p>\n<h4><strong>CUARTO A\u00d1O<\/strong><\/h4>\n<p style=\"text-align: center;\"><img decoding=\"async\" loading=\"lazy\" class=\"alignnone  wp-image-2625\" src=\"https:\/\/iesparana-ers.infd.edu.ar\/sitio\/wp-content\/uploads\/2023\/02\/4-ab.jpg\" alt=\"\" width=\"813\" height=\"997\" \/><\/p>\n<p style=\"text-align: center;\">\n<p style=\"text-align: center;\">\n<p style=\"text-align: center;\">\n<p style=\"text-align: center;\">\n<p style=\"text-align: center;\">\n<p style=\"text-align: center;\">\n<p style=\"text-align: center;\">\n<p style=\"text-align: center;\">\n<p style=\"text-align: center;\">\n<p style=\"text-align: center;\">\n<p style=\"text-align: center;\">\n<p style=\"text-align: center;\">\n<p style=\"text-align: center;\">\n<p style=\"text-align: center;\">\n","protected":false},"excerpt":{"rendered":"<p>HORARIOS 2023 &#8211; Prof. EDUCA\u00d3N F\u00cdSICA PRIMER A\u00d1O SEGUNDO A\u00d1O TERCER A\u00d1O CUARTO A\u00d1O<\/p>\n","protected":false},"author":328,"featured_media":0,"parent":0,"menu_order":0,"comment_status":"closed","ping_status":"closed","template":"","meta":[],"acf":[],"_links":{"self":[{"href":"https:\/\/iesparana-ers.infd.edu.ar\/sitio\/wp-json\/wp\/v2\/pages\/830"}],"collection":[{"href":"https:\/\/iesparana-ers.infd.edu.ar\/sitio\/wp-json\/wp\/v2\/pages"}],"about":[{"href":"https:\/\/iesparana-ers.infd.edu.ar\/sitio\/wp-json\/wp\/v2\/types\/page"}],"author":[{"embeddable":true,"href":"https:\/\/iesparana-ers.infd.edu.ar\/sitio\/wp-json\/wp\/v2\/users\/328"}],"replies":[{"embeddable":true,"href":"https:\/\/iesparana-ers.infd.edu.ar\/sitio\/wp-json\/wp\/v2\/comments?post=830"}],"version-history":[{"count":30,"href":"https:\/\/iesparana-ers.infd.edu.ar\/sitio\/wp-json\/wp\/v2\/pages\/830\/revisions"}],"predecessor-version":[{"id":2628,"href":"https:\/\/iesparana-ers.infd.edu.ar\/sitio\/wp-json\/wp\/v2\/pages\/830\/revisions\/2628"}],"wp:attachment":[{"href":"https:\/\/iesparana-ers.infd.edu.ar\/sitio\/wp-json\/wp\/v2\/media?parent=830"}],"curies":[{"name":"wp","href":"https:\/\/api.w.org\/{rel}","templated":true}]}}