{"id":832,"date":"2018-08-30T14:40:20","date_gmt":"2018-08-30T17:40:20","guid":{"rendered":"https:\/\/iesparana-ers.infd.edu.ar\/sitio\/2018-inscripcion-carreras\/"},"modified":"2019-09-26T20:38:47","modified_gmt":"2019-09-26T23:38:47","slug":"2018-inscripcion-carreras","status":"publish","type":"page","link":"https:\/\/iesparana-ers.infd.edu.ar\/sitio\/2018-inscripcion-carreras\/","title":{"rendered":"Preinscripci\u00f3n 2020"},"content":{"rendered":"<p style=\"text-align: center;\">Inscripci\u00f3n 2020<\/p>\n<p>Para completar el formulario es necesario contar con <b>correo electr\u00f3nico activo (personal del ingresante)<\/b>, donde recibir\u00e1 la confirmaci\u00f3n del env\u00edo del formulario e imprimirlo. <strong>Luego asistir con la documentaci\u00f3n solicitada\u00a0<strong>completa junto con el formulario de preinscripci\u00f3n impreso<\/strong><\/strong>.<\/p>\n<p>Requisitos:<\/p>\n<p>pegar Archivo PC Grande&#8230;&#8230;<\/p>\n<p>Link:<\/p>\n<p>&nbsp;<\/p>\n","protected":false},"excerpt":{"rendered":"<p>Inscripci\u00f3n 2020 Para completar el formulario es necesario contar con correo electr\u00f3nico activo (personal del ingresante), donde recibir\u00e1 la confirmaci\u00f3n del env\u00edo del formulario e imprimirlo. Luego asistir con la documentaci\u00f3n solicitada\u00a0completa junto con el formulario de preinscripci\u00f3n impreso. Requisitos: pegar Archivo PC Grande&#8230;&#8230; Link: &nbsp;<\/p>\n","protected":false},"author":328,"featured_media":0,"parent":0,"menu_order":0,"comment_status":"closed","ping_status":"closed","template":"","meta":[],"acf":[],"_links":{"self":[{"href":"https:\/\/iesparana-ers.infd.edu.ar\/sitio\/wp-json\/wp\/v2\/pages\/832"}],"collection":[{"href":"https:\/\/iesparana-ers.infd.edu.ar\/sitio\/wp-json\/wp\/v2\/pages"}],"about":[{"href":"https:\/\/iesparana-ers.infd.edu.ar\/sitio\/wp-json\/wp\/v2\/types\/page"}],"author":[{"embeddable":true,"href":"https:\/\/iesparana-ers.infd.edu.ar\/sitio\/wp-json\/wp\/v2\/users\/328"}],"replies":[{"embeddable":true,"href":"https:\/\/iesparana-ers.infd.edu.ar\/sitio\/wp-json\/wp\/v2\/comments?post=832"}],"version-history":[{"count":3,"href":"https:\/\/iesparana-ers.infd.edu.ar\/sitio\/wp-json\/wp\/v2\/pages\/832\/revisions"}],"predecessor-version":[{"id":1443,"href":"https:\/\/iesparana-ers.infd.edu.ar\/sitio\/wp-json\/wp\/v2\/pages\/832\/revisions\/1443"}],"wp:attachment":[{"href":"https:\/\/iesparana-ers.infd.edu.ar\/sitio\/wp-json\/wp\/v2\/media?parent=832"}],"curies":[{"name":"wp","href":"https:\/\/api.w.org\/{rel}","templated":true}]}}