{"id":898,"date":"2018-09-27T21:29:26","date_gmt":"2018-09-28T00:29:26","guid":{"rendered":"https:\/\/iesparana-ers.infd.edu.ar\/sitio\/?page_id=898"},"modified":"2023-09-14T20:31:36","modified_gmt":"2023-09-14T23:31:36","slug":"pre-inscripcion-cohorte-219","status":"publish","type":"page","link":"https:\/\/iesparana-ers.infd.edu.ar\/sitio\/pre-inscripcion-cohorte-219\/","title":{"rendered":"INGRESANTES 2023"},"content":{"rendered":"<h2 style=\"text-align: center;\"><strong>\u00a0 <\/strong><\/h2>\n<h4 style=\"text-align: center;\"><span style=\"color: #008000;\">Horarios ciclo introductorio<\/span><\/h4>\n<p style=\"text-align: center;\"><a href=\"https:\/\/iesparana-ers.infd.edu.ar\/sitio\/wp-content\/uploads\/2023\/03\/Ingreso-ciclo-lectivo-2023-actualizado.pdf\">Ingreso ciclo lectivo 2023<\/a><\/p>\n<p style=\"text-align: center;\">\n<h4 style=\"text-align: left;\"><strong>Documentaci\u00f3n Solicitada para la Inscripci\u00f3n <span style=\"color: #ff0000;\">sin excepci\u00f3n COMPLETA.<\/span><\/strong><\/h4>\n<h5>Carpeta marr\u00f3n de tres solapas, A4 y\u00a02 fotos 4\u00d74. (carnet) para legajo del alumno con documentaci\u00f3n organizada de la siguiente manera:<\/h5>\n<h5>Folio 1: \u201cFormulario de Inscripci\u00f3n\u201d completado v\u00eda OnLine. (<span style=\"color: #ff0000;\">Luego de completar el formulario llega automaticamente al correo. imprimirlo desde el men\u00fa de impresi\u00f3n del propio correo, del alumno<span style=\"color: #000000;\">).<\/span><\/span><\/h5>\n<h5>Folio 2: DNI fotocopia de ambos lados. (<span style=\"color: #ff0000;\">en una sola pagina<\/span>)<\/h5>\n<h5>Folio 3: Partida de nacimiento (<span style=\"color: #ff0000;\">actualizada no m\u00e1s de 6 meses<\/span>).<\/h5>\n<h5>Folio 4: Constancia de CUIL. (<strong>ANSES<\/strong> Web: <u><a href=\"http:\/\/servicioswww.anses.gov.ar\/ConstanciadeCuil2\/Inicio.aspx\">http:\/\/servicioswww.anses.gov.ar\/ConstanciadeCuil2\/Inicio.aspx<\/a><\/u>)<\/h5>\n<h5>Folio 5: Anal\u00edtico de estudios secundarios, certificado de fiscalizaci\u00f3n de estudios o constancia de cursado del \u00faltimo a\u00f1o.<\/h5>\n<h5>Folio 6: Ficha m\u00e9dica Junto con Electrocardiograma y Ergometr\u00eda. (<span style=\"color: #ff0000;\">la ficha medica se retira al momento de entregar la documentaci\u00f3n anteriormente solicitada y luego del <em><strong>pago voluntario de cooperadora<\/strong><\/em>) la mencionada ficha debe ser completada los profesionales, se entrega junto con el electrocardiograma y ergometr\u00eda<\/span>).ESTOS ESTUDIOS M\u00c9DICOS TIENE QUE ESTAR PRESENTADOS ANTES DE COMENZAR EL CURSADO.<\/h5>\n<h5 style=\"text-align: center;\"><\/h5>\n","protected":false},"excerpt":{"rendered":"<p>\u00a0 Horarios ciclo introductorio Ingreso ciclo lectivo 2023 Documentaci\u00f3n Solicitada para la Inscripci\u00f3n sin excepci\u00f3n COMPLETA. Carpeta marr\u00f3n de tres solapas, A4 y\u00a02 fotos 4\u00d74. (carnet) para legajo del alumno con documentaci\u00f3n organizada de la siguiente manera: Folio 1: \u201cFormulario de Inscripci\u00f3n\u201d completado v\u00eda OnLine. (Luego de completar el formulario llega automaticamente al correo. imprimirlo &#8230; <a title=\"INGRESANTES 2023\" class=\"read-more\" href=\"https:\/\/iesparana-ers.infd.edu.ar\/sitio\/pre-inscripcion-cohorte-219\/\" aria-label=\"More on INGRESANTES 2023\">[+]<\/a><\/p>\n","protected":false},"author":23,"featured_media":0,"parent":0,"menu_order":0,"comment_status":"closed","ping_status":"closed","template":"","meta":[],"acf":[],"_links":{"self":[{"href":"https:\/\/iesparana-ers.infd.edu.ar\/sitio\/wp-json\/wp\/v2\/pages\/898"}],"collection":[{"href":"https:\/\/iesparana-ers.infd.edu.ar\/sitio\/wp-json\/wp\/v2\/pages"}],"about":[{"href":"https:\/\/iesparana-ers.infd.edu.ar\/sitio\/wp-json\/wp\/v2\/types\/page"}],"author":[{"embeddable":true,"href":"https:\/\/iesparana-ers.infd.edu.ar\/sitio\/wp-json\/wp\/v2\/users\/23"}],"replies":[{"embeddable":true,"href":"https:\/\/iesparana-ers.infd.edu.ar\/sitio\/wp-json\/wp\/v2\/comments?post=898"}],"version-history":[{"count":91,"href":"https:\/\/iesparana-ers.infd.edu.ar\/sitio\/wp-json\/wp\/v2\/pages\/898\/revisions"}],"predecessor-version":[{"id":2799,"href":"https:\/\/iesparana-ers.infd.edu.ar\/sitio\/wp-json\/wp\/v2\/pages\/898\/revisions\/2799"}],"wp:attachment":[{"href":"https:\/\/iesparana-ers.infd.edu.ar\/sitio\/wp-json\/wp\/v2\/media?parent=898"}],"curies":[{"name":"wp","href":"https:\/\/api.w.org\/{rel}","templated":true}]}}